{"id":8702,"date":"2023-04-03T12:41:01","date_gmt":"2023-04-03T14:41:01","guid":{"rendered":"http:\/\/berry-lights.lt\/?post_type=product&#038;p=8702"},"modified":"2023-08-23T04:41:26","modified_gmt":"2023-08-23T06:41:26","slug":"apyranke-peace","status":"publish","type":"product","link":"https:\/\/berry-lights.lt\/uk\/prekes\/apyranke-peace\/","title":{"rendered":"\u0411\u0440\u0430\u0441\u043b\u0435\u0442 \u041c\u0418\u0420"},"content":{"rendered":"<p><em>\u041f\u043e\u0434\u0456\u043b\u0456\u0442\u044c\u0441\u044f, \u0434\u0435 \u043f\u0440\u0438\u043a\u0440\u0430\u0441\u0438 Berry lights \u043e\u0441\u0435\u043b\u0438\u043b\u0438\u0441\u044f - \u043d\u0430\u0434\u0441\u0438\u043b\u0430\u0439\u0442\u0435 \u0444\u043e\u0442\u043e\u00a0<a href=\"mailto:info@berry-lights.lt\" target=\"_blank\">info@berry-lights.lt<\/a>\u00a0\u0430\u0431\u043e \u043f\u0456\u0434\u043d\u0456\u043c\u0456\u0442\u044c \u043f\u0440\u044f\u043c\u043e \u043d\u0430\u00a0<a href=\"https:\/\/www.facebook.com\/berry-lights.lt\" target=\"_blank\">FB<\/a>\u00a0\u0421\u0442\u0456\u043d\u0438!\u00a0<span id=\"react-root\"><span data-reactid=\".0.1.0.0:0.1.1.2\"><span data-reactid=\".0.1.0.0:0.1.1.2.0\">\u2661<\/span><\/span><\/span><\/em><\/p>","protected":false},"excerpt":{"rendered":"<p>\u0420\u043e\u0437\u043c\u0456\u0440 \u0431\u0440\u0430\u0441\u043b\u0435\u0442\u0430 \u0443\u043d\u0456\u0432\u0435\u0440\u0441\u0430\u043b\u044c\u043d\u0438\u0439, \u0440\u0435\u0433\u0443\u043b\u044e\u0454\u0442\u044c\u0441\u044f \u0437\u0430 \u0434\u043e\u043f\u043e\u043c\u043e\u0433\u043e\u044e \u0440\u043e\u0437\u0441\u0443\u0432\u043d\u043e\u0433\u043e \u0432\u0443\u0437\u043b\u0430.<\/p>\n<ul>\n<li>\u0427\u0435\u0440\u0432\u043e\u043d\u0430 \u0430\u0431\u043e \u0447\u043e\u0440\u043d\u0430 \u043d\u0435\u0439\u043b\u043e\u043d\u043e\u0432\u0430 \u043d\u0438\u0442\u043a\u0430 \u043c\u0456\u0446\u043d\u0430 \u0456 \u043c\u0456\u0446\u043d\u0430, \u0442\u043e\u043c\u0443 \u0431\u0440\u0430\u0441\u043b\u0435\u0442 \u043c\u043e\u0436\u043d\u0430 \u043d\u043e\u0441\u0438\u0442\u0438 \u0449\u043e\u0434\u043d\u044f.<\/li>\n<li>\u0411\u0440\u0430\u0441\u043b\u0435\u0442 \u0443\u043f\u0430\u043a\u043e\u0432\u0430\u043d\u0438\u0439 \u0432 \u0431\u0456\u043b\u0443 \u0430\u0431\u043e \u043a\u043e\u0440\u0438\u0447\u043d\u0435\u0432\u0443 \u043a\u0430\u0440\u0442\u043e\u043d\u043d\u0443 \u043a\u043e\u0440\u043e\u0431\u043a\u0443 - \u0456\u0434\u0435\u0430\u043b\u044c\u043d\u043e \u043f\u0456\u0434\u0445\u043e\u0434\u0438\u0442\u044c \u0434\u043b\u044f \u043f\u043e\u0434\u0430\u0440\u0443\u043d\u043a\u0430!<\/li>\n<li>\u042f\u043a\u0449\u043e \u0432\u0438 \u0445\u043e\u0447\u0435\u0442\u0435 \u0432\u043b\u0430\u0441\u043d\u0438\u0439 \u043d\u0430\u043f\u0438\u0441 - \u0456\u043c'\u044f \u0430\u0431\u043e \u0441\u043b\u043e\u0432\u043e, \u044f\u043a\u0435 \u0434\u043b\u044f \u0432\u0430\u0441 \u0449\u043e\u0441\u044c \u043e\u0437\u043d\u0430\u0447\u0430\u0454 - \u043f\u0438\u0448\u0456\u0442\u044c \u0443 \u043a\u043e\u043c\u0435\u043d\u0442\u0430\u0440\u044f\u0445, \u0456 \u043c\u0438 \u0437\u0440\u043e\u0431\u0438\u043c\u043e \u0439\u043e\u0433\u043e \u0434\u043b\u044f \u0432\u0430\u0441 \u043f\u0440\u043e\u0442\u044f\u0433\u043e\u043c 1-2 \u0434\u043d\u0456\u0432.<\/li>\n<\/ul>","protected":false},"featured_media":8703,"template":"","meta":[],"product_cat":[49],"product_tag":[],"acf":[],"yoast_head":"<!-- This site is optimized with the Yoast SEO Premium plugin v20.8 (Yoast SEO v20.9) - https:\/\/yoast.com\/wordpress\/plugins\/seo\/ -->\n<title>Apyrank\u0117 PEACE - Berry Lights<\/title>\n<meta name=\"robots\" content=\"index, follow, max-snippet:-1, max-image-preview:large, max-video-preview:-1\" \/>\n<link rel=\"canonical\" href=\"https:\/\/berry-lights.lt\/uk\/prekes\/apyranke-peace\/\" \/>\n<meta property=\"og:locale\" content=\"uk_UA\" \/>\n<meta property=\"og:type\" content=\"article\" \/>\n<meta property=\"og:title\" content=\"Apyrank\u0117 PEACE\" \/>\n<meta property=\"og:description\" content=\"Apyrank\u0117s dydis universalus, reguliuojamas slankiojan\u010diu mazgu.   Nailoninis raudonas ar juodas si\u016blas - tvirtas ir stiprus, tod\u0117l apyrank\u0119 galima ne\u0161ioti kiekvien\u0105 dien\u0105.  Apyrank\u0117 supakuota balto ar rudo\u00a0kartono d\u0117\u017eut\u0117je \u2013 puikiai tiks dovanoti !  Jei nori savo u\u017era\u0161o - vardo ar tau reik\u0161mingo \u017eod\u017eio - para\u0161yk komentaruose ir mes Tau pagaminsime j\u0105 per 1-2 d.d.\" \/>\n<meta property=\"og:url\" content=\"https:\/\/berry-lights.lt\/uk\/prekes\/apyranke-peace\/\" \/>\n<meta property=\"og:site_name\" content=\"Berry Lights\" \/>\n<meta property=\"article:publisher\" content=\"https:\/\/www.facebook.com\/berry-lights.lt\/\" \/>\n<meta property=\"article:modified_time\" content=\"2023-08-23T06:41:26+00:00\" \/>\n<meta property=\"og:image\" content=\"https:\/\/berry-lights.lt\/wp-content\/uploads\/2023\/04\/20230403_170441-modified-1024x1024.png\" \/>\n\t<meta property=\"og:image:width\" content=\"1024\" \/>\n\t<meta property=\"og:image:height\" content=\"1024\" \/>\n\t<meta property=\"og:image:type\" content=\"image\/png\" \/>\n<meta name=\"twitter:card\" content=\"summary_large_image\" \/>\n<meta name=\"twitter:label1\" content=\"\u0414\u043e\u0441\u0442\u0443\u043f\u043d\u0456\u0441\u0442\u044c\" \/>\n\t<meta name=\"twitter:data1\" content=\"\u041d\u0430 \u0441\u043a\u043b\u0430\u0434\u0456\" \/>\n<script type=\"application\/ld+json\" class=\"yoast-schema-graph\">{\"@context\":\"https:\/\/schema.org\",\"@graph\":[{\"@type\":\"WebPage\",\"@id\":\"https:\/\/berry-lights.lt\/prekes\/apyranke-peace\/\",\"url\":\"https:\/\/berry-lights.lt\/prekes\/apyranke-peace\/\",\"name\":\"Apyrank\u0117 PEACE - Berry Lights\",\"isPartOf\":{\"@id\":\"https:\/\/berry-lights.lt\/#website\"},\"datePublished\":\"2023-04-03T14:41:01+00:00\",\"dateModified\":\"2023-08-23T06:41:26+00:00\",\"breadcrumb\":{\"@id\":\"https:\/\/berry-lights.lt\/prekes\/apyranke-peace\/#breadcrumb\"},\"inLanguage\":\"uk\",\"potentialAction\":[{\"@type\":\"ReadAction\",\"target\":[\"https:\/\/berry-lights.lt\/prekes\/apyranke-peace\/\"]}]},{\"@type\":\"BreadcrumbList\",\"@id\":\"https:\/\/berry-lights.lt\/prekes\/apyranke-peace\/#breadcrumb\",\"itemListElement\":[{\"@type\":\"ListItem\",\"position\":1,\"name\":\"Pagrindinis\",\"item\":\"https:\/\/berry-lights.lt\/\"},{\"@type\":\"ListItem\",\"position\":2,\"name\":\"Prek\u0117s\",\"item\":\"https:\/\/berry-lights.lt\/prekes\/\"},{\"@type\":\"ListItem\",\"position\":3,\"name\":\"Apyrank\u0117s\",\"item\":\"https:\/\/berry-lights.lt\/produkto-kategorija\/apyrankes\/\"},{\"@type\":\"ListItem\",\"position\":4,\"name\":\"Apyrank\u0117s su si\u016blu\",\"item\":\"https:\/\/berry-lights.lt\/produkto-kategorija\/apyrankes\/apyrankes-su-siulu\/\"},{\"@type\":\"ListItem\",\"position\":5,\"name\":\"Apyrank\u0117 PEACE\"}]},{\"@type\":\"WebSite\",\"@id\":\"https:\/\/berry-lights.lt\/#website\",\"url\":\"https:\/\/berry-lights.lt\/\",\"name\":\"Berry Lights\",\"description\":\"\",\"publisher\":{\"@id\":\"https:\/\/berry-lights.lt\/#organization\"},\"potentialAction\":[{\"@type\":\"SearchAction\",\"target\":{\"@type\":\"EntryPoint\",\"urlTemplate\":\"https:\/\/berry-lights.lt\/?s={search_term_string}\"},\"query-input\":\"required name=search_term_string\"}],\"inLanguage\":\"uk\"},{\"@type\":\"Organization\",\"@id\":\"https:\/\/berry-lights.lt\/#organization\",\"name\":\"Kodilas, MB\",\"url\":\"https:\/\/berry-lights.lt\/\",\"logo\":{\"@type\":\"ImageObject\",\"inLanguage\":\"uk\",\"@id\":\"https:\/\/berry-lights.lt\/#\/schema\/logo\/image\/\",\"url\":\"https:\/\/berry-lights.lt\/wp-content\/uploads\/2023\/05\/BERRYLIGHTS_LOGO_LAST.svg\",\"contentUrl\":\"https:\/\/berry-lights.lt\/wp-content\/uploads\/2023\/05\/BERRYLIGHTS_LOGO_LAST.svg\",\"width\":448,\"height\":67,\"caption\":\"Kodilas, MB\"},\"image\":{\"@id\":\"https:\/\/berry-lights.lt\/#\/schema\/logo\/image\/\"},\"sameAs\":[\"https:\/\/www.facebook.com\/berry-lights.lt\/\",\"https:\/\/www.instagram.com\/berry-lights.lt\/\"]}]}<\/script>\n<meta property=\"og:availability\" content=\"instock\" \/>\n<meta property=\"product:availability\" content=\"instock\" \/>\n<meta property=\"product:condition\" content=\"new\" \/>\n<!-- \/ Yoast SEO Premium plugin. -->","yoast_head_json":{"title":"Apyrank\u0117 PEACE - Berry Lights","robots":{"index":"index","follow":"follow","max-snippet":"max-snippet:-1","max-image-preview":"max-image-preview:large","max-video-preview":"max-video-preview:-1"},"canonical":"https:\/\/berry-lights.lt\/uk\/prekes\/apyranke-peace\/","og_locale":"uk_UA","og_type":"article","og_title":"Apyrank\u0117 PEACE","og_description":"Apyrank\u0117s dydis universalus, reguliuojamas slankiojan\u010diu mazgu.   Nailoninis raudonas ar juodas si\u016blas - tvirtas ir stiprus, tod\u0117l apyrank\u0119 galima ne\u0161ioti kiekvien\u0105 dien\u0105.  Apyrank\u0117 supakuota balto ar rudo\u00a0kartono d\u0117\u017eut\u0117je \u2013 puikiai tiks dovanoti !  Jei nori savo u\u017era\u0161o - vardo ar tau reik\u0161mingo \u017eod\u017eio - para\u0161yk komentaruose ir mes Tau pagaminsime j\u0105 per 1-2 d.d.","og_url":"https:\/\/berry-lights.lt\/uk\/prekes\/apyranke-peace\/","og_site_name":"Berry Lights","article_publisher":"https:\/\/www.facebook.com\/berry-lights.lt\/","article_modified_time":"2023-08-23T06:41:26+00:00","og_image":[{"width":1024,"height":1024,"url":"https:\/\/berry-lights.lt\/wp-content\/uploads\/2023\/04\/20230403_170441-modified-1024x1024.png","type":"image\/png"}],"twitter_card":"summary_large_image","twitter_misc":{"\u0414\u043e\u0441\u0442\u0443\u043f\u043d\u0456\u0441\u0442\u044c":"\u041d\u0430 \u0441\u043a\u043b\u0430\u0434\u0456"},"schema":{"@context":"https:\/\/schema.org","@graph":[{"@type":"WebPage","@id":"https:\/\/berry-lights.lt\/prekes\/apyranke-peace\/","url":"https:\/\/berry-lights.lt\/prekes\/apyranke-peace\/","name":"Apyrank\u0117 PEACE - Berry Lights","isPartOf":{"@id":"https:\/\/berry-lights.lt\/#website"},"datePublished":"2023-04-03T14:41:01+00:00","dateModified":"2023-08-23T06:41:26+00:00","breadcrumb":{"@id":"https:\/\/berry-lights.lt\/prekes\/apyranke-peace\/#breadcrumb"},"inLanguage":"uk","potentialAction":[{"@type":"ReadAction","target":["https:\/\/berry-lights.lt\/prekes\/apyranke-peace\/"]}]},{"@type":"BreadcrumbList","@id":"https:\/\/berry-lights.lt\/prekes\/apyranke-peace\/#breadcrumb","itemListElement":[{"@type":"ListItem","position":1,"name":"Pagrindinis","item":"https:\/\/berry-lights.lt\/"},{"@type":"ListItem","position":2,"name":"Prek\u0117s","item":"https:\/\/berry-lights.lt\/prekes\/"},{"@type":"ListItem","position":3,"name":"Apyrank\u0117s","item":"https:\/\/berry-lights.lt\/produkto-kategorija\/apyrankes\/"},{"@type":"ListItem","position":4,"name":"Apyrank\u0117s su si\u016blu","item":"https:\/\/berry-lights.lt\/produkto-kategorija\/apyrankes\/apyrankes-su-siulu\/"},{"@type":"ListItem","position":5,"name":"Apyrank\u0117 PEACE"}]},{"@type":"WebSite","@id":"https:\/\/berry-lights.lt\/#website","url":"https:\/\/berry-lights.lt\/","name":"Berry Lights","description":"","publisher":{"@id":"https:\/\/berry-lights.lt\/#organization"},"potentialAction":[{"@type":"SearchAction","target":{"@type":"EntryPoint","urlTemplate":"https:\/\/berry-lights.lt\/?s={search_term_string}"},"query-input":"required name=search_term_string"}],"inLanguage":"uk"},{"@type":"Organization","@id":"https:\/\/berry-lights.lt\/#organization","name":"Kodilas, MB","url":"https:\/\/berry-lights.lt\/","logo":{"@type":"ImageObject","inLanguage":"uk","@id":"https:\/\/berry-lights.lt\/#\/schema\/logo\/image\/","url":"https:\/\/berry-lights.lt\/wp-content\/uploads\/2023\/05\/BERRYLIGHTS_LOGO_LAST.svg","contentUrl":"https:\/\/berry-lights.lt\/wp-content\/uploads\/2023\/05\/BERRYLIGHTS_LOGO_LAST.svg","width":448,"height":67,"caption":"Kodilas, MB"},"image":{"@id":"https:\/\/berry-lights.lt\/#\/schema\/logo\/image\/"},"sameAs":["https:\/\/www.facebook.com\/berry-lights.lt\/","https:\/\/www.instagram.com\/berry-lights.lt\/"]}]},"og_availability":"instock","product_availability":"instock","product_condition":"new"},"_links":{"self":[{"href":"https:\/\/berry-lights.lt\/uk\/wp-json\/wp\/v2\/product\/8702"}],"collection":[{"href":"https:\/\/berry-lights.lt\/uk\/wp-json\/wp\/v2\/product"}],"about":[{"href":"https:\/\/berry-lights.lt\/uk\/wp-json\/wp\/v2\/types\/product"}],"wp:featuredmedia":[{"embeddable":true,"href":"https:\/\/berry-lights.lt\/uk\/wp-json\/wp\/v2\/media\/8703"}],"wp:attachment":[{"href":"https:\/\/berry-lights.lt\/uk\/wp-json\/wp\/v2\/media?parent=8702"}],"wp:term":[{"taxonomy":"product_cat","embeddable":true,"href":"https:\/\/berry-lights.lt\/uk\/wp-json\/wp\/v2\/product_cat?post=8702"},{"taxonomy":"product_tag","embeddable":true,"href":"https:\/\/berry-lights.lt\/uk\/wp-json\/wp\/v2\/product_tag?post=8702"}],"curies":[{"name":"wp","href":"https:\/\/api.w.org\/{rel}","templated":true}]}}