{"id":564,"date":"2016-02-10T20:01:05","date_gmt":"2016-02-10T22:01:05","guid":{"rendered":"http:\/\/berrylights.kuriamas.lt\/?post_type=product&#038;p=564"},"modified":"2025-01-27T03:45:16","modified_gmt":"2025-01-27T05:45:16","slug":"svajingos-levandos","status":"publish","type":"product","link":"https:\/\/berry-lights.lt\/uk\/prekes\/svajingos-levandos\/","title":{"rendered":"\u041c\u0440\u0456\u0439\u043b\u0438\u0432\u0430 \u043b\u0430\u0432\u0430\u043d\u0434\u0430"},"content":{"rendered":"","protected":false},"excerpt":{"rendered":"<p>\u041f\u043e\u043b\u0435 \u043b\u0430\u0432\u0430\u043d\u0434\u0438, \u043e\u0441\u0432\u0456\u0442\u043b\u0435\u043d\u0435 \u0432\u0435\u0447\u0456\u0440\u043d\u0456\u043c \u0441\u043e\u043d\u0446\u0435\u043c, \u0449\u043e \u0437\u0430\u0445\u043e\u0434\u0438\u0442\u044c...<br \/>\n\u0423\u044f\u0432\u0456\u0442\u044c, \u0449\u043e \u0432\u0438 \u0441\u0435\u0440\u0435\u0434 \u043b\u0430\u0432\u0430\u043d\u0434\u0438. \u041c\u0438 \u043d\u0430\u0432\u0456\u0442\u044c \u0432\u0456\u0434\u0447\u0443\u0432\u0430\u0454\u043c\u043e \u0437\u0430\u043f\u0430\u0445 \u043b\u0430\u0432\u0430\u043d\u0434\u0438... \u043c\u043c\u043c... \u0446\u0435\u0439 \u043c\u0440\u0456\u0439\u043b\u0438\u0432\u0438\u0439 \u043b\u0430\u0432\u0430\u043d\u0434\u043e\u0432\u0438\u0439 \u0437\u0430\u043f\u0430\u0445. \u0421\u0430\u043c\u0435 \u0442\u0430\u043a\u043e\u044e \u0454 \u0446\u044f \u0433\u0456\u0440\u043b\u044f\u043d\u0434\u0430, \u043d\u0430\u043f\u043e\u0432\u043d\u0435\u043d\u0430 \u0440\u043e\u043c\u0430\u043d\u0442\u0438\u043a\u043e\u044e \u0442\u0430 \u043d\u0456\u0436\u043d\u0456\u0441\u0442\u044e.<br \/>\n\u0411\u0430\u0432\u043e\u0432\u043d\u044f\u043d\u0430 \u0433\u0456\u0440\u043b\u044f\u043d\u0434\u0430 \u0440\u0443\u0447\u043d\u043e\u0457 \u0440\u043e\u0431\u043e\u0442\u0438 \u0437 \u043a\u0443\u043b\u044c\u043e\u043a, \u0449\u043e \u0441\u0432\u0456\u0442\u044f\u0442\u044c\u0441\u044f.<\/p>","protected":false},"featured_media":565,"template":"","meta":[],"product_cat":[17],"product_tag":[],"acf":[],"yoast_head":"<!-- This site is optimized with the Yoast SEO Premium plugin v20.8 (Yoast SEO v20.9) - https:\/\/yoast.com\/wordpress\/plugins\/seo\/ -->\n<title>Svajingos levandos - Berry Lights<\/title>\n<meta name=\"robots\" content=\"index, follow, max-snippet:-1, max-image-preview:large, max-video-preview:-1\" \/>\n<link rel=\"canonical\" href=\"https:\/\/berry-lights.lt\/uk\/prekes\/svajingos-levandos\/\" \/>\n<meta property=\"og:locale\" content=\"uk_UA\" \/>\n<meta property=\"og:type\" content=\"article\" \/>\n<meta property=\"og:title\" content=\"Svajingos levandos\" \/>\n<meta property=\"og:description\" content=\"Levand\u0173 laukas nutviekstas vakaro besileid\u017eian\u010dios saul\u0117s... \u012esivaizduokite, kad esate tarp levand\u0173. Net galime pajusti levand\u0173 kvap\u0105...mmm...tas svajingas levand\u0173 kvapas. Tokia ir \u0161i girlianda, nutvieksta romantikos ir \u0161velnumo. Rank\u0173 darbo medvilnin\u0117 lempu\u010di\u0173 girlianda, kuri\u0105 sudaro \u017e\u0117rintys kamuoliukai.\" \/>\n<meta property=\"og:url\" content=\"https:\/\/berry-lights.lt\/uk\/prekes\/svajingos-levandos\/\" \/>\n<meta property=\"og:site_name\" content=\"Berry Lights\" \/>\n<meta property=\"article:publisher\" content=\"https:\/\/www.facebook.com\/berry-lights.lt\/\" \/>\n<meta property=\"article:modified_time\" content=\"2025-01-27T05:45:16+00:00\" \/>\n<meta property=\"og:image\" content=\"http:\/\/berry-lights.lt\/wp-content\/uploads\/2016\/02\/EOR_3808-min.jpg\" \/>\n\t<meta property=\"og:image:width\" content=\"666\" \/>\n\t<meta property=\"og:image:height\" content=\"1000\" \/>\n\t<meta property=\"og:image:type\" content=\"image\/jpeg\" \/>\n<meta name=\"twitter:card\" content=\"summary_large_image\" \/>\n<meta name=\"twitter:label1\" content=\"\u0414\u043e\u0441\u0442\u0443\u043f\u043d\u0456\u0441\u0442\u044c\" \/>\n\t<meta name=\"twitter:data1\" content=\"\u041d\u0430 \u0441\u043a\u043b\u0430\u0434\u0456\" \/>\n<script type=\"application\/ld+json\" class=\"yoast-schema-graph\">{\"@context\":\"https:\/\/schema.org\",\"@graph\":[{\"@type\":\"WebPage\",\"@id\":\"https:\/\/berry-lights.lt\/prekes\/svajingos-levandos\/\",\"url\":\"https:\/\/berry-lights.lt\/prekes\/svajingos-levandos\/\",\"name\":\"Svajingos levandos - Berry Lights\",\"isPartOf\":{\"@id\":\"https:\/\/berry-lights.lt\/#website\"},\"datePublished\":\"2016-02-10T22:01:05+00:00\",\"dateModified\":\"2025-01-27T05:45:16+00:00\",\"breadcrumb\":{\"@id\":\"https:\/\/berry-lights.lt\/prekes\/svajingos-levandos\/#breadcrumb\"},\"inLanguage\":\"uk\",\"potentialAction\":[{\"@type\":\"ReadAction\",\"target\":[\"https:\/\/berry-lights.lt\/prekes\/svajingos-levandos\/\"]}]},{\"@type\":\"BreadcrumbList\",\"@id\":\"https:\/\/berry-lights.lt\/prekes\/svajingos-levandos\/#breadcrumb\",\"itemListElement\":[{\"@type\":\"ListItem\",\"position\":1,\"name\":\"Pagrindinis\",\"item\":\"https:\/\/berry-lights.lt\/\"},{\"@type\":\"ListItem\",\"position\":2,\"name\":\"Prek\u0117s\",\"item\":\"https:\/\/berry-lights.lt\/prekes\/\"},{\"@type\":\"ListItem\",\"position\":3,\"name\":\"Girliand\u0173 rinkiniai\",\"item\":\"https:\/\/berry-lights.lt\/produkto-kategorija\/rinkiniai\/\"},{\"@type\":\"ListItem\",\"position\":4,\"name\":\"Svajingos levandos\"}]},{\"@type\":\"WebSite\",\"@id\":\"https:\/\/berry-lights.lt\/#website\",\"url\":\"https:\/\/berry-lights.lt\/\",\"name\":\"Berry Lights\",\"description\":\"\",\"publisher\":{\"@id\":\"https:\/\/berry-lights.lt\/#organization\"},\"potentialAction\":[{\"@type\":\"SearchAction\",\"target\":{\"@type\":\"EntryPoint\",\"urlTemplate\":\"https:\/\/berry-lights.lt\/?s={search_term_string}\"},\"query-input\":\"required name=search_term_string\"}],\"inLanguage\":\"uk\"},{\"@type\":\"Organization\",\"@id\":\"https:\/\/berry-lights.lt\/#organization\",\"name\":\"Kodilas, MB\",\"url\":\"https:\/\/berry-lights.lt\/\",\"logo\":{\"@type\":\"ImageObject\",\"inLanguage\":\"uk\",\"@id\":\"https:\/\/berry-lights.lt\/#\/schema\/logo\/image\/\",\"url\":\"https:\/\/berry-lights.lt\/wp-content\/uploads\/2023\/05\/BERRYLIGHTS_LOGO_LAST.svg\",\"contentUrl\":\"https:\/\/berry-lights.lt\/wp-content\/uploads\/2023\/05\/BERRYLIGHTS_LOGO_LAST.svg\",\"width\":448,\"height\":67,\"caption\":\"Kodilas, MB\"},\"image\":{\"@id\":\"https:\/\/berry-lights.lt\/#\/schema\/logo\/image\/\"},\"sameAs\":[\"https:\/\/www.facebook.com\/berry-lights.lt\/\",\"https:\/\/www.instagram.com\/berry-lights.lt\/\"]}]}<\/script>\n<meta property=\"og:availability\" content=\"instock\" \/>\n<meta property=\"product:availability\" content=\"instock\" \/>\n<meta property=\"product:condition\" content=\"new\" \/>\n<!-- \/ Yoast SEO Premium plugin. -->","yoast_head_json":{"title":"Svajingos levandos - Berry Lights","robots":{"index":"index","follow":"follow","max-snippet":"max-snippet:-1","max-image-preview":"max-image-preview:large","max-video-preview":"max-video-preview:-1"},"canonical":"https:\/\/berry-lights.lt\/uk\/prekes\/svajingos-levandos\/","og_locale":"uk_UA","og_type":"article","og_title":"Svajingos levandos","og_description":"Levand\u0173 laukas nutviekstas vakaro besileid\u017eian\u010dios saul\u0117s... \u012esivaizduokite, kad esate tarp levand\u0173. Net galime pajusti levand\u0173 kvap\u0105...mmm...tas svajingas levand\u0173 kvapas. Tokia ir \u0161i girlianda, nutvieksta romantikos ir \u0161velnumo. Rank\u0173 darbo medvilnin\u0117 lempu\u010di\u0173 girlianda, kuri\u0105 sudaro \u017e\u0117rintys kamuoliukai.","og_url":"https:\/\/berry-lights.lt\/uk\/prekes\/svajingos-levandos\/","og_site_name":"Berry Lights","article_publisher":"https:\/\/www.facebook.com\/berry-lights.lt\/","article_modified_time":"2025-01-27T05:45:16+00:00","og_image":[{"width":666,"height":1000,"url":"http:\/\/berry-lights.lt\/wp-content\/uploads\/2016\/02\/EOR_3808-min.jpg","type":"image\/jpeg"}],"twitter_card":"summary_large_image","twitter_misc":{"\u0414\u043e\u0441\u0442\u0443\u043f\u043d\u0456\u0441\u0442\u044c":"\u041d\u0430 \u0441\u043a\u043b\u0430\u0434\u0456"},"schema":{"@context":"https:\/\/schema.org","@graph":[{"@type":"WebPage","@id":"https:\/\/berry-lights.lt\/prekes\/svajingos-levandos\/","url":"https:\/\/berry-lights.lt\/prekes\/svajingos-levandos\/","name":"Svajingos levandos - Berry Lights","isPartOf":{"@id":"https:\/\/berry-lights.lt\/#website"},"datePublished":"2016-02-10T22:01:05+00:00","dateModified":"2025-01-27T05:45:16+00:00","breadcrumb":{"@id":"https:\/\/berry-lights.lt\/prekes\/svajingos-levandos\/#breadcrumb"},"inLanguage":"uk","potentialAction":[{"@type":"ReadAction","target":["https:\/\/berry-lights.lt\/prekes\/svajingos-levandos\/"]}]},{"@type":"BreadcrumbList","@id":"https:\/\/berry-lights.lt\/prekes\/svajingos-levandos\/#breadcrumb","itemListElement":[{"@type":"ListItem","position":1,"name":"Pagrindinis","item":"https:\/\/berry-lights.lt\/"},{"@type":"ListItem","position":2,"name":"Prek\u0117s","item":"https:\/\/berry-lights.lt\/prekes\/"},{"@type":"ListItem","position":3,"name":"Girliand\u0173 rinkiniai","item":"https:\/\/berry-lights.lt\/produkto-kategorija\/rinkiniai\/"},{"@type":"ListItem","position":4,"name":"Svajingos levandos"}]},{"@type":"WebSite","@id":"https:\/\/berry-lights.lt\/#website","url":"https:\/\/berry-lights.lt\/","name":"Berry Lights","description":"","publisher":{"@id":"https:\/\/berry-lights.lt\/#organization"},"potentialAction":[{"@type":"SearchAction","target":{"@type":"EntryPoint","urlTemplate":"https:\/\/berry-lights.lt\/?s={search_term_string}"},"query-input":"required name=search_term_string"}],"inLanguage":"uk"},{"@type":"Organization","@id":"https:\/\/berry-lights.lt\/#organization","name":"Kodilas, MB","url":"https:\/\/berry-lights.lt\/","logo":{"@type":"ImageObject","inLanguage":"uk","@id":"https:\/\/berry-lights.lt\/#\/schema\/logo\/image\/","url":"https:\/\/berry-lights.lt\/wp-content\/uploads\/2023\/05\/BERRYLIGHTS_LOGO_LAST.svg","contentUrl":"https:\/\/berry-lights.lt\/wp-content\/uploads\/2023\/05\/BERRYLIGHTS_LOGO_LAST.svg","width":448,"height":67,"caption":"Kodilas, MB"},"image":{"@id":"https:\/\/berry-lights.lt\/#\/schema\/logo\/image\/"},"sameAs":["https:\/\/www.facebook.com\/berry-lights.lt\/","https:\/\/www.instagram.com\/berry-lights.lt\/"]}]},"og_availability":"instock","product_availability":"instock","product_condition":"new"},"_links":{"self":[{"href":"https:\/\/berry-lights.lt\/uk\/wp-json\/wp\/v2\/product\/564"}],"collection":[{"href":"https:\/\/berry-lights.lt\/uk\/wp-json\/wp\/v2\/product"}],"about":[{"href":"https:\/\/berry-lights.lt\/uk\/wp-json\/wp\/v2\/types\/product"}],"wp:featuredmedia":[{"embeddable":true,"href":"https:\/\/berry-lights.lt\/uk\/wp-json\/wp\/v2\/media\/565"}],"wp:attachment":[{"href":"https:\/\/berry-lights.lt\/uk\/wp-json\/wp\/v2\/media?parent=564"}],"wp:term":[{"taxonomy":"product_cat","embeddable":true,"href":"https:\/\/berry-lights.lt\/uk\/wp-json\/wp\/v2\/product_cat?post=564"},{"taxonomy":"product_tag","embeddable":true,"href":"https:\/\/berry-lights.lt\/uk\/wp-json\/wp\/v2\/product_tag?post=564"}],"curies":[{"name":"wp","href":"https:\/\/api.w.org\/{rel}","templated":true}]}}