{"id":8503,"date":"2023-01-20T04:50:03","date_gmt":"2023-01-20T06:50:03","guid":{"rendered":"http:\/\/berry-lights.lt\/?post_type=product&#038;p=8503"},"modified":"2023-01-22T15:34:11","modified_gmt":"2023-01-22T17:34:11","slug":"pakabukas-panda","status":"publish","type":"product","link":"https:\/\/berry-lights.lt\/ru\/prekes\/pakabukas-panda\/","title":{"rendered":"\u041f\u043e\u0434\u0432\u0435\u0441\u043a\u0430 \u0432 \u0432\u0438\u0434\u0435 \u043f\u0430\u043d\u0434\u044b \u0441 \u0437\u0435\u043b\u0435\u043d\u044b\u043c \u043a\u043e\u043b\u044c\u0435"},"content":{"rendered":"<p>\u0420\u0430\u0437\u043c\u0435\u0440\u044b: \u0434\u043b\u0438\u043d\u0430 34-35 \u0441\u043c<\/p>\n<p>\u041c\u0430\u0442\u0435\u0440\u0438\u0430\u043b\u044b:<\/p>\n<ul>\n<li>\u0412\u044b\u0441\u043e\u043a\u043e\u043a\u0430\u0447\u0435\u0441\u0442\u0432\u0435\u043d\u043d\u044b\u0435 \u0434\u0435\u0440\u0435\u0432\u044f\u043d\u043d\u044b\u0435 \u0431\u0443\u0441\u0438\u043d\u044b (\u0441\u043b\u044e\u043d\u043e\u043e\u0442\u0442\u0430\u043b\u043a\u0438\u0432\u0430\u044e\u0449\u0438\u0435, \u0432\u043e\u0434\u043e\u043d\u0435\u043f\u0440\u043e\u043d\u0438\u0446\u0430\u0435\u043c\u044b\u0435\/\u0441\u043e\u043e\u0442\u0432\u0435\u0442\u0441\u0442\u0432\u0443\u044e\u0449\u0438\u0435 \u0442\u0440\u0435\u0431\u043e\u0432\u0430\u043d\u0438\u044f\u043c \u0431\u0435\u0437\u043e\u043f\u0430\u0441\u043d\u043e\u0441\u0442\u0438 DIN EN 71-3, \u0441\u0435\u0440\u0442\u0438\u0444\u0438\u043a\u0430\u0446\u0438\u044f FSC \u0432 \u0413\u0435\u0440\u043c\u0430\u043d\u0438\u0438)<\/li>\n<li>\u0423\u0434\u043e\u0431\u043d\u0430\u044f \u0438 \u043d\u0430\u0434\u0435\u0436\u043d\u0430\u044f \u043c\u0430\u0433\u043d\u0438\u0442\u043d\u0430\u044f \u0437\u0430\u0441\u0442\u0435\u0436\u043a\u0430 \u0434\u043b\u044f \u043c\u0430\u043b\u0435\u043d\u044c\u043a\u0438\u0445 \u0440\u0443\u043a.<\/li>\n<li>\u0420\u0435\u043a\u043e\u043c\u0435\u043d\u0434\u0443\u0435\u0442\u0441\u044f \u0434\u043b\u044f \u0434\u0435\u0442\u0435\u0439 \u0432 \u0432\u043e\u0437\u0440\u0430\u0441\u0442\u0435 \u043e\u0442 3 \u043b\u0435\u0442 \u0438 \u0441\u0442\u0430\u0440\u0448\u0435.<\/li>\n<li>\u0417\u0435\u043b\u0435\u043d\u043e\u0435 \u043e\u0436\u0435\u0440\u0435\u043b\u044c\u0435, \u043f\u0430\u043d\u0434\u0430 \u0438 \u0431\u0435\u043b\u0430\u044f \u043a\u0438\u0441\u0442\u043e\u0447\u043a\u0430 (\u043f\u043e \u0437\u0430\u043f\u0440\u043e\u0441\u0443 \u043a\u0438\u0441\u0442\u043e\u0447\u043a\u0430 \u043c\u043e\u0436\u0435\u0442 \u0431\u044b\u0442\u044c \u0437\u0430\u043c\u0435\u043d\u0435\u043d\u0430 \u043d\u0430 \u043a\u0438\u0441\u0442\u043e\u0447\u043a\u0443 \u0434\u0440\u0443\u0433\u043e\u0433\u043e \u0446\u0432\u0435\u0442\u0430).<\/li>\n<\/ul>","protected":false},"excerpt":{"rendered":"<p>\u042f\u0440\u043a\u0438\u0439 \u0438 \u0438\u0433\u0440\u0438\u0432\u044b\u0439 <strong><em>\u042f\u0433\u043e\u0434\u043d\u044b\u0435 \u043e\u0433\u043d\u0438 <\/em><\/strong>\u041e\u0436\u0435\u0440\u0435\u043b\u044c\u044f \u0438\u0437 \u0436\u0438\u0432\u043e\u0442\u043d\u044b\u0445 \u0437\u0430\u0441\u0442\u0430\u0432\u044f\u0442 \u0432\u0430\u0441 \u0432\u043b\u044e\u0431\u0438\u0442\u044c\u0441\u044f \u0432 \u043d\u0438\u0445 \u0441 \u043f\u0435\u0440\u0432\u043e\u0433\u043e \u0432\u0437\u0433\u043b\u044f\u0434\u0430. \u041a\u0430\u0436\u0434\u0430\u044f \u043f\u043e\u0434\u0432\u0435\u0441\u043a\u0430 \u0443\u043d\u0438\u043a\u0430\u043b\u044c\u043d\u0430 \u0438 \u043e\u0441\u043e\u0431\u0435\u043d\u043d\u0430, \u043f\u043e\u0442\u043e\u043c\u0443 \u0447\u0442\u043e \u043d\u0430 \u0435\u0435 \u0434\u043d\u0435 \u0438\u0437\u043e\u0431\u0440\u0430\u0436\u0435\u043d \u0434\u0435\u0442\u0435\u043d\u044b\u0448 \u0436\u0438\u0432\u043e\u0442\u043d\u043e\u0433\u043e, \u0447\u0442\u043e\u0431\u044b \u0437\u0430\u0449\u0438\u0442\u0438\u0442\u044c \u0441\u0432\u043e\u0435\u0433\u043e \u043d\u043e\u0432\u043e\u0433\u043e \u0432\u043b\u0430\u0434\u0435\u043b\u044c\u0446\u0430. \u042d\u0442\u043e \u043d\u0435 \u0442\u043e\u043b\u044c\u043a\u043e \u043a\u0440\u0430\u0441\u043e\u0447\u043d\u044b\u0439 \u0430\u043a\u0441\u0435\u0441\u0441\u0443\u0430\u0440 \u0434\u043b\u044f \u0434\u0435\u0442\u0435\u0439, \u043d\u043e \u0438 \u043a\u043b\u0430\u0441\u0441\u043d\u043e\u0435 \u0443\u0447\u0435\u0431\u043d\u043e\u0435 \u043f\u043e\u0441\u043e\u0431\u0438\u0435 \u043e \u0436\u0438\u0432\u043e\u0442\u043d\u044b\u0445.  \u041a\u0430\u0436\u0434\u044b\u0439 \u043a\u0443\u043b\u043e\u043d \u043f\u043e\u0441\u0442\u0430\u0432\u043b\u044f\u0435\u0442\u0441\u044f \u0432 \u043f\u043e\u0434\u0430\u0440\u043e\u0447\u043d\u043e\u0439 \u043a\u043e\u0440\u043e\u0431\u043a\u0435, \u0447\u0442\u043e \u0434\u0435\u043b\u0430\u0435\u0442 \u0435\u0433\u043e \u0438\u0434\u0435\u0430\u043b\u044c\u043d\u044b\u043c \u043f\u043e\u0434\u0430\u0440\u043a\u043e\u043c \u0434\u043b\u044f \u043c\u0430\u043b\u044b\u0448\u0430.<\/p>","protected":false},"featured_media":8504,"template":"","meta":[],"product_cat":[28],"product_tag":[],"acf":[],"yoast_head":"<!-- This site is optimized with the Yoast SEO Premium plugin v20.8 (Yoast SEO v20.9) - https:\/\/yoast.com\/wordpress\/plugins\/seo\/ -->\n<title>Pakabukas panda \u017ealiais karoliais - Berry Lights<\/title>\n<meta name=\"robots\" content=\"index, follow, max-snippet:-1, max-image-preview:large, max-video-preview:-1\" \/>\n<link rel=\"canonical\" href=\"https:\/\/berry-lights.lt\/ru\/prekes\/pakabukas-panda\/\" \/>\n<meta property=\"og:locale\" content=\"ru_RU\" \/>\n<meta property=\"og:type\" content=\"article\" \/>\n<meta property=\"og:title\" content=\"Pakabukas panda \u017ealiais karoliais\" \/>\n<meta property=\"og:description\" content=\"Ry\u0161k\u016bs ir \u017eaismingi Berry Lights gyv\u016bn\u0173 pakabukai ant kaklo privers \u012fsimyl\u0117ti juos i\u0161 pirmo \u017evilgsnio. Kiekvienas pakabukas yra unikalus ir i\u0161skirtinis, kadangi jo apa\u010dioje yra vis skirtingas gyv\u016bno ma\u017eylis, kuris saugos savo nauj\u0105j\u012f \u0161eiminink\u0105. Tai ne tik spalvingas aksesuaras vaikams, bet kartu ir \u0161auni mokomoji priemon\u0117 apie gyv\u016bnus.\u00a0 Kiekvienas pakabukas atkeliauja dovan\u0173 d\u0117\u017eut\u0117je, tod\u0117l tai puiki dovana ma\u017eajam.\" \/>\n<meta property=\"og:url\" content=\"https:\/\/berry-lights.lt\/ru\/prekes\/pakabukas-panda\/\" \/>\n<meta property=\"og:site_name\" content=\"Berry Lights\" \/>\n<meta property=\"article:publisher\" content=\"https:\/\/www.facebook.com\/berry-lights.lt\/\" \/>\n<meta property=\"article:modified_time\" content=\"2023-01-22T17:34:11+00:00\" \/>\n<meta property=\"og:image\" content=\"https:\/\/berry-lights.lt\/wp-content\/uploads\/2023\/01\/20230118_121349-modified-1024x1024.png\" \/>\n\t<meta property=\"og:image:width\" content=\"1024\" \/>\n\t<meta property=\"og:image:height\" content=\"1024\" \/>\n\t<meta property=\"og:image:type\" content=\"image\/png\" \/>\n<meta name=\"twitter:card\" content=\"summary_large_image\" \/>\n<meta name=\"twitter:label1\" content=\"\u0426\u0435\u043d\u0430\" \/>\n\t<meta name=\"twitter:data1\" content=\"&euro;19.00\" \/>\n\t<meta name=\"twitter:label2\" content=\"\u0414\u043e\u0441\u0442\u0443\u043f\u043d\u043e\u0441\u0442\u044c\" \/>\n\t<meta name=\"twitter:data2\" content=\"\u0412 \u043d\u0430\u043b\u0438\u0447\u0438\u0438\" \/>\n<script type=\"application\/ld+json\" class=\"yoast-schema-graph\">{\"@context\":\"https:\/\/schema.org\",\"@graph\":[{\"@type\":\"WebPage\",\"@id\":\"https:\/\/berry-lights.lt\/en\/prekes\/pakabukas-panda\/\",\"url\":\"https:\/\/berry-lights.lt\/en\/prekes\/pakabukas-panda\/\",\"name\":\"Pakabukas panda \u017ealiais karoliais - Berry Lights\",\"isPartOf\":{\"@id\":\"https:\/\/berry-lights.lt\/#website\"},\"datePublished\":\"2023-01-20T06:50:03+00:00\",\"dateModified\":\"2023-01-22T17:34:11+00:00\",\"breadcrumb\":{\"@id\":\"https:\/\/berry-lights.lt\/en\/prekes\/pakabukas-panda\/#breadcrumb\"},\"inLanguage\":\"ru-RU\",\"potentialAction\":[{\"@type\":\"ReadAction\",\"target\":[\"https:\/\/berry-lights.lt\/en\/prekes\/pakabukas-panda\/\"]}]},{\"@type\":\"BreadcrumbList\",\"@id\":\"https:\/\/berry-lights.lt\/en\/prekes\/pakabukas-panda\/#breadcrumb\",\"itemListElement\":[{\"@type\":\"ListItem\",\"position\":1,\"name\":\"Pagrindinis\",\"item\":\"https:\/\/berry-lights.lt\/\"},{\"@type\":\"ListItem\",\"position\":2,\"name\":\"Prek\u0117s\",\"item\":\"https:\/\/berry-lights.lt\/prekes\/\"},{\"@type\":\"ListItem\",\"position\":3,\"name\":\"Pakabukai\",\"item\":\"https:\/\/berry-lights.lt\/produkto-kategorija\/pakabukai\/\"},{\"@type\":\"ListItem\",\"position\":4,\"name\":\"Pakabukas panda \u017ealiais karoliais\"}]},{\"@type\":\"WebSite\",\"@id\":\"https:\/\/berry-lights.lt\/#website\",\"url\":\"https:\/\/berry-lights.lt\/\",\"name\":\"Berry Lights\",\"description\":\"\",\"publisher\":{\"@id\":\"https:\/\/berry-lights.lt\/#organization\"},\"potentialAction\":[{\"@type\":\"SearchAction\",\"target\":{\"@type\":\"EntryPoint\",\"urlTemplate\":\"https:\/\/berry-lights.lt\/?s={search_term_string}\"},\"query-input\":\"required name=search_term_string\"}],\"inLanguage\":\"ru-RU\"},{\"@type\":\"Organization\",\"@id\":\"https:\/\/berry-lights.lt\/#organization\",\"name\":\"Kodilas, MB\",\"url\":\"https:\/\/berry-lights.lt\/\",\"logo\":{\"@type\":\"ImageObject\",\"inLanguage\":\"ru-RU\",\"@id\":\"https:\/\/berry-lights.lt\/#\/schema\/logo\/image\/\",\"url\":\"https:\/\/berry-lights.lt\/wp-content\/uploads\/2023\/05\/BERRYLIGHTS_LOGO_LAST.svg\",\"contentUrl\":\"https:\/\/berry-lights.lt\/wp-content\/uploads\/2023\/05\/BERRYLIGHTS_LOGO_LAST.svg\",\"width\":448,\"height\":67,\"caption\":\"Kodilas, MB\"},\"image\":{\"@id\":\"https:\/\/berry-lights.lt\/#\/schema\/logo\/image\/\"},\"sameAs\":[\"https:\/\/www.facebook.com\/berry-lights.lt\/\",\"https:\/\/www.instagram.com\/berry-lights.lt\/\"]}]}<\/script>\n<meta property=\"product:price:amount\" content=\"19.00\" \/>\n<meta property=\"product:price:currency\" content=\"EUR\" \/>\n<meta property=\"og:availability\" content=\"instock\" \/>\n<meta property=\"product:availability\" content=\"instock\" \/>\n<meta property=\"product:condition\" content=\"new\" \/>\n<!-- \/ Yoast SEO Premium plugin. -->","yoast_head_json":{"title":"Pakabukas panda \u017ealiais karoliais - Berry Lights","robots":{"index":"index","follow":"follow","max-snippet":"max-snippet:-1","max-image-preview":"max-image-preview:large","max-video-preview":"max-video-preview:-1"},"canonical":"https:\/\/berry-lights.lt\/ru\/prekes\/pakabukas-panda\/","og_locale":"ru_RU","og_type":"article","og_title":"Pakabukas panda \u017ealiais karoliais","og_description":"Ry\u0161k\u016bs ir \u017eaismingi Berry Lights gyv\u016bn\u0173 pakabukai ant kaklo privers \u012fsimyl\u0117ti juos i\u0161 pirmo \u017evilgsnio. Kiekvienas pakabukas yra unikalus ir i\u0161skirtinis, kadangi jo apa\u010dioje yra vis skirtingas gyv\u016bno ma\u017eylis, kuris saugos savo nauj\u0105j\u012f \u0161eiminink\u0105. Tai ne tik spalvingas aksesuaras vaikams, bet kartu ir \u0161auni mokomoji priemon\u0117 apie gyv\u016bnus.\u00a0 Kiekvienas pakabukas atkeliauja dovan\u0173 d\u0117\u017eut\u0117je, tod\u0117l tai puiki dovana ma\u017eajam.","og_url":"https:\/\/berry-lights.lt\/ru\/prekes\/pakabukas-panda\/","og_site_name":"Berry Lights","article_publisher":"https:\/\/www.facebook.com\/berry-lights.lt\/","article_modified_time":"2023-01-22T17:34:11+00:00","og_image":[{"width":1024,"height":1024,"url":"https:\/\/berry-lights.lt\/wp-content\/uploads\/2023\/01\/20230118_121349-modified-1024x1024.png","type":"image\/png"}],"twitter_card":"summary_large_image","twitter_misc":{"\u0426\u0435\u043d\u0430":"&euro;19.00","\u0414\u043e\u0441\u0442\u0443\u043f\u043d\u043e\u0441\u0442\u044c":"\u0412 \u043d\u0430\u043b\u0438\u0447\u0438\u0438"},"schema":{"@context":"https:\/\/schema.org","@graph":[{"@type":"WebPage","@id":"https:\/\/berry-lights.lt\/en\/prekes\/pakabukas-panda\/","url":"https:\/\/berry-lights.lt\/en\/prekes\/pakabukas-panda\/","name":"Pakabukas panda \u017ealiais karoliais - Berry Lights","isPartOf":{"@id":"https:\/\/berry-lights.lt\/#website"},"datePublished":"2023-01-20T06:50:03+00:00","dateModified":"2023-01-22T17:34:11+00:00","breadcrumb":{"@id":"https:\/\/berry-lights.lt\/en\/prekes\/pakabukas-panda\/#breadcrumb"},"inLanguage":"ru-RU","potentialAction":[{"@type":"ReadAction","target":["https:\/\/berry-lights.lt\/en\/prekes\/pakabukas-panda\/"]}]},{"@type":"BreadcrumbList","@id":"https:\/\/berry-lights.lt\/en\/prekes\/pakabukas-panda\/#breadcrumb","itemListElement":[{"@type":"ListItem","position":1,"name":"Pagrindinis","item":"https:\/\/berry-lights.lt\/"},{"@type":"ListItem","position":2,"name":"Prek\u0117s","item":"https:\/\/berry-lights.lt\/prekes\/"},{"@type":"ListItem","position":3,"name":"Pakabukai","item":"https:\/\/berry-lights.lt\/produkto-kategorija\/pakabukai\/"},{"@type":"ListItem","position":4,"name":"Pakabukas panda \u017ealiais karoliais"}]},{"@type":"WebSite","@id":"https:\/\/berry-lights.lt\/#website","url":"https:\/\/berry-lights.lt\/","name":"Berry Lights","description":"","publisher":{"@id":"https:\/\/berry-lights.lt\/#organization"},"potentialAction":[{"@type":"SearchAction","target":{"@type":"EntryPoint","urlTemplate":"https:\/\/berry-lights.lt\/?s={search_term_string}"},"query-input":"required name=search_term_string"}],"inLanguage":"ru-RU"},{"@type":"Organization","@id":"https:\/\/berry-lights.lt\/#organization","name":"Kodilas, MB","url":"https:\/\/berry-lights.lt\/","logo":{"@type":"ImageObject","inLanguage":"ru-RU","@id":"https:\/\/berry-lights.lt\/#\/schema\/logo\/image\/","url":"https:\/\/berry-lights.lt\/wp-content\/uploads\/2023\/05\/BERRYLIGHTS_LOGO_LAST.svg","contentUrl":"https:\/\/berry-lights.lt\/wp-content\/uploads\/2023\/05\/BERRYLIGHTS_LOGO_LAST.svg","width":448,"height":67,"caption":"Kodilas, MB"},"image":{"@id":"https:\/\/berry-lights.lt\/#\/schema\/logo\/image\/"},"sameAs":["https:\/\/www.facebook.com\/berry-lights.lt\/","https:\/\/www.instagram.com\/berry-lights.lt\/"]}]},"product_price_amount":"19.00","product_price_currency":"EUR","og_availability":"instock","product_availability":"instock","product_condition":"new"},"_links":{"self":[{"href":"https:\/\/berry-lights.lt\/ru\/wp-json\/wp\/v2\/product\/8503"}],"collection":[{"href":"https:\/\/berry-lights.lt\/ru\/wp-json\/wp\/v2\/product"}],"about":[{"href":"https:\/\/berry-lights.lt\/ru\/wp-json\/wp\/v2\/types\/product"}],"wp:featuredmedia":[{"embeddable":true,"href":"https:\/\/berry-lights.lt\/ru\/wp-json\/wp\/v2\/media\/8504"}],"wp:attachment":[{"href":"https:\/\/berry-lights.lt\/ru\/wp-json\/wp\/v2\/media?parent=8503"}],"wp:term":[{"taxonomy":"product_cat","embeddable":true,"href":"https:\/\/berry-lights.lt\/ru\/wp-json\/wp\/v2\/product_cat?post=8503"},{"taxonomy":"product_tag","embeddable":true,"href":"https:\/\/berry-lights.lt\/ru\/wp-json\/wp\/v2\/product_tag?post=8503"}],"curies":[{"name":"wp","href":"https:\/\/api.w.org\/{rel}","templated":true}]}}