{"id":744,"date":"2016-02-12T12:28:21","date_gmt":"2016-02-12T14:28:21","guid":{"rendered":"http:\/\/berrylights.kuriamas.lt\/?post_type=product&#038;p=744"},"modified":"2025-01-26T17:39:01","modified_gmt":"2025-01-26T19:39:01","slug":"vaniliniai-ledai","status":"publish","type":"product","link":"https:\/\/berry-lights.lt\/ru\/prekes\/vaniliniai-ledai\/","title":{"rendered":"\u0412\u0430\u043d\u0438\u043b\u044c\u043d\u043e\u0435 \u043c\u043e\u0440\u043e\u0436\u0435\u043d\u043e\u0435"},"content":{"rendered":"","protected":false},"excerpt":{"rendered":"<p>\u041c\u044f\u0433\u043a\u043e\u0435 \u0441\u043e\u0447\u0435\u0442\u0430\u043d\u0438\u0435 \u043a\u0440\u0435\u043c\u043e\u0432\u043e\u0433\u043e \u0438 \u0431\u0435\u043b\u043e\u0433\u043e - \u0434\u0432\u0443\u0445 \u0446\u0432\u0435\u0442\u043e\u0432, \u043a\u043e\u0442\u043e\u0440\u044b\u0435 \u043f\u0440\u0435\u043a\u0440\u0430\u0441\u043d\u043e \u0441\u043e\u0447\u0435\u0442\u0430\u044e\u0442\u0441\u044f \u0434\u0440\u0443\u0433 \u0441 \u0434\u0440\u0443\u0433\u043e\u043c.<br \/>\n\u0427\u0443\u0432\u0441\u0442\u0432\u0435\u043d\u043d\u044b\u0439 \u0438 \u0441\u043e\u0431\u043b\u0430\u0437\u043d\u0438\u0442\u0435\u043b\u044c\u043d\u044b\u0439, \u044d\u043b\u0435\u0433\u0430\u043d\u0442\u043d\u044b\u0439 \u0438 \u0443\u0442\u043e\u043d\u0447\u0435\u043d\u043d\u044b\u0439.<\/p>\n<p>\u042d\u0442\u0430 \u0433\u0438\u0440\u043b\u044f\u043d\u0434\u0430 \u043f\u043e\u0434\u0447\u0435\u0440\u043a\u043d\u0435\u0442 \u043a\u0440\u0430\u0441\u043e\u0442\u0443 \u043b\u044e\u0431\u043e\u0433\u043e \u0438\u043d\u0442\u0435\u0440\u044c\u0435\u0440\u0430. \u0421\u043e\u0437\u0434\u0430\u0435\u0442 \u043d\u0435\u043e\u0431\u044b\u043a\u043d\u043e\u0432\u0435\u043d\u043d\u043e \u0442\u0435\u043f\u043b\u0443\u044e \u0430\u0442\u043c\u043e\u0441\u0444\u0435\u0440\u0443 \u043f\u043e\u0441\u043b\u0435 \u043d\u0430\u0441\u0442\u0443\u043f\u043b\u0435\u043d\u0438\u044f \u0442\u0435\u043c\u043d\u043e\u0442\u044b.<\/p>\n<p>\u0425\u043b\u043e\u043f\u043a\u043e\u0432\u0430\u044f \u0433\u0438\u0440\u043b\u044f\u043d\u0434\u0430 \u0440\u0443\u0447\u043d\u043e\u0439 \u0440\u0430\u0431\u043e\u0442\u044b \u0438\u0437 \u0441\u0432\u0435\u0442\u044f\u0449\u0438\u0445\u0441\u044f \u0448\u0430\u0440\u043e\u0432.<\/p>\n<p>&nbsp;<\/p>","protected":false},"featured_media":742,"template":"","meta":[],"product_cat":[17],"product_tag":[],"acf":[],"yoast_head":"<!-- This site is optimized with the Yoast SEO Premium plugin v20.8 (Yoast SEO v20.9) - https:\/\/yoast.com\/wordpress\/plugins\/seo\/ -->\n<title>Vaniliniai ledai - Berry Lights<\/title>\n<meta name=\"robots\" content=\"index, follow, max-snippet:-1, max-image-preview:large, max-video-preview:-1\" \/>\n<link rel=\"canonical\" href=\"https:\/\/berry-lights.lt\/ru\/prekes\/vaniliniai-ledai\/\" \/>\n<meta property=\"og:locale\" content=\"ru_RU\" \/>\n<meta property=\"og:type\" content=\"article\" \/>\n<meta property=\"og:title\" content=\"Vaniliniai ledai\" \/>\n<meta property=\"og:description\" content=\"\u0160velnus kremin\u0117s ir baltos spalvos derinys - dvi puikiai tarpusavyje deran\u010dios\u00a0spalvos. Jausmingas ir viliojantis, eleganti\u0161kas ir subtilus.  \u0160i girlianda\u00a0bet kuriame interjere pabr\u0117\u0161 jo gro\u017e\u012f. Sutemus sukuria nepaprastai\u00a0\u0161ilt\u0105 atmosfer\u0105.  Rank\u0173 darbo medvilnin\u0117 lempu\u010di\u0173 girlianda, kuri\u0105 sudaro \u017e\u0117rintys kamuoliukai.  &nbsp;\" \/>\n<meta property=\"og:url\" content=\"https:\/\/berry-lights.lt\/ru\/prekes\/vaniliniai-ledai\/\" \/>\n<meta property=\"og:site_name\" content=\"Berry Lights\" \/>\n<meta property=\"article:publisher\" content=\"https:\/\/www.facebook.com\/berry-lights.lt\/\" \/>\n<meta property=\"article:modified_time\" content=\"2025-01-26T19:39:01+00:00\" \/>\n<meta property=\"og:image\" content=\"http:\/\/berry-lights.lt\/wp-content\/uploads\/2016\/02\/baltassokoladas.berrylights1-min.jpg\" \/>\n\t<meta property=\"og:image:width\" content=\"666\" \/>\n\t<meta property=\"og:image:height\" content=\"1000\" \/>\n\t<meta property=\"og:image:type\" content=\"image\/jpeg\" \/>\n<meta name=\"twitter:card\" content=\"summary_large_image\" \/>\n<meta name=\"twitter:label1\" content=\"\u0414\u043e\u0441\u0442\u0443\u043f\u043d\u043e\u0441\u0442\u044c\" \/>\n\t<meta name=\"twitter:data1\" content=\"\u0412 \u043d\u0430\u043b\u0438\u0447\u0438\u0438\" \/>\n<script type=\"application\/ld+json\" class=\"yoast-schema-graph\">{\"@context\":\"https:\/\/schema.org\",\"@graph\":[{\"@type\":\"WebPage\",\"@id\":\"https:\/\/berry-lights.lt\/prekes\/vaniliniai-ledai\/\",\"url\":\"https:\/\/berry-lights.lt\/prekes\/vaniliniai-ledai\/\",\"name\":\"Vaniliniai ledai - Berry Lights\",\"isPartOf\":{\"@id\":\"https:\/\/berry-lights.lt\/#website\"},\"datePublished\":\"2016-02-12T14:28:21+00:00\",\"dateModified\":\"2025-01-26T19:39:01+00:00\",\"breadcrumb\":{\"@id\":\"https:\/\/berry-lights.lt\/prekes\/vaniliniai-ledai\/#breadcrumb\"},\"inLanguage\":\"ru-RU\",\"potentialAction\":[{\"@type\":\"ReadAction\",\"target\":[\"https:\/\/berry-lights.lt\/prekes\/vaniliniai-ledai\/\"]}]},{\"@type\":\"BreadcrumbList\",\"@id\":\"https:\/\/berry-lights.lt\/prekes\/vaniliniai-ledai\/#breadcrumb\",\"itemListElement\":[{\"@type\":\"ListItem\",\"position\":1,\"name\":\"Pagrindinis\",\"item\":\"https:\/\/berry-lights.lt\/\"},{\"@type\":\"ListItem\",\"position\":2,\"name\":\"Prek\u0117s\",\"item\":\"https:\/\/berry-lights.lt\/prekes\/\"},{\"@type\":\"ListItem\",\"position\":3,\"name\":\"Girliand\u0173 rinkiniai\",\"item\":\"https:\/\/berry-lights.lt\/produkto-kategorija\/rinkiniai\/\"},{\"@type\":\"ListItem\",\"position\":4,\"name\":\"Vaniliniai ledai\"}]},{\"@type\":\"WebSite\",\"@id\":\"https:\/\/berry-lights.lt\/#website\",\"url\":\"https:\/\/berry-lights.lt\/\",\"name\":\"Berry Lights\",\"description\":\"\",\"publisher\":{\"@id\":\"https:\/\/berry-lights.lt\/#organization\"},\"potentialAction\":[{\"@type\":\"SearchAction\",\"target\":{\"@type\":\"EntryPoint\",\"urlTemplate\":\"https:\/\/berry-lights.lt\/?s={search_term_string}\"},\"query-input\":\"required name=search_term_string\"}],\"inLanguage\":\"ru-RU\"},{\"@type\":\"Organization\",\"@id\":\"https:\/\/berry-lights.lt\/#organization\",\"name\":\"Kodilas, MB\",\"url\":\"https:\/\/berry-lights.lt\/\",\"logo\":{\"@type\":\"ImageObject\",\"inLanguage\":\"ru-RU\",\"@id\":\"https:\/\/berry-lights.lt\/#\/schema\/logo\/image\/\",\"url\":\"https:\/\/berry-lights.lt\/wp-content\/uploads\/2023\/05\/BERRYLIGHTS_LOGO_LAST.svg\",\"contentUrl\":\"https:\/\/berry-lights.lt\/wp-content\/uploads\/2023\/05\/BERRYLIGHTS_LOGO_LAST.svg\",\"width\":448,\"height\":67,\"caption\":\"Kodilas, MB\"},\"image\":{\"@id\":\"https:\/\/berry-lights.lt\/#\/schema\/logo\/image\/\"},\"sameAs\":[\"https:\/\/www.facebook.com\/berry-lights.lt\/\",\"https:\/\/www.instagram.com\/berry-lights.lt\/\"]}]}<\/script>\n<meta property=\"og:availability\" content=\"instock\" \/>\n<meta property=\"product:availability\" content=\"instock\" \/>\n<meta property=\"product:condition\" content=\"new\" \/>\n<!-- \/ Yoast SEO Premium plugin. -->","yoast_head_json":{"title":"Vaniliniai ledai - Berry Lights","robots":{"index":"index","follow":"follow","max-snippet":"max-snippet:-1","max-image-preview":"max-image-preview:large","max-video-preview":"max-video-preview:-1"},"canonical":"https:\/\/berry-lights.lt\/ru\/prekes\/vaniliniai-ledai\/","og_locale":"ru_RU","og_type":"article","og_title":"Vaniliniai ledai","og_description":"\u0160velnus kremin\u0117s ir baltos spalvos derinys - dvi puikiai tarpusavyje deran\u010dios\u00a0spalvos. Jausmingas ir viliojantis, eleganti\u0161kas ir subtilus.  \u0160i girlianda\u00a0bet kuriame interjere pabr\u0117\u0161 jo gro\u017e\u012f. Sutemus sukuria nepaprastai\u00a0\u0161ilt\u0105 atmosfer\u0105.  Rank\u0173 darbo medvilnin\u0117 lempu\u010di\u0173 girlianda, kuri\u0105 sudaro \u017e\u0117rintys kamuoliukai.  &nbsp;","og_url":"https:\/\/berry-lights.lt\/ru\/prekes\/vaniliniai-ledai\/","og_site_name":"Berry Lights","article_publisher":"https:\/\/www.facebook.com\/berry-lights.lt\/","article_modified_time":"2025-01-26T19:39:01+00:00","og_image":[{"width":666,"height":1000,"url":"http:\/\/berry-lights.lt\/wp-content\/uploads\/2016\/02\/baltassokoladas.berrylights1-min.jpg","type":"image\/jpeg"}],"twitter_card":"summary_large_image","twitter_misc":{"\u0414\u043e\u0441\u0442\u0443\u043f\u043d\u043e\u0441\u0442\u044c":"\u0412 \u043d\u0430\u043b\u0438\u0447\u0438\u0438"},"schema":{"@context":"https:\/\/schema.org","@graph":[{"@type":"WebPage","@id":"https:\/\/berry-lights.lt\/prekes\/vaniliniai-ledai\/","url":"https:\/\/berry-lights.lt\/prekes\/vaniliniai-ledai\/","name":"Vaniliniai ledai - Berry Lights","isPartOf":{"@id":"https:\/\/berry-lights.lt\/#website"},"datePublished":"2016-02-12T14:28:21+00:00","dateModified":"2025-01-26T19:39:01+00:00","breadcrumb":{"@id":"https:\/\/berry-lights.lt\/prekes\/vaniliniai-ledai\/#breadcrumb"},"inLanguage":"ru-RU","potentialAction":[{"@type":"ReadAction","target":["https:\/\/berry-lights.lt\/prekes\/vaniliniai-ledai\/"]}]},{"@type":"BreadcrumbList","@id":"https:\/\/berry-lights.lt\/prekes\/vaniliniai-ledai\/#breadcrumb","itemListElement":[{"@type":"ListItem","position":1,"name":"Pagrindinis","item":"https:\/\/berry-lights.lt\/"},{"@type":"ListItem","position":2,"name":"Prek\u0117s","item":"https:\/\/berry-lights.lt\/prekes\/"},{"@type":"ListItem","position":3,"name":"Girliand\u0173 rinkiniai","item":"https:\/\/berry-lights.lt\/produkto-kategorija\/rinkiniai\/"},{"@type":"ListItem","position":4,"name":"Vaniliniai ledai"}]},{"@type":"WebSite","@id":"https:\/\/berry-lights.lt\/#website","url":"https:\/\/berry-lights.lt\/","name":"Berry Lights","description":"","publisher":{"@id":"https:\/\/berry-lights.lt\/#organization"},"potentialAction":[{"@type":"SearchAction","target":{"@type":"EntryPoint","urlTemplate":"https:\/\/berry-lights.lt\/?s={search_term_string}"},"query-input":"required name=search_term_string"}],"inLanguage":"ru-RU"},{"@type":"Organization","@id":"https:\/\/berry-lights.lt\/#organization","name":"Kodilas, MB","url":"https:\/\/berry-lights.lt\/","logo":{"@type":"ImageObject","inLanguage":"ru-RU","@id":"https:\/\/berry-lights.lt\/#\/schema\/logo\/image\/","url":"https:\/\/berry-lights.lt\/wp-content\/uploads\/2023\/05\/BERRYLIGHTS_LOGO_LAST.svg","contentUrl":"https:\/\/berry-lights.lt\/wp-content\/uploads\/2023\/05\/BERRYLIGHTS_LOGO_LAST.svg","width":448,"height":67,"caption":"Kodilas, MB"},"image":{"@id":"https:\/\/berry-lights.lt\/#\/schema\/logo\/image\/"},"sameAs":["https:\/\/www.facebook.com\/berry-lights.lt\/","https:\/\/www.instagram.com\/berry-lights.lt\/"]}]},"og_availability":"instock","product_availability":"instock","product_condition":"new"},"_links":{"self":[{"href":"https:\/\/berry-lights.lt\/ru\/wp-json\/wp\/v2\/product\/744"}],"collection":[{"href":"https:\/\/berry-lights.lt\/ru\/wp-json\/wp\/v2\/product"}],"about":[{"href":"https:\/\/berry-lights.lt\/ru\/wp-json\/wp\/v2\/types\/product"}],"wp:featuredmedia":[{"embeddable":true,"href":"https:\/\/berry-lights.lt\/ru\/wp-json\/wp\/v2\/media\/742"}],"wp:attachment":[{"href":"https:\/\/berry-lights.lt\/ru\/wp-json\/wp\/v2\/media?parent=744"}],"wp:term":[{"taxonomy":"product_cat","embeddable":true,"href":"https:\/\/berry-lights.lt\/ru\/wp-json\/wp\/v2\/product_cat?post=744"},{"taxonomy":"product_tag","embeddable":true,"href":"https:\/\/berry-lights.lt\/ru\/wp-json\/wp\/v2\/product_tag?post=744"}],"curies":[{"name":"wp","href":"https:\/\/api.w.org\/{rel}","templated":true}]}}