{"id":5417,"date":"2019-08-05T05:12:31","date_gmt":"2019-08-05T07:12:31","guid":{"rendered":"http:\/\/berry-lights.lt\/?post_type=product&#038;p=5417"},"modified":"2024-06-12T11:39:28","modified_gmt":"2024-06-12T13:39:28","slug":"drugelis-zenkliukas","status":"publish","type":"product","link":"https:\/\/berry-lights.lt\/ru\/prekes\/drugelis-zenkliukas\/","title":{"rendered":"\u0417\u043d\u0430\u0447\u043e\u043a \u0432 \u0432\u0438\u0434\u0435 \u0431\u0430\u0431\u043e\u0447\u043a\u0438"},"content":{"rendered":"<p>\u0420\u0430\u0437\u043c\u0435\u0440\u044b: 38 x 21 \u043c\u043c<\/p>\n<ul>\n<li>\u0422\u0432\u0435\u0440\u0434\u0430\u044f \u044d\u043c\u0430\u043b\u044c \u0441 \u0433\u043b\u0430\u0434\u043a\u043e\u0439 \u0438 \u0433\u043b\u044f\u043d\u0446\u0435\u0432\u043e\u0439 \u043f\u043e\u0432\u0435\u0440\u0445\u043d\u043e\u0441\u0442\u044c\u044e.<\/li>\n<li>\u0418\u043c\u0435\u0435\u0442 2 \u0438\u0433\u043b\u044b \u0441\u0437\u0430\u0434\u0438 (\u043f\u043e\u0434\u043e\u0439\u0434\u0443\u0442 2 \u0440\u0435\u0437\u0438\u043d\u043e\u0432\u044b\u0435 \u0438\u043b\u0438 2 \u043c\u0435\u0442\u0430\u043b\u043b\u0438\u0447\u0435\u0441\u043a\u0438\u0435 \u0437\u0430\u0441\u0442\u0435\u0436\u043a\u0438 \u0441 \u0437\u0430\u043c\u043a\u043e\u043c)<\/li>\n<li>\u0412 \u043a\u043e\u043c\u043f\u043b\u0435\u043a\u0442 \u0432\u0445\u043e\u0434\u0438\u0442 \u0432\u0435\u043b\u0438\u043a\u043e\u043b\u0435\u043f\u043d\u0430\u044f \u043e\u0442\u043a\u0440\u044b\u0442\u043a\u0430.<\/li>\n<li>\u0418\u0437\u0431\u0435\u0433\u0430\u0439\u0442\u0435 \u0432\u043e\u0434\u044b.<\/li>\n<li>1 \u0437\u043d\u0430\u0447\u043e\u043a \u0431\u0443\u0434\u0435\u0442 \u0432\u043a\u043b\u044e\u0447\u0435\u043d \u0432 \u0443\u043f\u0430\u043a\u043e\u0432\u043a\u0443 \u0438\u0437 1 \u0437\u0430\u043a\u0430\u0437\u0430\u043d\u043d\u043e\u0433\u043e \u0438\u0437\u0434\u0435\u043b\u0438\u044f.<\/li>\n<\/ul>","protected":false},"excerpt":{"rendered":"<p>\u042d\u0442\u043e\u0442 \u0437\u043d\u0430\u0447\u043e\u043a \u0441 \u0431\u0430\u0431\u043e\u0447\u043a\u043e\u0439 \u0441\u0442\u0430\u043d\u0435\u0442 \u043e\u0434\u043d\u0438\u043c \u0438\u0437 \u0432\u0430\u0448\u0438\u0445 \u043b\u044e\u0431\u0438\u043c\u044b\u0445 \u0430\u043a\u0441\u0435\u0441\u0441\u0443\u0430\u0440\u043e\u0432. \u041c\u0438\u043d\u0438\u043c\u0430\u043b\u0438\u0441\u0442\u0438\u0447\u043d\u044b\u0439 \u0438 \u0443\u043d\u0438\u043a\u0430\u043b\u044c\u043d\u044b\u0439 \u0434\u0438\u0437\u0430\u0439\u043d \u043f\u043e\u0434\u043e\u0439\u0434\u0435\u0442 \u043a \u0431\u043b\u0443\u0437\u043a\u0435, \u0436\u0430\u043a\u0435\u0442\u0443, \u0440\u044e\u043a\u0437\u0430\u043a\u0443, \u0441\u0443\u043c\u043e\u0447\u043a\u0435 \u0438\u043b\u0438 \u043a\u043e\u043b\u043b\u0435\u043a\u0446\u0438\u0438 \u0437\u043d\u0430\u0447\u043a\u043e\u0432. K<span class=\"tlid-translation translation\" lang=\"lt\"><span class=\"\" title=\"\">\u042d\u043c\u0430\u043b\u044c \u0438\u043c\u0435\u0435\u0442 \u0433\u043b\u0430\u0434\u043a\u0443\u044e \u0438 \u043f\u0440\u043e\u0447\u043d\u0443\u044e \u043f\u043e\u0432\u0435\u0440\u0445\u043d\u043e\u0441\u0442\u044c, \u0430 \u043d\u0435\u043a\u043e\u0442\u043e\u0440\u044b\u0435 \u0447\u0430\u0441\u0442\u0438 \u0438\u043c\u0435\u044e\u0442 \u0437\u043e\u043b\u043e\u0442\u0438\u0441\u0442\u044b\u0439 \u0431\u043b\u0435\u0441\u043a.\u00a0<\/span><\/span><\/p>\n<p>\u0417\u043d\u0430\u0447\u043a\u0438 - \u0431\u0443\u043b\u0430\u0432\u043a\u0438 Berrylights \u043f\u043e\u0441\u0442\u0430\u0432\u043b\u044f\u044e\u0442\u0441\u044f \u0432 \u0431\u0435\u043b\u043e\u0439 \u0438\u043b\u0438 \u043a\u043e\u0440\u0438\u0447\u043d\u0435\u0432\u043e\u0439 \u043f\u043e\u0434\u0430\u0440\u043e\u0447\u043d\u043e\u0439 \u043a\u043e\u0440\u043e\u0431\u043a\u0435, \u043f\u043e\u044d\u0442\u043e\u043c\u0443 \u0432\u0430\u043c \u043d\u0435 \u043f\u0440\u0438\u0434\u0435\u0442\u0441\u044f \u0431\u0435\u0441\u043f\u043e\u043a\u043e\u0438\u0442\u044c\u0441\u044f \u043e \u0442\u043e\u043c, \u043a\u0430\u043a \u0443\u043f\u0430\u043a\u043e\u0432\u0430\u0442\u044c \u043f\u043e\u0434\u0430\u0440\u043e\u043a.<\/p>\n<div class=\"tlid-results-container results-container\"><\/div>","protected":false},"featured_media":5418,"template":"","meta":[],"product_cat":[35],"product_tag":[],"acf":[],"yoast_head":"<!-- This site is optimized with the Yoast SEO Premium plugin v20.8 (Yoast SEO v20.9) - https:\/\/yoast.com\/wordpress\/plugins\/seo\/ -->\n<title>Drugelis \u017eenkliukas - Berry Lights<\/title>\n<meta name=\"robots\" content=\"index, follow, max-snippet:-1, max-image-preview:large, max-video-preview:-1\" \/>\n<link rel=\"canonical\" href=\"https:\/\/berry-lights.lt\/ru\/prekes\/drugelis-zenkliukas\/\" \/>\n<meta property=\"og:locale\" content=\"ru_RU\" \/>\n<meta property=\"og:type\" content=\"article\" \/>\n<meta property=\"og:title\" content=\"Drugelis \u017eenkliukas\" \/>\n<meta property=\"og:description\" content=\"\u0160is drugelio\u00a0\u017eenkliukas\u00a0taps vienu mylimiausiu aksesuaru.\u00a0Minimalistinis ir i\u0161skirtinis dizainas tiks prie palaidin\u0117s, \u0161varkelio, kuprin\u0117s, rankin\u0117s ar \u012f bendr\u0105 \u017eenkliuk\u0173 kolekcij\u0105. Kieta emal\u0117 yra lygaus ir patvaraus pavir\u0161iaus, o kai kurios detal\u0117s turi auksinio blizgesio.\u00a0  Berrylights \u017eenkliukai - seg\u0117s atkeliauja baltoje ar rudoje dovan\u0173 d\u0117\u017eut\u0117je, tod\u0117l nebereik\u0117s r\u016bpintis dovanos \u012fpakavimu.\" \/>\n<meta property=\"og:url\" content=\"https:\/\/berry-lights.lt\/ru\/prekes\/drugelis-zenkliukas\/\" \/>\n<meta property=\"og:site_name\" content=\"Berry Lights\" \/>\n<meta property=\"article:publisher\" content=\"https:\/\/www.facebook.com\/berry-lights.lt\/\" \/>\n<meta property=\"article:modified_time\" content=\"2024-06-12T13:39:28+00:00\" \/>\n<meta property=\"og:image\" content=\"http:\/\/berry-lights.lt\/wp-content\/uploads\/2019\/08\/drugelis-zenkliukas-berrylights.jpg\" \/>\n\t<meta property=\"og:image:width\" content=\"1440\" \/>\n\t<meta property=\"og:image:height\" content=\"1920\" \/>\n\t<meta property=\"og:image:type\" content=\"image\/jpeg\" \/>\n<meta name=\"twitter:card\" content=\"summary_large_image\" \/>\n<meta name=\"twitter:label1\" content=\"\u0426\u0435\u043d\u0430\" \/>\n\t<meta name=\"twitter:data1\" content=\"&euro;9.00\" \/>\n\t<meta name=\"twitter:label2\" content=\"\u0414\u043e\u0441\u0442\u0443\u043f\u043d\u043e\u0441\u0442\u044c\" \/>\n\t<meta name=\"twitter:data2\" content=\"\u0412 \u043d\u0430\u043b\u0438\u0447\u0438\u0438\" \/>\n<script type=\"application\/ld+json\" class=\"yoast-schema-graph\">{\"@context\":\"https:\/\/schema.org\",\"@graph\":[{\"@type\":\"WebPage\",\"@id\":\"https:\/\/berry-lights.lt\/prekes\/drugelis-zenkliukas\/\",\"url\":\"https:\/\/berry-lights.lt\/prekes\/drugelis-zenkliukas\/\",\"name\":\"Drugelis \u017eenkliukas - Berry Lights\",\"isPartOf\":{\"@id\":\"https:\/\/berry-lights.lt\/#website\"},\"datePublished\":\"2019-08-05T07:12:31+00:00\",\"dateModified\":\"2024-06-12T13:39:28+00:00\",\"breadcrumb\":{\"@id\":\"https:\/\/berry-lights.lt\/prekes\/drugelis-zenkliukas\/#breadcrumb\"},\"inLanguage\":\"ru-RU\",\"potentialAction\":[{\"@type\":\"ReadAction\",\"target\":[\"https:\/\/berry-lights.lt\/prekes\/drugelis-zenkliukas\/\"]}]},{\"@type\":\"BreadcrumbList\",\"@id\":\"https:\/\/berry-lights.lt\/prekes\/drugelis-zenkliukas\/#breadcrumb\",\"itemListElement\":[{\"@type\":\"ListItem\",\"position\":1,\"name\":\"Pagrindinis\",\"item\":\"https:\/\/berry-lights.lt\/\"},{\"@type\":\"ListItem\",\"position\":2,\"name\":\"Prek\u0117s\",\"item\":\"https:\/\/berry-lights.lt\/prekes\/\"},{\"@type\":\"ListItem\",\"position\":3,\"name\":\"\u017denkliukai\",\"item\":\"https:\/\/berry-lights.lt\/ru\/product-category\/zenkliukai\/\"},{\"@type\":\"ListItem\",\"position\":4,\"name\":\"Drugelis \u017eenkliukas\"}]},{\"@type\":\"WebSite\",\"@id\":\"https:\/\/berry-lights.lt\/#website\",\"url\":\"https:\/\/berry-lights.lt\/\",\"name\":\"Berry Lights\",\"description\":\"\",\"publisher\":{\"@id\":\"https:\/\/berry-lights.lt\/#organization\"},\"potentialAction\":[{\"@type\":\"SearchAction\",\"target\":{\"@type\":\"EntryPoint\",\"urlTemplate\":\"https:\/\/berry-lights.lt\/?s={search_term_string}\"},\"query-input\":\"required name=search_term_string\"}],\"inLanguage\":\"ru-RU\"},{\"@type\":\"Organization\",\"@id\":\"https:\/\/berry-lights.lt\/#organization\",\"name\":\"Kodilas, MB\",\"url\":\"https:\/\/berry-lights.lt\/\",\"logo\":{\"@type\":\"ImageObject\",\"inLanguage\":\"ru-RU\",\"@id\":\"https:\/\/berry-lights.lt\/#\/schema\/logo\/image\/\",\"url\":\"https:\/\/berry-lights.lt\/wp-content\/uploads\/2023\/05\/BERRYLIGHTS_LOGO_LAST.svg\",\"contentUrl\":\"https:\/\/berry-lights.lt\/wp-content\/uploads\/2023\/05\/BERRYLIGHTS_LOGO_LAST.svg\",\"width\":448,\"height\":67,\"caption\":\"Kodilas, MB\"},\"image\":{\"@id\":\"https:\/\/berry-lights.lt\/#\/schema\/logo\/image\/\"},\"sameAs\":[\"https:\/\/www.facebook.com\/berry-lights.lt\/\",\"https:\/\/www.instagram.com\/berry-lights.lt\/\"]}]}<\/script>\n<meta property=\"product:price:amount\" content=\"9.00\" \/>\n<meta property=\"product:price:currency\" content=\"EUR\" \/>\n<meta property=\"og:availability\" content=\"instock\" \/>\n<meta property=\"product:availability\" content=\"instock\" \/>\n<meta property=\"product:condition\" content=\"new\" \/>\n<!-- \/ Yoast SEO Premium plugin. -->","yoast_head_json":{"title":"Drugelis \u017eenkliukas - Berry Lights","robots":{"index":"index","follow":"follow","max-snippet":"max-snippet:-1","max-image-preview":"max-image-preview:large","max-video-preview":"max-video-preview:-1"},"canonical":"https:\/\/berry-lights.lt\/ru\/prekes\/drugelis-zenkliukas\/","og_locale":"ru_RU","og_type":"article","og_title":"Drugelis \u017eenkliukas","og_description":"\u0160is drugelio\u00a0\u017eenkliukas\u00a0taps vienu mylimiausiu aksesuaru.\u00a0Minimalistinis ir i\u0161skirtinis dizainas tiks prie palaidin\u0117s, \u0161varkelio, kuprin\u0117s, rankin\u0117s ar \u012f bendr\u0105 \u017eenkliuk\u0173 kolekcij\u0105. Kieta emal\u0117 yra lygaus ir patvaraus pavir\u0161iaus, o kai kurios detal\u0117s turi auksinio blizgesio.\u00a0  Berrylights \u017eenkliukai - seg\u0117s atkeliauja baltoje ar rudoje dovan\u0173 d\u0117\u017eut\u0117je, tod\u0117l nebereik\u0117s r\u016bpintis dovanos \u012fpakavimu.","og_url":"https:\/\/berry-lights.lt\/ru\/prekes\/drugelis-zenkliukas\/","og_site_name":"Berry Lights","article_publisher":"https:\/\/www.facebook.com\/berry-lights.lt\/","article_modified_time":"2024-06-12T13:39:28+00:00","og_image":[{"width":1440,"height":1920,"url":"http:\/\/berry-lights.lt\/wp-content\/uploads\/2019\/08\/drugelis-zenkliukas-berrylights.jpg","type":"image\/jpeg"}],"twitter_card":"summary_large_image","twitter_misc":{"\u0426\u0435\u043d\u0430":"&euro;9.00","\u0414\u043e\u0441\u0442\u0443\u043f\u043d\u043e\u0441\u0442\u044c":"\u0412 \u043d\u0430\u043b\u0438\u0447\u0438\u0438"},"schema":{"@context":"https:\/\/schema.org","@graph":[{"@type":"WebPage","@id":"https:\/\/berry-lights.lt\/prekes\/drugelis-zenkliukas\/","url":"https:\/\/berry-lights.lt\/prekes\/drugelis-zenkliukas\/","name":"Drugelis \u017eenkliukas - Berry Lights","isPartOf":{"@id":"https:\/\/berry-lights.lt\/#website"},"datePublished":"2019-08-05T07:12:31+00:00","dateModified":"2024-06-12T13:39:28+00:00","breadcrumb":{"@id":"https:\/\/berry-lights.lt\/prekes\/drugelis-zenkliukas\/#breadcrumb"},"inLanguage":"ru-RU","potentialAction":[{"@type":"ReadAction","target":["https:\/\/berry-lights.lt\/prekes\/drugelis-zenkliukas\/"]}]},{"@type":"BreadcrumbList","@id":"https:\/\/berry-lights.lt\/prekes\/drugelis-zenkliukas\/#breadcrumb","itemListElement":[{"@type":"ListItem","position":1,"name":"Pagrindinis","item":"https:\/\/berry-lights.lt\/"},{"@type":"ListItem","position":2,"name":"Prek\u0117s","item":"https:\/\/berry-lights.lt\/prekes\/"},{"@type":"ListItem","position":3,"name":"\u017denkliukai","item":"https:\/\/berry-lights.lt\/ru\/product-category\/zenkliukai\/"},{"@type":"ListItem","position":4,"name":"Drugelis \u017eenkliukas"}]},{"@type":"WebSite","@id":"https:\/\/berry-lights.lt\/#website","url":"https:\/\/berry-lights.lt\/","name":"Berry Lights","description":"","publisher":{"@id":"https:\/\/berry-lights.lt\/#organization"},"potentialAction":[{"@type":"SearchAction","target":{"@type":"EntryPoint","urlTemplate":"https:\/\/berry-lights.lt\/?s={search_term_string}"},"query-input":"required name=search_term_string"}],"inLanguage":"ru-RU"},{"@type":"Organization","@id":"https:\/\/berry-lights.lt\/#organization","name":"Kodilas, MB","url":"https:\/\/berry-lights.lt\/","logo":{"@type":"ImageObject","inLanguage":"ru-RU","@id":"https:\/\/berry-lights.lt\/#\/schema\/logo\/image\/","url":"https:\/\/berry-lights.lt\/wp-content\/uploads\/2023\/05\/BERRYLIGHTS_LOGO_LAST.svg","contentUrl":"https:\/\/berry-lights.lt\/wp-content\/uploads\/2023\/05\/BERRYLIGHTS_LOGO_LAST.svg","width":448,"height":67,"caption":"Kodilas, MB"},"image":{"@id":"https:\/\/berry-lights.lt\/#\/schema\/logo\/image\/"},"sameAs":["https:\/\/www.facebook.com\/berry-lights.lt\/","https:\/\/www.instagram.com\/berry-lights.lt\/"]}]},"product_price_amount":"9.00","product_price_currency":"EUR","og_availability":"instock","product_availability":"instock","product_condition":"new"},"_links":{"self":[{"href":"https:\/\/berry-lights.lt\/ru\/wp-json\/wp\/v2\/product\/5417"}],"collection":[{"href":"https:\/\/berry-lights.lt\/ru\/wp-json\/wp\/v2\/product"}],"about":[{"href":"https:\/\/berry-lights.lt\/ru\/wp-json\/wp\/v2\/types\/product"}],"wp:featuredmedia":[{"embeddable":true,"href":"https:\/\/berry-lights.lt\/ru\/wp-json\/wp\/v2\/media\/5418"}],"wp:attachment":[{"href":"https:\/\/berry-lights.lt\/ru\/wp-json\/wp\/v2\/media?parent=5417"}],"wp:term":[{"taxonomy":"product_cat","embeddable":true,"href":"https:\/\/berry-lights.lt\/ru\/wp-json\/wp\/v2\/product_cat?post=5417"},{"taxonomy":"product_tag","embeddable":true,"href":"https:\/\/berry-lights.lt\/ru\/wp-json\/wp\/v2\/product_tag?post=5417"}],"curies":[{"name":"wp","href":"https:\/\/api.w.org\/{rel}","templated":true}]}}