{"id":5167,"date":"2019-05-15T10:11:34","date_gmt":"2019-05-15T12:11:34","guid":{"rendered":"http:\/\/berry-lights.lt\/?post_type=product&#038;p=5167"},"modified":"2022-12-01T07:23:12","modified_gmt":"2022-12-01T09:23:12","slug":"metines-apyranke","status":"publish","type":"product","link":"https:\/\/berry-lights.lt\/ru\/prekes\/metines-apyranke\/","title":{"rendered":"\u041c\u044f\u0442\u043d\u044b\u0439 \u0431\u0440\u0430\u0441\u043b\u0435\u0442"},"content":{"rendered":"<p>\u0415\u0441\u043b\u0438 \u0432\u044b \u0437\u0430\u043a\u0430\u0437\u044b\u0432\u0430\u0435\u0442\u0435 \u0431\u0440\u0430\u0441\u043b\u0435\u0442, \u043c\u044b \u0441\u0434\u0435\u043b\u0430\u0435\u043c \u0435\u0433\u043e \u0431\u0435\u0437 \u0438\u043c\u0435\u043d\u0438. \u0415\u0441\u043b\u0438 \u0432\u044b \u0445\u043e\u0442\u0438\u0442\u0435 \u0434\u043e\u0431\u0430\u0432\u0438\u0442\u044c \u0438\u043c\u044f, \u043f\u043e\u0436\u0430\u043b\u0443\u0439\u0441\u0442\u0430, \u0443\u043a\u0430\u0436\u0438\u0442\u0435 \u0435\u0433\u043e \u0432 \u0440\u0430\u0437\u0434\u0435\u043b\u0435 \u041f\u0420\u0418\u041c\u0415\u0427\u0410\u041d\u0418\u042f \u041a \u0417\u0410\u041a\u0410\u0417\u0423.<\/p>\n<p>\u0420\u0430\u0437\u043c\u0435\u0440\u044b: \u043c\u044b \u0438\u0437\u0433\u043e\u0442\u0430\u0432\u043b\u0438\u0432\u0430\u0435\u043c \u0440\u0430\u0437\u043c\u0435\u0440\u044b \u0438\u043d\u0434\u0438\u0432\u0438\u0434\u0443\u0430\u043b\u044c\u043d\u043e<\/p>\n<p>\u041c\u0430\u0442\u0435\u0440\u0438\u0430\u043b\u044b:<\/p>\n<ul>\n<li>\u0412\u044b\u0441\u043e\u043a\u043e\u043a\u0430\u0447\u0435\u0441\u0442\u0432\u0435\u043d\u043d\u044b\u0435 \u0430\u043a\u0440\u0438\u043b\u043e\u0432\u044b\u0435 \u0431\u0443\u0441\u0438\u043d\u044b \u0440\u0430\u0437\u043c\u0435\u0440\u043e\u043c 8 \u0438\u043b\u0438 10 \u043c\u043c.<\/li>\n<li>\u041f\u0440\u043e\u0447\u043d\u0430\u044f \u0441\u0438\u043b\u0438\u043a\u043e\u043d\u043e\u0432\u0430\u044f \u0440\u0435\u0437\u0438\u043d\u0430.<\/li>\n<li>\u0418\u0437\u0431\u0435\u0433\u0430\u0439\u0442\u0435 \u0432\u043e\u0434\u044b.<\/li>\n<li>\u041c\u0410\u041b\u0415\u041d\u042c\u041a\u0418\u0415 \u0414\u0415\u0422\u0410\u041b\u0418. \u0420\u0435\u043a\u043e\u043c\u0435\u043d\u0434\u0443\u0435\u0442\u0441\u044f \u0434\u043b\u044f \u0434\u0435\u0442\u0435\u0439 \u0432 \u0432\u043e\u0437\u0440\u0430\u0441\u0442\u0435 \u043e\u0442 3 \u043b\u0435\u0442 \u0438 \u0441\u0442\u0430\u0440\u0448\u0435.<\/li>\n<li>\u041d\u0430 \u0444\u043e\u0442\u043e\u0433\u0440\u0430\u0444\u0438\u044f\u0445 \u0438\u0437\u043e\u0431\u0440\u0430\u0436\u0435\u043d\u044b \u0430\u043a\u0440\u0438\u043b\u043e\u0432\u044b\u0435 \u0431\u0443\u0441\u0438\u043d\u044b 10 \u043c\u043c \u043c\u044f\u0442\u043d\u043e\u0433\u043e \u0446\u0432\u0435\u0442\u0430, \u043f\u0447\u0435\u043b\u043a\u0430, \u0435\u0434\u0438\u043d\u043e\u0440\u043e\u0433 \u0438 \u043a\u0438\u0441\u0442\u043e\u0447\u043a\u0438 \u0440\u043e\u0437\u043e\u0432\u043e\u0433\u043e \u0438 \u043f\u0435\u0440\u0441\u0438\u043a\u043e\u0432\u043e\u0433\u043e \u0446\u0432\u0435\u0442\u0430.<\/li>\n<\/ul>\n<p>\u0412 \u0437\u0430\u043a\u0430\u0437\u0430\u043d\u043d\u0443\u044e \u0443\u043f\u0430\u043a\u043e\u0432\u043a\u0443 \u0438\u0437 1 \u0448\u0442\u0443\u043a\u0438 \u0432\u0445\u043e\u0434\u0438\u0442 1 \u0431\u0440\u0430\u0441\u043b\u0435\u0442.<\/p>","protected":false},"excerpt":{"rendered":"<p>\u0421\u0432\u0435\u0436\u0438\u0435 \u0446\u0432\u0435\u0442\u0430\u00a0<strong><em>\u042f\u0433\u043e\u0434\u043d\u044b\u0435 \u043e\u0433\u043d\u0438<\/em><\/strong>\u00a0\u0431\u0440\u0430\u0441\u043b\u0435\u0442\u044b \u0438\u0437 \u0431\u0438\u0441\u0435\u0440\u0430. \u0411\u0440\u0430\u0441\u043b\u0435\u0442 \u043c\u043e\u0436\u0435\u0442 \u0431\u044b\u0442\u044c \u043a\u0430\u043a \u0441 \u0438\u043c\u0435\u043d\u0435\u043c, \u0442\u0430\u043a \u0438 \u0431\u0435\u0437 \u043d\u0435\u0433\u043e. \u041a\u0430\u0436\u0434\u044b\u0439 \u0431\u0440\u0430\u0441\u043b\u0435\u0442 \u0438\u043d\u0434\u0438\u0432\u0438\u0434\u0443\u0430\u043b\u0435\u043d, \u043a \u043d\u0435\u043c\u0443 \u043c\u043e\u0436\u043d\u043e \u043f\u043e\u0434\u043e\u0431\u0440\u0430\u0442\u044c \u043f\u043e\u0434\u0432\u0435\u0441\u043a\u0443 \u0438 \u0440\u0430\u0437\u043d\u043e\u0446\u0432\u0435\u0442\u043d\u0443\u044e \u043a\u0438\u0441\u0442\u043e\u0447\u043a\u0443. \u041a\u0440\u0430\u0441\u0438\u0432\u044b\u0439 \u0431\u0440\u0430\u0441\u043b\u0435\u0442 \u043f\u043e\u0441\u0442\u0430\u0432\u043b\u044f\u0435\u0442\u0441\u044f \u0432 \u0431\u0435\u043b\u043e\u0439 \u043f\u043e\u0434\u0430\u0440\u043e\u0447\u043d\u043e\u0439 \u043a\u043e\u0440\u043e\u0431\u043a\u0435, \u0447\u0442\u043e \u0434\u0435\u043b\u0430\u0435\u0442 \u0435\u0433\u043e \u0438\u0434\u0435\u0430\u043b\u044c\u043d\u044b\u043c \u043f\u043e\u0434\u0430\u0440\u043a\u043e\u043c \u043a\u0430\u043a \u0434\u043b\u044f \u0434\u0435\u0442\u0435\u0439, \u0442\u0430\u043a \u0438 \u0434\u043b\u044f \u0432\u0437\u0440\u043e\u0441\u043b\u044b\u0445.<\/p>","protected":false},"featured_media":5175,"template":"","meta":[],"product_cat":[30],"product_tag":[],"acf":[],"yoast_head":"<!-- This site is optimized with the Yoast SEO Premium plugin v20.8 (Yoast SEO v20.9) - https:\/\/yoast.com\/wordpress\/plugins\/seo\/ -->\n<title>M\u0117tin\u0117 apyrank\u0117 - Berry Lights<\/title>\n<meta name=\"robots\" content=\"index, follow, max-snippet:-1, max-image-preview:large, max-video-preview:-1\" \/>\n<link rel=\"canonical\" href=\"https:\/\/berry-lights.lt\/ru\/prekes\/metines-apyranke\/\" \/>\n<meta property=\"og:locale\" content=\"ru_RU\" \/>\n<meta property=\"og:type\" content=\"article\" \/>\n<meta property=\"og:title\" content=\"M\u0117tin\u0117 apyrank\u0117\" \/>\n<meta property=\"og:description\" content=\"Gaivi\u0173\u00a0spalv\u0173\u00a0Berry Lights\u00a0apyrank\u0117s i\u0161 karoliuk\u0173. Apyrank\u0117 gali b\u016bti su vardu arba be vardo. Kiekviena apyrank\u0117 individuali, kadangi prie jos galite pasirinkti pakabuk\u0105 ir spalving\u0105 kutuk\u0105. Gra\u017eioji\u00a0apyrank\u0117 atkeliauja baltoje dovan\u0173 d\u0117\u017eut\u0117je, tod\u0117l tai puiki dovana tiek vaikams, tiek suagusiems.\" \/>\n<meta property=\"og:url\" content=\"https:\/\/berry-lights.lt\/ru\/prekes\/metines-apyranke\/\" \/>\n<meta property=\"og:site_name\" content=\"Berry Lights\" \/>\n<meta property=\"article:publisher\" content=\"https:\/\/www.facebook.com\/berry-lights.lt\/\" \/>\n<meta property=\"article:modified_time\" content=\"2022-12-01T09:23:12+00:00\" \/>\n<meta property=\"og:image\" content=\"https:\/\/berry-lights.lt\/wp-content\/uploads\/2019\/05\/berrylights.apyranke2f-min.png\" \/>\n\t<meta property=\"og:image:width\" content=\"1440\" \/>\n\t<meta property=\"og:image:height\" content=\"1920\" \/>\n\t<meta property=\"og:image:type\" content=\"image\/png\" \/>\n<meta name=\"twitter:card\" content=\"summary_large_image\" \/>\n<meta name=\"twitter:label1\" content=\"\u0426\u0435\u043d\u0430\" \/>\n\t<meta name=\"twitter:data1\" content=\"&euro;7.50\" \/>\n\t<meta name=\"twitter:label2\" content=\"\u0414\u043e\u0441\u0442\u0443\u043f\u043d\u043e\u0441\u0442\u044c\" \/>\n\t<meta name=\"twitter:data2\" content=\"\u0412 \u043d\u0430\u043b\u0438\u0447\u0438\u0438\" \/>\n<script type=\"application\/ld+json\" class=\"yoast-schema-graph\">{\"@context\":\"https:\/\/schema.org\",\"@graph\":[{\"@type\":\"WebPage\",\"@id\":\"https:\/\/berry-lights.lt\/prekes\/metines-apyranke\/\",\"url\":\"https:\/\/berry-lights.lt\/prekes\/metines-apyranke\/\",\"name\":\"M\u0117tin\u0117 apyrank\u0117 - Berry Lights\",\"isPartOf\":{\"@id\":\"https:\/\/berry-lights.lt\/#website\"},\"datePublished\":\"2019-05-15T12:11:34+00:00\",\"dateModified\":\"2022-12-01T09:23:12+00:00\",\"breadcrumb\":{\"@id\":\"https:\/\/berry-lights.lt\/prekes\/metines-apyranke\/#breadcrumb\"},\"inLanguage\":\"ru-RU\",\"potentialAction\":[{\"@type\":\"ReadAction\",\"target\":[\"https:\/\/berry-lights.lt\/prekes\/metines-apyranke\/\"]}]},{\"@type\":\"BreadcrumbList\",\"@id\":\"https:\/\/berry-lights.lt\/prekes\/metines-apyranke\/#breadcrumb\",\"itemListElement\":[{\"@type\":\"ListItem\",\"position\":1,\"name\":\"Pagrindinis\",\"item\":\"https:\/\/berry-lights.lt\/\"},{\"@type\":\"ListItem\",\"position\":2,\"name\":\"Prek\u0117s\",\"item\":\"https:\/\/berry-lights.lt\/prekes\/\"},{\"@type\":\"ListItem\",\"position\":3,\"name\":\"Apyrank\u0117s\",\"item\":\"https:\/\/berry-lights.lt\/produkto-kategorija\/apyrankes\/\"},{\"@type\":\"ListItem\",\"position\":4,\"name\":\"Karoliuk\u0173 apyrank\u0117s\",\"item\":\"https:\/\/berry-lights.lt\/produkto-kategorija\/apyrankes\/apyrankes-su-karoliais\/\"},{\"@type\":\"ListItem\",\"position\":5,\"name\":\"M\u0117tin\u0117 apyrank\u0117\"}]},{\"@type\":\"WebSite\",\"@id\":\"https:\/\/berry-lights.lt\/#website\",\"url\":\"https:\/\/berry-lights.lt\/\",\"name\":\"Berry Lights\",\"description\":\"\",\"publisher\":{\"@id\":\"https:\/\/berry-lights.lt\/#organization\"},\"potentialAction\":[{\"@type\":\"SearchAction\",\"target\":{\"@type\":\"EntryPoint\",\"urlTemplate\":\"https:\/\/berry-lights.lt\/?s={search_term_string}\"},\"query-input\":\"required name=search_term_string\"}],\"inLanguage\":\"ru-RU\"},{\"@type\":\"Organization\",\"@id\":\"https:\/\/berry-lights.lt\/#organization\",\"name\":\"Kodilas, MB\",\"url\":\"https:\/\/berry-lights.lt\/\",\"logo\":{\"@type\":\"ImageObject\",\"inLanguage\":\"ru-RU\",\"@id\":\"https:\/\/berry-lights.lt\/#\/schema\/logo\/image\/\",\"url\":\"https:\/\/berry-lights.lt\/wp-content\/uploads\/2023\/05\/BERRYLIGHTS_LOGO_LAST.svg\",\"contentUrl\":\"https:\/\/berry-lights.lt\/wp-content\/uploads\/2023\/05\/BERRYLIGHTS_LOGO_LAST.svg\",\"width\":448,\"height\":67,\"caption\":\"Kodilas, MB\"},\"image\":{\"@id\":\"https:\/\/berry-lights.lt\/#\/schema\/logo\/image\/\"},\"sameAs\":[\"https:\/\/www.facebook.com\/berry-lights.lt\/\",\"https:\/\/www.instagram.com\/berry-lights.lt\/\"]}]}<\/script>\n<meta property=\"product:price:amount\" content=\"7.50\" \/>\n<meta property=\"product:price:currency\" content=\"EUR\" \/>\n<meta property=\"og:availability\" content=\"instock\" \/>\n<meta property=\"product:availability\" content=\"instock\" \/>\n<meta property=\"product:condition\" content=\"new\" \/>\n<!-- \/ Yoast SEO Premium plugin. -->","yoast_head_json":{"title":"M\u0117tin\u0117 apyrank\u0117 - Berry Lights","robots":{"index":"index","follow":"follow","max-snippet":"max-snippet:-1","max-image-preview":"max-image-preview:large","max-video-preview":"max-video-preview:-1"},"canonical":"https:\/\/berry-lights.lt\/ru\/prekes\/metines-apyranke\/","og_locale":"ru_RU","og_type":"article","og_title":"M\u0117tin\u0117 apyrank\u0117","og_description":"Gaivi\u0173\u00a0spalv\u0173\u00a0Berry Lights\u00a0apyrank\u0117s i\u0161 karoliuk\u0173. Apyrank\u0117 gali b\u016bti su vardu arba be vardo. Kiekviena apyrank\u0117 individuali, kadangi prie jos galite pasirinkti pakabuk\u0105 ir spalving\u0105 kutuk\u0105. Gra\u017eioji\u00a0apyrank\u0117 atkeliauja baltoje dovan\u0173 d\u0117\u017eut\u0117je, tod\u0117l tai puiki dovana tiek vaikams, tiek suagusiems.","og_url":"https:\/\/berry-lights.lt\/ru\/prekes\/metines-apyranke\/","og_site_name":"Berry Lights","article_publisher":"https:\/\/www.facebook.com\/berry-lights.lt\/","article_modified_time":"2022-12-01T09:23:12+00:00","og_image":[{"width":1440,"height":1920,"url":"https:\/\/berry-lights.lt\/wp-content\/uploads\/2019\/05\/berrylights.apyranke2f-min.png","type":"image\/png"}],"twitter_card":"summary_large_image","twitter_misc":{"\u0426\u0435\u043d\u0430":"&euro;7.50","\u0414\u043e\u0441\u0442\u0443\u043f\u043d\u043e\u0441\u0442\u044c":"\u0412 \u043d\u0430\u043b\u0438\u0447\u0438\u0438"},"schema":{"@context":"https:\/\/schema.org","@graph":[{"@type":"WebPage","@id":"https:\/\/berry-lights.lt\/prekes\/metines-apyranke\/","url":"https:\/\/berry-lights.lt\/prekes\/metines-apyranke\/","name":"M\u0117tin\u0117 apyrank\u0117 - Berry Lights","isPartOf":{"@id":"https:\/\/berry-lights.lt\/#website"},"datePublished":"2019-05-15T12:11:34+00:00","dateModified":"2022-12-01T09:23:12+00:00","breadcrumb":{"@id":"https:\/\/berry-lights.lt\/prekes\/metines-apyranke\/#breadcrumb"},"inLanguage":"ru-RU","potentialAction":[{"@type":"ReadAction","target":["https:\/\/berry-lights.lt\/prekes\/metines-apyranke\/"]}]},{"@type":"BreadcrumbList","@id":"https:\/\/berry-lights.lt\/prekes\/metines-apyranke\/#breadcrumb","itemListElement":[{"@type":"ListItem","position":1,"name":"Pagrindinis","item":"https:\/\/berry-lights.lt\/"},{"@type":"ListItem","position":2,"name":"Prek\u0117s","item":"https:\/\/berry-lights.lt\/prekes\/"},{"@type":"ListItem","position":3,"name":"Apyrank\u0117s","item":"https:\/\/berry-lights.lt\/produkto-kategorija\/apyrankes\/"},{"@type":"ListItem","position":4,"name":"Karoliuk\u0173 apyrank\u0117s","item":"https:\/\/berry-lights.lt\/produkto-kategorija\/apyrankes\/apyrankes-su-karoliais\/"},{"@type":"ListItem","position":5,"name":"M\u0117tin\u0117 apyrank\u0117"}]},{"@type":"WebSite","@id":"https:\/\/berry-lights.lt\/#website","url":"https:\/\/berry-lights.lt\/","name":"Berry Lights","description":"","publisher":{"@id":"https:\/\/berry-lights.lt\/#organization"},"potentialAction":[{"@type":"SearchAction","target":{"@type":"EntryPoint","urlTemplate":"https:\/\/berry-lights.lt\/?s={search_term_string}"},"query-input":"required name=search_term_string"}],"inLanguage":"ru-RU"},{"@type":"Organization","@id":"https:\/\/berry-lights.lt\/#organization","name":"Kodilas, MB","url":"https:\/\/berry-lights.lt\/","logo":{"@type":"ImageObject","inLanguage":"ru-RU","@id":"https:\/\/berry-lights.lt\/#\/schema\/logo\/image\/","url":"https:\/\/berry-lights.lt\/wp-content\/uploads\/2023\/05\/BERRYLIGHTS_LOGO_LAST.svg","contentUrl":"https:\/\/berry-lights.lt\/wp-content\/uploads\/2023\/05\/BERRYLIGHTS_LOGO_LAST.svg","width":448,"height":67,"caption":"Kodilas, MB"},"image":{"@id":"https:\/\/berry-lights.lt\/#\/schema\/logo\/image\/"},"sameAs":["https:\/\/www.facebook.com\/berry-lights.lt\/","https:\/\/www.instagram.com\/berry-lights.lt\/"]}]},"product_price_amount":"7.50","product_price_currency":"EUR","og_availability":"instock","product_availability":"instock","product_condition":"new"},"_links":{"self":[{"href":"https:\/\/berry-lights.lt\/ru\/wp-json\/wp\/v2\/product\/5167"}],"collection":[{"href":"https:\/\/berry-lights.lt\/ru\/wp-json\/wp\/v2\/product"}],"about":[{"href":"https:\/\/berry-lights.lt\/ru\/wp-json\/wp\/v2\/types\/product"}],"wp:featuredmedia":[{"embeddable":true,"href":"https:\/\/berry-lights.lt\/ru\/wp-json\/wp\/v2\/media\/5175"}],"wp:attachment":[{"href":"https:\/\/berry-lights.lt\/ru\/wp-json\/wp\/v2\/media?parent=5167"}],"wp:term":[{"taxonomy":"product_cat","embeddable":true,"href":"https:\/\/berry-lights.lt\/ru\/wp-json\/wp\/v2\/product_cat?post=5167"},{"taxonomy":"product_tag","embeddable":true,"href":"https:\/\/berry-lights.lt\/ru\/wp-json\/wp\/v2\/product_tag?post=5167"}],"curies":[{"name":"wp","href":"https:\/\/api.w.org\/{rel}","templated":true}]}}