{"id":4640,"date":"2018-11-18T22:01:22","date_gmt":"2018-11-19T00:01:22","guid":{"rendered":"http:\/\/berry-lights.lt\/?post_type=product&#038;p=4640"},"modified":"2024-11-28T17:52:40","modified_gmt":"2024-11-28T19:52:40","slug":"raidziu-lenta-30-x-45-cm-pilka","status":"publish","type":"product","link":"https:\/\/berry-lights.lt\/ru\/prekes\/raidziu-lenta-30-x-45-cm-pilka\/","title":{"rendered":"\u0414\u043e\u0441\u043a\u0430 \u0434\u043b\u044f \u043f\u0438\u0441\u0435\u043c 30 x 45 \u0441\u043c - \u0441\u0435\u0440\u0430\u044f"},"content":{"rendered":"<div class=\"grid-cell spec-wrapper\">\u0420\u0430\u0437\u043c\u0435\u0440 30 x 45 \u0441\u043c<\/div>\n<div class=\"grid-cell spec-wrapper\">\u0414\u0443\u0431\u043e\u0432\u0430\u044f \u043b\u0443\u043d\u043d\u0430\u044f \u0440\u0430\u043c\u0430<\/div>\n<div class=\"grid-cell spec-wrapper\">\u0412\u043d\u0443\u0442\u0440\u0435\u043d\u043d\u044f\u044f \u043e\u0442\u0434\u0435\u043b\u043a\u0430 \u0438\u0437 \u043c\u044f\u0433\u043a\u043e\u0433\u043e \u0432\u043e\u0439\u043b\u043e\u043a\u0430 PILKO, \u043f\u043b\u0430\u0441\u0442\u0438\u043a\u043e\u0432\u044b\u0435 \u0431\u0443\u043a\u0432\u044b \u0438 \u0441\u0438\u043c\u0432\u043e\u043b\u044b<\/div>\n<div class=\"grid-cell spec-wrapper\"><\/div>\n<div class=\"grid-cell spec-wrapper\"><strong>\u0412 \u043a\u043e\u043c\u043f\u043b\u0435\u043a\u0442 \u0432\u0445\u043e\u0434\u044f\u0442:<\/strong> \u0411\u0423\u041a\u0412\u0415\u041d\u041d\u0410\u042f \u0414\u041e\u0421\u041a\u0410 + 350 \u0431\u0443\u043a\u0432, \u0446\u0438\u0444\u0440 \u0438 \u0441\u0438\u043c\u0432\u043e\u043b\u043e\u0432 + \u043f\u0440\u0438\u043a\u0440\u0435\u043f\u043b\u0435\u043d\u043d\u044b\u0439 \u043a\u0440\u044e\u0447\u043e\u043a \u0438 \u043c\u0435\u0442\u0430\u043b\u043b\u0438\u0447\u0435\u0441\u043a\u0430\u044f \u043f\u043e\u0434\u0441\u0442\u0430\u0432\u043a\u0430<\/div>\n<div class=\"grid-cell spec-wrapper\"><\/div>","protected":false},"excerpt":{"rendered":"<p>Berrylights RAIDGE BOARDS \u0437\u0430\u0441\u0442\u0430\u0432\u044f\u0442 \u0441\u0442\u0435\u043d\u044b \u0432\u0430\u0448\u0435\u0433\u043e \u0434\u043e\u043c\u0430 \u0433\u043e\u0432\u043e\u0440\u0438\u0442\u044c, \u0432\u0434\u043e\u0445\u043d\u043e\u0432\u043b\u044f\u0442\u044c \u0438\u043b\u0438 \u043c\u043e\u0442\u0438\u0432\u0438\u0440\u043e\u0432\u0430\u0442\u044c. \u041e\u0441\u0442\u0430\u0432\u044c\u0442\u0435 \u043a\u043e\u0440\u043e\u0442\u043a\u0438\u0435 \u0441\u043e\u043e\u0431\u0449\u0435\u043d\u0438\u044f, \u043f\u0440\u0438\u0432\u0435\u0442\u0441\u0442\u0432\u0438\u044f, \u043d\u0430\u043f\u043e\u043c\u0438\u043d\u0430\u043d\u0438\u044f \u0438\u043b\u0438 \u043b\u044e\u0431\u043e\u0432\u043d\u044b\u0435 \u043f\u043e\u0441\u043b\u0430\u043d\u0438\u044f \u0434\u043b\u044f \u0432\u0430\u0448\u0438\u0445 \u0431\u043b\u0438\u0437\u043a\u0438\u0445.<\/p>\n<p>\u042d\u0442\u043e \u043a\u0440\u0430\u0441\u0438\u0432\u043e\u0435 \u0438 \u043e\u0440\u0438\u0433\u0438\u043d\u0430\u043b\u044c\u043d\u043e\u0435 \u0443\u043a\u0440\u0430\u0448\u0435\u043d\u0438\u0435 \u0434\u043b\u044f \u043f\u0440\u0430\u0437\u0434\u043d\u0438\u043a\u043e\u0432 \u0438 \u0444\u043e\u0442\u043e\u0441\u0435\u0441\u0441\u0438\u0439, \u0430 \u0442\u0430\u043a\u0436\u0435 \u0440\u0430\u0437\u0432\u0438\u0432\u0430\u044e\u0449\u0430\u044f \u0438\u0433\u0440\u0430 \u0434\u043b\u044f \u0434\u0435\u0442\u0435\u0439 (\u0434\u043b\u044f \u0441\u0447\u0435\u0442\u0430 \u0438 \u0440\u0430\u0441\u043f\u043e\u0437\u043d\u0430\u0432\u0430\u043d\u0438\u044f \u0431\u0443\u043a\u0432). \u0414\u043e\u0441\u043a\u0438 \u043c\u043e\u0436\u043d\u043e \u0438\u0441\u043f\u043e\u043b\u044c\u0437\u043e\u0432\u0430\u0442\u044c \u043d\u0430 \u044f\u0440\u043c\u0430\u0440\u043a\u0430\u0445, \u0432 \u0432\u0438\u0442\u0440\u0438\u043d\u0430\u0445 \u043c\u0430\u0433\u0430\u0437\u0438\u043d\u043e\u0432, \u0432 \u043f\u043e\u0435\u0437\u0434\u043a\u0430\u0445, \u0432 \u043e\u0444\u0438\u0441\u0430\u0445, \u0448\u043a\u043e\u043b\u0430\u0445 \u0438 \u0434\u0435\u0442\u0441\u043a\u0438\u0445 \u0441\u0430\u0434\u0430\u0445. \u041e\u043d\u0438 \u0438\u0434\u0435\u0430\u043b\u044c\u043d\u043e \u043f\u043e\u0434\u0445\u043e\u0434\u044f\u0442 \u0434\u043b\u044f \u043e\u0431\u044a\u044f\u0432\u043b\u0435\u043d\u0438\u044f \u043e \u0432\u0430\u0436\u043d\u044b\u0445 \u0436\u0438\u0437\u043d\u0435\u043d\u043d\u044b\u0445 \u0441\u043e\u0431\u044b\u0442\u0438\u044f\u0445. \u0420\u0438\u0441\u0443\u0439\u0442\u0435 \u043c\u0435\u043b\u043e\u043c, \u0438\u0433\u0440\u0430\u0439\u0442\u0435 \u0438 \u0432\u044b\u0440\u0430\u0436\u0430\u0439\u0442\u0435 \u0441\u0432\u043e\u0438 \u043c\u044b\u0441\u043b\u0438 \u0441 \u043f\u043e\u043c\u043e\u0449\u044c\u044e \u0434\u043e\u0441\u043e\u043a.<\/p>\n<p>\u0411\u0443\u0434\u044c\u0442\u0435 \u0442\u0432\u043e\u0440\u0446\u0430\u043c\u0438 - \u0441\u043e\u0437\u0434\u0430\u0432\u0430\u0439\u0442\u0435 \u0438 \u0434\u0435\u043b\u0438\u0442\u0435\u0441\u044c \u0441\u0432\u043e\u0438\u043c\u0438 \u0438\u0434\u0435\u044f\u043c\u0438 \u0441 \u043c\u0438\u0440\u043e\u043c!<\/p>","protected":false},"featured_media":4642,"template":"","meta":[],"product_cat":[33],"product_tag":[],"acf":[],"yoast_head":"<!-- This site is optimized with the Yoast SEO Premium plugin v20.8 (Yoast SEO v20.9) - https:\/\/yoast.com\/wordpress\/plugins\/seo\/ -->\n<title>Raid\u017ei\u0173 lenta 30 x 45 cm - Pilka - Berry Lights<\/title>\n<meta name=\"robots\" content=\"index, follow, max-snippet:-1, max-image-preview:large, max-video-preview:-1\" \/>\n<link rel=\"canonical\" href=\"https:\/\/berry-lights.lt\/ru\/prekes\/raidziu-lenta-30-x-45-cm-pilka\/\" \/>\n<meta property=\"og:locale\" content=\"ru_RU\" \/>\n<meta property=\"og:type\" content=\"article\" \/>\n<meta property=\"og:title\" content=\"Raid\u017ei\u0173 lenta 30 x 45 cm - Pilka\" \/>\n<meta property=\"og:description\" content=\"Berrylights RAID\u017dI\u0172 LENTOS\u00a0leis j\u016bs\u0173 nam\u0173 sienoms prabilti, \u012fkv\u0117pti ar motyvuoti. Palikite trumpas \u017einutes, sveikinimus, priminimus ar meil\u0117s lai\u0161kus savo mylimiesiems.  Tai gra\u017ei ir originali \u0161ven\u010di\u0173 bei fotosesij\u0173 dekoracija, lavinamasis \u017eaidimas vaikams (skai\u010diavimui ir raid\u017ei\u0173 pa\u017einimui). Lentas galite naudoti tiek mug\u0117se, parduotuvi\u0173 vitrinose, kelion\u0117se, biuruose, mokyklose ar dar\u017eeliuose. Jos puikiai tiks prane\u0161ti apie svarbiausius gyvenimo \u012fvykius. D\u0117liokite, \u017eaiskite ir reik\u0161kite savo mintis lentomis.  B\u016bkite k\u016br\u0117jais \u2013 kurkite ir dalinkit\u0117s mintimis su pasauliu !\" \/>\n<meta property=\"og:url\" content=\"https:\/\/berry-lights.lt\/ru\/prekes\/raidziu-lenta-30-x-45-cm-pilka\/\" \/>\n<meta property=\"og:site_name\" content=\"Berry Lights\" \/>\n<meta property=\"article:publisher\" content=\"https:\/\/www.facebook.com\/berry-lights.lt\/\" \/>\n<meta property=\"article:modified_time\" content=\"2024-11-28T19:52:40+00:00\" \/>\n<meta property=\"og:image\" content=\"http:\/\/berry-lights.lt\/wp-content\/uploads\/2018\/11\/berrylights-letter-board-30-x-45-grey-min-scaled.jpg\" \/>\n\t<meta property=\"og:image:width\" content=\"2131\" \/>\n\t<meta property=\"og:image:height\" content=\"2560\" \/>\n\t<meta property=\"og:image:type\" content=\"image\/jpeg\" \/>\n<meta name=\"twitter:card\" content=\"summary_large_image\" \/>\n<meta name=\"twitter:label1\" content=\"\u0426\u0435\u043d\u0430\" \/>\n\t<meta name=\"twitter:data1\" content=\"&euro;44.95\" \/>\n\t<meta name=\"twitter:label2\" content=\"\u0414\u043e\u0441\u0442\u0443\u043f\u043d\u043e\u0441\u0442\u044c\" \/>\n\t<meta name=\"twitter:data2\" content=\"\u0420\u0430\u0441\u043f\u0440\u043e\u0434\u0430\u043d\u043e\" \/>\n<script type=\"application\/ld+json\" class=\"yoast-schema-graph\">{\"@context\":\"https:\/\/schema.org\",\"@graph\":[{\"@type\":\"WebPage\",\"@id\":\"https:\/\/berry-lights.lt\/prekes\/raidziu-lenta-30-x-45-cm-pilka\/\",\"url\":\"https:\/\/berry-lights.lt\/prekes\/raidziu-lenta-30-x-45-cm-pilka\/\",\"name\":\"Raid\u017ei\u0173 lenta 30 x 45 cm - Pilka - Berry Lights\",\"isPartOf\":{\"@id\":\"https:\/\/berry-lights.lt\/#website\"},\"datePublished\":\"2018-11-19T00:01:22+00:00\",\"dateModified\":\"2024-11-28T19:52:40+00:00\",\"breadcrumb\":{\"@id\":\"https:\/\/berry-lights.lt\/prekes\/raidziu-lenta-30-x-45-cm-pilka\/#breadcrumb\"},\"inLanguage\":\"ru-RU\",\"potentialAction\":[{\"@type\":\"ReadAction\",\"target\":[\"https:\/\/berry-lights.lt\/prekes\/raidziu-lenta-30-x-45-cm-pilka\/\"]}]},{\"@type\":\"BreadcrumbList\",\"@id\":\"https:\/\/berry-lights.lt\/prekes\/raidziu-lenta-30-x-45-cm-pilka\/#breadcrumb\",\"itemListElement\":[{\"@type\":\"ListItem\",\"position\":1,\"name\":\"Pagrindinis\",\"item\":\"https:\/\/berry-lights.lt\/\"},{\"@type\":\"ListItem\",\"position\":2,\"name\":\"Prek\u0117s\",\"item\":\"https:\/\/berry-lights.lt\/prekes\/\"},{\"@type\":\"ListItem\",\"position\":3,\"name\":\"Raid\u017ei\u0173 lenta\",\"item\":\"https:\/\/berry-lights.lt\/produkto-kategorija\/raidziu-lenta\/\"},{\"@type\":\"ListItem\",\"position\":4,\"name\":\"Raid\u017ei\u0173 lenta 30 x 45 cm &#8211; Pilka\"}]},{\"@type\":\"WebSite\",\"@id\":\"https:\/\/berry-lights.lt\/#website\",\"url\":\"https:\/\/berry-lights.lt\/\",\"name\":\"Berry Lights\",\"description\":\"\",\"publisher\":{\"@id\":\"https:\/\/berry-lights.lt\/#organization\"},\"potentialAction\":[{\"@type\":\"SearchAction\",\"target\":{\"@type\":\"EntryPoint\",\"urlTemplate\":\"https:\/\/berry-lights.lt\/?s={search_term_string}\"},\"query-input\":\"required name=search_term_string\"}],\"inLanguage\":\"ru-RU\"},{\"@type\":\"Organization\",\"@id\":\"https:\/\/berry-lights.lt\/#organization\",\"name\":\"Kodilas, MB\",\"url\":\"https:\/\/berry-lights.lt\/\",\"logo\":{\"@type\":\"ImageObject\",\"inLanguage\":\"ru-RU\",\"@id\":\"https:\/\/berry-lights.lt\/#\/schema\/logo\/image\/\",\"url\":\"https:\/\/berry-lights.lt\/wp-content\/uploads\/2023\/05\/BERRYLIGHTS_LOGO_LAST.svg\",\"contentUrl\":\"https:\/\/berry-lights.lt\/wp-content\/uploads\/2023\/05\/BERRYLIGHTS_LOGO_LAST.svg\",\"width\":448,\"height\":67,\"caption\":\"Kodilas, MB\"},\"image\":{\"@id\":\"https:\/\/berry-lights.lt\/#\/schema\/logo\/image\/\"},\"sameAs\":[\"https:\/\/www.facebook.com\/berry-lights.lt\/\",\"https:\/\/www.instagram.com\/berry-lights.lt\/\"]}]}<\/script>\n<meta property=\"product:price:amount\" content=\"44.95\" \/>\n<meta property=\"product:price:currency\" content=\"EUR\" \/>\n<meta property=\"og:availability\" content=\"out of stock\" \/>\n<meta property=\"product:availability\" content=\"out of stock\" \/>\n<meta property=\"product:condition\" content=\"new\" \/>\n<!-- \/ Yoast SEO Premium plugin. -->","yoast_head_json":{"title":"Raid\u017ei\u0173 lenta 30 x 45 cm - Pilka - Berry Lights","robots":{"index":"index","follow":"follow","max-snippet":"max-snippet:-1","max-image-preview":"max-image-preview:large","max-video-preview":"max-video-preview:-1"},"canonical":"https:\/\/berry-lights.lt\/ru\/prekes\/raidziu-lenta-30-x-45-cm-pilka\/","og_locale":"ru_RU","og_type":"article","og_title":"Raid\u017ei\u0173 lenta 30 x 45 cm - Pilka","og_description":"Berrylights RAID\u017dI\u0172 LENTOS\u00a0leis j\u016bs\u0173 nam\u0173 sienoms prabilti, \u012fkv\u0117pti ar motyvuoti. Palikite trumpas \u017einutes, sveikinimus, priminimus ar meil\u0117s lai\u0161kus savo mylimiesiems.  Tai gra\u017ei ir originali \u0161ven\u010di\u0173 bei fotosesij\u0173 dekoracija, lavinamasis \u017eaidimas vaikams (skai\u010diavimui ir raid\u017ei\u0173 pa\u017einimui). Lentas galite naudoti tiek mug\u0117se, parduotuvi\u0173 vitrinose, kelion\u0117se, biuruose, mokyklose ar dar\u017eeliuose. Jos puikiai tiks prane\u0161ti apie svarbiausius gyvenimo \u012fvykius. D\u0117liokite, \u017eaiskite ir reik\u0161kite savo mintis lentomis.  B\u016bkite k\u016br\u0117jais \u2013 kurkite ir dalinkit\u0117s mintimis su pasauliu !","og_url":"https:\/\/berry-lights.lt\/ru\/prekes\/raidziu-lenta-30-x-45-cm-pilka\/","og_site_name":"Berry Lights","article_publisher":"https:\/\/www.facebook.com\/berry-lights.lt\/","article_modified_time":"2024-11-28T19:52:40+00:00","og_image":[{"width":2131,"height":2560,"url":"http:\/\/berry-lights.lt\/wp-content\/uploads\/2018\/11\/berrylights-letter-board-30-x-45-grey-min-scaled.jpg","type":"image\/jpeg"}],"twitter_card":"summary_large_image","twitter_misc":{"\u0426\u0435\u043d\u0430":"&euro;44.95","\u0414\u043e\u0441\u0442\u0443\u043f\u043d\u043e\u0441\u0442\u044c":"\u0420\u0430\u0441\u043f\u0440\u043e\u0434\u0430\u043d\u043e"},"schema":{"@context":"https:\/\/schema.org","@graph":[{"@type":"WebPage","@id":"https:\/\/berry-lights.lt\/prekes\/raidziu-lenta-30-x-45-cm-pilka\/","url":"https:\/\/berry-lights.lt\/prekes\/raidziu-lenta-30-x-45-cm-pilka\/","name":"Raid\u017ei\u0173 lenta 30 x 45 cm - Pilka - Berry Lights","isPartOf":{"@id":"https:\/\/berry-lights.lt\/#website"},"datePublished":"2018-11-19T00:01:22+00:00","dateModified":"2024-11-28T19:52:40+00:00","breadcrumb":{"@id":"https:\/\/berry-lights.lt\/prekes\/raidziu-lenta-30-x-45-cm-pilka\/#breadcrumb"},"inLanguage":"ru-RU","potentialAction":[{"@type":"ReadAction","target":["https:\/\/berry-lights.lt\/prekes\/raidziu-lenta-30-x-45-cm-pilka\/"]}]},{"@type":"BreadcrumbList","@id":"https:\/\/berry-lights.lt\/prekes\/raidziu-lenta-30-x-45-cm-pilka\/#breadcrumb","itemListElement":[{"@type":"ListItem","position":1,"name":"Pagrindinis","item":"https:\/\/berry-lights.lt\/"},{"@type":"ListItem","position":2,"name":"Prek\u0117s","item":"https:\/\/berry-lights.lt\/prekes\/"},{"@type":"ListItem","position":3,"name":"Raid\u017ei\u0173 lenta","item":"https:\/\/berry-lights.lt\/produkto-kategorija\/raidziu-lenta\/"},{"@type":"ListItem","position":4,"name":"Raid\u017ei\u0173 lenta 30 x 45 cm &#8211; Pilka"}]},{"@type":"WebSite","@id":"https:\/\/berry-lights.lt\/#website","url":"https:\/\/berry-lights.lt\/","name":"Berry Lights","description":"","publisher":{"@id":"https:\/\/berry-lights.lt\/#organization"},"potentialAction":[{"@type":"SearchAction","target":{"@type":"EntryPoint","urlTemplate":"https:\/\/berry-lights.lt\/?s={search_term_string}"},"query-input":"required name=search_term_string"}],"inLanguage":"ru-RU"},{"@type":"Organization","@id":"https:\/\/berry-lights.lt\/#organization","name":"Kodilas, MB","url":"https:\/\/berry-lights.lt\/","logo":{"@type":"ImageObject","inLanguage":"ru-RU","@id":"https:\/\/berry-lights.lt\/#\/schema\/logo\/image\/","url":"https:\/\/berry-lights.lt\/wp-content\/uploads\/2023\/05\/BERRYLIGHTS_LOGO_LAST.svg","contentUrl":"https:\/\/berry-lights.lt\/wp-content\/uploads\/2023\/05\/BERRYLIGHTS_LOGO_LAST.svg","width":448,"height":67,"caption":"Kodilas, MB"},"image":{"@id":"https:\/\/berry-lights.lt\/#\/schema\/logo\/image\/"},"sameAs":["https:\/\/www.facebook.com\/berry-lights.lt\/","https:\/\/www.instagram.com\/berry-lights.lt\/"]}]},"product_price_amount":"44.95","product_price_currency":"EUR","og_availability":"out of stock","product_availability":"out of stock","product_condition":"new"},"_links":{"self":[{"href":"https:\/\/berry-lights.lt\/ru\/wp-json\/wp\/v2\/product\/4640"}],"collection":[{"href":"https:\/\/berry-lights.lt\/ru\/wp-json\/wp\/v2\/product"}],"about":[{"href":"https:\/\/berry-lights.lt\/ru\/wp-json\/wp\/v2\/types\/product"}],"wp:featuredmedia":[{"embeddable":true,"href":"https:\/\/berry-lights.lt\/ru\/wp-json\/wp\/v2\/media\/4642"}],"wp:attachment":[{"href":"https:\/\/berry-lights.lt\/ru\/wp-json\/wp\/v2\/media?parent=4640"}],"wp:term":[{"taxonomy":"product_cat","embeddable":true,"href":"https:\/\/berry-lights.lt\/ru\/wp-json\/wp\/v2\/product_cat?post=4640"},{"taxonomy":"product_tag","embeddable":true,"href":"https:\/\/berry-lights.lt\/ru\/wp-json\/wp\/v2\/product_tag?post=4640"}],"curies":[{"name":"wp","href":"https:\/\/api.w.org\/{rel}","templated":true}]}}