{"id":10391,"date":"2023-08-16T08:17:57","date_gmt":"2023-08-16T10:17:57","guid":{"rendered":"https:\/\/berry-lights.lt\/?post_type=product&#038;p=10391"},"modified":"2023-08-16T08:24:25","modified_gmt":"2023-08-16T10:24:25","slug":"agato-apyranke-matine-oranzine","status":"publish","type":"product","link":"https:\/\/berry-lights.lt\/ru\/prekes\/agato-apyranke-matine-oranzine\/","title":{"rendered":"\u0411\u0440\u0430\u0441\u043b\u0435\u0442 \u0438\u0437 \u0430\u0433\u0430\u0442\u0430 (\u043c\u0430\u0442\u043e\u0432\u044b\u0439 \u043e\u0440\u0430\u043d\u0436\u0435\u0432\u044b\u0439)"},"content":{"rendered":"","protected":false},"excerpt":{"rendered":"<p><strong><em>\u042f\u0433\u043e\u0434\u043d\u044b\u0435 \u043e\u0433\u043d\u0438<\/em><\/strong> \u0411\u0440\u0430\u0441\u043b\u0435\u0442\u044b \u0438\u0437 \u043e\u0440\u0430\u043d\u0436\u0435\u0432\u044b\u0445 \u043c\u0430\u0442\u043e\u0432\u044b\u0445 \u043a\u0430\u043c\u043d\u0435\u0439 \u0430\u0433\u0430\u0442\u0430. \u041a\u0430\u043c\u0435\u043d\u044c (\u043a\u0440\u0438\u0441\u0442\u0430\u043b\u043b) \u0430\u0433\u0430\u0442 - \u043a\u0440\u0438\u0441\u0442\u0430\u043b\u043b \u0443\u0434\u0430\u0447\u0438, \u0441\u0447\u0430\u0441\u0442\u044c\u044f, \u043b\u044e\u0431\u0432\u0438, \u0440\u0430\u0432\u043d\u043e\u0432\u0435\u0441\u0438\u044f \u0438 \u0446\u0435\u043b\u0438\u0442\u0435\u043b\u044c \u0434\u0443\u0448\u0435\u0432\u043d\u044b\u0445 \u0440\u0430\u043d.<\/p>\n<p>\u0413\u0430\u0440\u043c\u043e\u043d\u0438\u044f, \u043f\u043e\u043c\u043e\u0433\u0430\u044e\u0449\u0430\u044f \u0441\u0431\u0430\u043b\u0430\u043d\u0441\u0438\u0440\u043e\u0432\u0430\u0442\u044c \u0444\u0438\u0437\u0438\u0447\u0435\u0441\u043a\u043e\u0435 \u0442\u0435\u043b\u043e \u0438 \u044d\u043c\u043e\u0446\u0438\u0438. \u041f\u043e\u0432\u044b\u0448\u0430\u0435\u0442 \u0432\u044b\u043d\u043e\u0441\u043b\u0438\u0432\u043e\u0441\u0442\u044c, \u0443\u0441\u0438\u043b\u0438\u0432\u0430\u0435\u0442 \u043f\u0440\u043e\u043d\u0438\u0446\u0430\u0442\u0435\u043b\u044c\u043d\u043e\u0441\u0442\u044c, \u043f\u0430\u043c\u044f\u0442\u044c, \u043a\u043e\u043d\u0446\u0435\u043d\u0442\u0440\u0430\u0446\u0438\u044e \u0432\u043d\u0438\u043c\u0430\u043d\u0438\u044f, \u0441\u0438\u043c\u0432\u043e\u043b \u0441\u0438\u043b\u044b \u0438 \u0441\u0442\u043e\u0439\u043a\u043e\u0441\u0442\u0438.<\/p>\n<p>\u0410\u0433\u0430\u0442 \u043c\u043e\u0436\u043d\u043e \u0438\u0441\u043f\u043e\u043b\u044c\u0437\u043e\u0432\u0430\u0442\u044c \u0434\u043b\u044f \u0443\u043a\u0440\u0435\u043f\u043b\u0435\u043d\u0438\u044f \u0444\u0438\u0437\u0438\u0447\u0435\u0441\u043a\u043e\u0433\u043e \u0438 \u043f\u0441\u0438\u0445\u043e\u043b\u043e\u0433\u0438\u0447\u0435\u0441\u043a\u043e\u0433\u043e \u0437\u0434\u043e\u0440\u043e\u0432\u044c\u044f, \u0430 \u0442\u0430\u043a\u0436\u0435 \u0434\u043b\u044f \u0443\u043c\u0435\u043d\u044c\u0448\u0435\u043d\u0438\u044f \u043d\u0435\u043f\u0440\u0438\u044f\u0442\u043d\u044b\u0445 \u0441\u0438\u043c\u043f\u0442\u043e\u043c\u043e\u0432, \u0442\u0430\u043a\u0438\u0445 \u043a\u0430\u043a \u0441\u0442\u0440\u0435\u0441\u0441 \u0438\u043b\u0438 \u0442\u0440\u0435\u0432\u043e\u0433\u0430.<\/p>\n<p>\u0420\u0430\u0437\u043c\u0435\u0440 \u043a\u0430\u043c\u0435\u043d\u043d\u043e\u0439 \u0431\u0443\u0441\u0438\u043d\u044b - 10 \u043c\u043c<\/p>\n<p><em>\u041f\u043e\u0434\u0435\u043b\u0438\u0442\u0435\u0441\u044c, \u0433\u0434\u0435 \u043f\u043e\u0441\u0435\u043b\u0438\u043b\u043e\u0441\u044c \u0443\u043a\u0440\u0430\u0448\u0435\u043d\u0438\u0435 Berry lights - \u043f\u0440\u0438\u0441\u044b\u043b\u0430\u0439\u0442\u0435 \u0444\u043e\u0442\u043e\u0433\u0440\u0430\u0444\u0438\u0438\u00a0<a href=\"mailto:info@berry-lights.lt\" target=\"_blank\" rel=\"noopener\">info@berry-lights.lt<\/a>\u00a0\u0438\u043b\u0438 \u043f\u043e\u0434\u043d\u044f\u0442\u044c \u043d\u0435\u043f\u043e\u0441\u0440\u0435\u0434\u0441\u0442\u0432\u0435\u043d\u043d\u043e \u043d\u0430\u00a0<a href=\"https:\/\/www.facebook.com\/berry-lights.lt\" target=\"_blank\" rel=\"noopener\">FB<\/a>\u00a0\u0421\u0442\u0435\u043d\u044b!\u00a0<span id=\"react-root\"><span data-reactid=\".0.1.0.0:0.1.1.2\"><span data-reactid=\".0.1.0.0:0.1.1.2.0\">\u2661<\/span><\/span><\/span><\/em><\/p>","protected":false},"featured_media":10402,"template":"","meta":[],"product_cat":[62],"product_tag":[],"acf":[],"yoast_head":"<!-- This site is optimized with the Yoast SEO Premium plugin v20.8 (Yoast SEO v20.9) - https:\/\/yoast.com\/wordpress\/plugins\/seo\/ -->\n<title>Agato apyrank\u0117 (matin\u0117 oran\u017ein\u0117) - Berry Lights<\/title>\n<meta name=\"robots\" content=\"index, follow, max-snippet:-1, max-image-preview:large, max-video-preview:-1\" \/>\n<link rel=\"canonical\" href=\"https:\/\/berry-lights.lt\/ru\/prekes\/agato-apyranke-matine-oranzine\/\" \/>\n<meta property=\"og:locale\" content=\"ru_RU\" \/>\n<meta property=\"og:type\" content=\"article\" \/>\n<meta property=\"og:title\" content=\"Agato apyrank\u0117 (matin\u0117 oran\u017ein\u0117)\" \/>\n<meta property=\"og:description\" content=\"Berry Lights apyrank\u0117s i\u0161 oran\u017eini\u0173 matini\u0173 agato akmen\u0173. Agato akmuo (kristalas) - s\u0117km\u0117s, laim\u0117s, meil\u0117s, pusiausvyros kristalas bei dvasini\u0173 \u017eaizd\u0173 gydytojas.  Harmonija, padeda subalansuoti fizin\u012f k\u016bn\u0105 ir emocijas. Gerina i\u0161tvermingum\u0105, didina \u012f\u017evalg\u0105, atmint\u012f, koncentracij\u0105, stiprumo ir atsparumo simbolis.  Agatas gali b\u016bti naudojamas norint padidinti savo fizin\u0119 ir psichologin\u0119 sveikat\u0105, o tai pat norint suma\u017einti nemalonius simptomus, tokius kaip stresas arba nerimas.  Akmens karoliuko dydis - 10 mm  Pasidalinkite, kur apsigyveno Berry lights papuo\u0161alas\u00a0\u2013 si\u0173skite nuotraukas\u00a0info@berry-lights.lt\u00a0arba kelkite tiesiai ant\u00a0FB\u00a0sienos !\u00a0\u2661\" \/>\n<meta property=\"og:url\" content=\"https:\/\/berry-lights.lt\/ru\/prekes\/agato-apyranke-matine-oranzine\/\" \/>\n<meta property=\"og:site_name\" content=\"Berry Lights\" \/>\n<meta property=\"article:publisher\" content=\"https:\/\/www.facebook.com\/berry-lights.lt\/\" \/>\n<meta property=\"article:modified_time\" content=\"2023-08-16T10:24:25+00:00\" \/>\n<meta property=\"og:image\" content=\"http:\/\/berry-lights.lt\/wp-content\/uploads\/2023\/08\/Berrylights-matinis-agatas--1024x1024.png\" \/>\n\t<meta property=\"og:image:width\" content=\"1024\" \/>\n\t<meta property=\"og:image:height\" content=\"1024\" \/>\n\t<meta property=\"og:image:type\" content=\"image\/png\" \/>\n<meta name=\"twitter:card\" content=\"summary_large_image\" \/>\n<meta name=\"twitter:label1\" content=\"\u0414\u043e\u0441\u0442\u0443\u043f\u043d\u043e\u0441\u0442\u044c\" \/>\n\t<meta name=\"twitter:data1\" content=\"\u0412 \u043d\u0430\u043b\u0438\u0447\u0438\u0438\" \/>\n<script type=\"application\/ld+json\" class=\"yoast-schema-graph\">{\"@context\":\"https:\/\/schema.org\",\"@graph\":[{\"@type\":\"WebPage\",\"@id\":\"https:\/\/berry-lights.lt\/prekes\/agato-apyranke-matine-oranzine\/\",\"url\":\"https:\/\/berry-lights.lt\/prekes\/agato-apyranke-matine-oranzine\/\",\"name\":\"Agato apyrank\u0117 (matin\u0117 oran\u017ein\u0117) - Berry Lights\",\"isPartOf\":{\"@id\":\"https:\/\/berry-lights.lt\/#website\"},\"datePublished\":\"2023-08-16T10:17:57+00:00\",\"dateModified\":\"2023-08-16T10:24:25+00:00\",\"breadcrumb\":{\"@id\":\"https:\/\/berry-lights.lt\/prekes\/agato-apyranke-matine-oranzine\/#breadcrumb\"},\"inLanguage\":\"ru-RU\",\"potentialAction\":[{\"@type\":\"ReadAction\",\"target\":[\"https:\/\/berry-lights.lt\/prekes\/agato-apyranke-matine-oranzine\/\"]}]},{\"@type\":\"BreadcrumbList\",\"@id\":\"https:\/\/berry-lights.lt\/prekes\/agato-apyranke-matine-oranzine\/#breadcrumb\",\"itemListElement\":[{\"@type\":\"ListItem\",\"position\":1,\"name\":\"Pagrindinis\",\"item\":\"https:\/\/berry-lights.lt\/\"},{\"@type\":\"ListItem\",\"position\":2,\"name\":\"Prek\u0117s\",\"item\":\"https:\/\/berry-lights.lt\/prekes\/\"},{\"@type\":\"ListItem\",\"position\":3,\"name\":\"Apyrank\u0117s\",\"item\":\"https:\/\/berry-lights.lt\/produkto-kategorija\/apyrankes\/\"},{\"@type\":\"ListItem\",\"position\":4,\"name\":\"Nat\u016brali\u0173 akmen\u0173 apyrank\u0117s\",\"item\":\"https:\/\/berry-lights.lt\/produkto-kategorija\/apyrankes\/naturaliu-akmenu-apyrankes\/\"},{\"@type\":\"ListItem\",\"position\":5,\"name\":\"Agato apyrank\u0117 (matin\u0117 oran\u017ein\u0117)\"}]},{\"@type\":\"WebSite\",\"@id\":\"https:\/\/berry-lights.lt\/#website\",\"url\":\"https:\/\/berry-lights.lt\/\",\"name\":\"Berry Lights\",\"description\":\"\",\"publisher\":{\"@id\":\"https:\/\/berry-lights.lt\/#organization\"},\"potentialAction\":[{\"@type\":\"SearchAction\",\"target\":{\"@type\":\"EntryPoint\",\"urlTemplate\":\"https:\/\/berry-lights.lt\/?s={search_term_string}\"},\"query-input\":\"required name=search_term_string\"}],\"inLanguage\":\"ru-RU\"},{\"@type\":\"Organization\",\"@id\":\"https:\/\/berry-lights.lt\/#organization\",\"name\":\"Kodilas, MB\",\"url\":\"https:\/\/berry-lights.lt\/\",\"logo\":{\"@type\":\"ImageObject\",\"inLanguage\":\"ru-RU\",\"@id\":\"https:\/\/berry-lights.lt\/#\/schema\/logo\/image\/\",\"url\":\"https:\/\/berry-lights.lt\/wp-content\/uploads\/2023\/05\/BERRYLIGHTS_LOGO_LAST.svg\",\"contentUrl\":\"https:\/\/berry-lights.lt\/wp-content\/uploads\/2023\/05\/BERRYLIGHTS_LOGO_LAST.svg\",\"width\":448,\"height\":67,\"caption\":\"Kodilas, MB\"},\"image\":{\"@id\":\"https:\/\/berry-lights.lt\/#\/schema\/logo\/image\/\"},\"sameAs\":[\"https:\/\/www.facebook.com\/berry-lights.lt\/\",\"https:\/\/www.instagram.com\/berry-lights.lt\/\"]}]}<\/script>\n<meta property=\"og:availability\" content=\"instock\" \/>\n<meta property=\"product:availability\" content=\"instock\" \/>\n<meta property=\"product:condition\" content=\"new\" \/>\n<!-- \/ Yoast SEO Premium plugin. -->","yoast_head_json":{"title":"Agato apyrank\u0117 (matin\u0117 oran\u017ein\u0117) - Berry Lights","robots":{"index":"index","follow":"follow","max-snippet":"max-snippet:-1","max-image-preview":"max-image-preview:large","max-video-preview":"max-video-preview:-1"},"canonical":"https:\/\/berry-lights.lt\/ru\/prekes\/agato-apyranke-matine-oranzine\/","og_locale":"ru_RU","og_type":"article","og_title":"Agato apyrank\u0117 (matin\u0117 oran\u017ein\u0117)","og_description":"Berry Lights apyrank\u0117s i\u0161 oran\u017eini\u0173 matini\u0173 agato akmen\u0173. Agato akmuo (kristalas) - s\u0117km\u0117s, laim\u0117s, meil\u0117s, pusiausvyros kristalas bei dvasini\u0173 \u017eaizd\u0173 gydytojas.  Harmonija, padeda subalansuoti fizin\u012f k\u016bn\u0105 ir emocijas. Gerina i\u0161tvermingum\u0105, didina \u012f\u017evalg\u0105, atmint\u012f, koncentracij\u0105, stiprumo ir atsparumo simbolis.  Agatas gali b\u016bti naudojamas norint padidinti savo fizin\u0119 ir psichologin\u0119 sveikat\u0105, o tai pat norint suma\u017einti nemalonius simptomus, tokius kaip stresas arba nerimas.  Akmens karoliuko dydis - 10 mm  Pasidalinkite, kur apsigyveno Berry lights papuo\u0161alas\u00a0\u2013 si\u0173skite nuotraukas\u00a0info@berry-lights.lt\u00a0arba kelkite tiesiai ant\u00a0FB\u00a0sienos !\u00a0\u2661","og_url":"https:\/\/berry-lights.lt\/ru\/prekes\/agato-apyranke-matine-oranzine\/","og_site_name":"Berry Lights","article_publisher":"https:\/\/www.facebook.com\/berry-lights.lt\/","article_modified_time":"2023-08-16T10:24:25+00:00","og_image":[{"width":1024,"height":1024,"url":"http:\/\/berry-lights.lt\/wp-content\/uploads\/2023\/08\/Berrylights-matinis-agatas--1024x1024.png","type":"image\/png"}],"twitter_card":"summary_large_image","twitter_misc":{"\u0414\u043e\u0441\u0442\u0443\u043f\u043d\u043e\u0441\u0442\u044c":"\u0412 \u043d\u0430\u043b\u0438\u0447\u0438\u0438"},"schema":{"@context":"https:\/\/schema.org","@graph":[{"@type":"WebPage","@id":"https:\/\/berry-lights.lt\/prekes\/agato-apyranke-matine-oranzine\/","url":"https:\/\/berry-lights.lt\/prekes\/agato-apyranke-matine-oranzine\/","name":"Agato apyrank\u0117 (matin\u0117 oran\u017ein\u0117) - Berry Lights","isPartOf":{"@id":"https:\/\/berry-lights.lt\/#website"},"datePublished":"2023-08-16T10:17:57+00:00","dateModified":"2023-08-16T10:24:25+00:00","breadcrumb":{"@id":"https:\/\/berry-lights.lt\/prekes\/agato-apyranke-matine-oranzine\/#breadcrumb"},"inLanguage":"ru-RU","potentialAction":[{"@type":"ReadAction","target":["https:\/\/berry-lights.lt\/prekes\/agato-apyranke-matine-oranzine\/"]}]},{"@type":"BreadcrumbList","@id":"https:\/\/berry-lights.lt\/prekes\/agato-apyranke-matine-oranzine\/#breadcrumb","itemListElement":[{"@type":"ListItem","position":1,"name":"Pagrindinis","item":"https:\/\/berry-lights.lt\/"},{"@type":"ListItem","position":2,"name":"Prek\u0117s","item":"https:\/\/berry-lights.lt\/prekes\/"},{"@type":"ListItem","position":3,"name":"Apyrank\u0117s","item":"https:\/\/berry-lights.lt\/produkto-kategorija\/apyrankes\/"},{"@type":"ListItem","position":4,"name":"Nat\u016brali\u0173 akmen\u0173 apyrank\u0117s","item":"https:\/\/berry-lights.lt\/produkto-kategorija\/apyrankes\/naturaliu-akmenu-apyrankes\/"},{"@type":"ListItem","position":5,"name":"Agato apyrank\u0117 (matin\u0117 oran\u017ein\u0117)"}]},{"@type":"WebSite","@id":"https:\/\/berry-lights.lt\/#website","url":"https:\/\/berry-lights.lt\/","name":"Berry Lights","description":"","publisher":{"@id":"https:\/\/berry-lights.lt\/#organization"},"potentialAction":[{"@type":"SearchAction","target":{"@type":"EntryPoint","urlTemplate":"https:\/\/berry-lights.lt\/?s={search_term_string}"},"query-input":"required name=search_term_string"}],"inLanguage":"ru-RU"},{"@type":"Organization","@id":"https:\/\/berry-lights.lt\/#organization","name":"Kodilas, MB","url":"https:\/\/berry-lights.lt\/","logo":{"@type":"ImageObject","inLanguage":"ru-RU","@id":"https:\/\/berry-lights.lt\/#\/schema\/logo\/image\/","url":"https:\/\/berry-lights.lt\/wp-content\/uploads\/2023\/05\/BERRYLIGHTS_LOGO_LAST.svg","contentUrl":"https:\/\/berry-lights.lt\/wp-content\/uploads\/2023\/05\/BERRYLIGHTS_LOGO_LAST.svg","width":448,"height":67,"caption":"Kodilas, MB"},"image":{"@id":"https:\/\/berry-lights.lt\/#\/schema\/logo\/image\/"},"sameAs":["https:\/\/www.facebook.com\/berry-lights.lt\/","https:\/\/www.instagram.com\/berry-lights.lt\/"]}]},"og_availability":"instock","product_availability":"instock","product_condition":"new"},"_links":{"self":[{"href":"https:\/\/berry-lights.lt\/ru\/wp-json\/wp\/v2\/product\/10391"}],"collection":[{"href":"https:\/\/berry-lights.lt\/ru\/wp-json\/wp\/v2\/product"}],"about":[{"href":"https:\/\/berry-lights.lt\/ru\/wp-json\/wp\/v2\/types\/product"}],"wp:featuredmedia":[{"embeddable":true,"href":"https:\/\/berry-lights.lt\/ru\/wp-json\/wp\/v2\/media\/10402"}],"wp:attachment":[{"href":"https:\/\/berry-lights.lt\/ru\/wp-json\/wp\/v2\/media?parent=10391"}],"wp:term":[{"taxonomy":"product_cat","embeddable":true,"href":"https:\/\/berry-lights.lt\/ru\/wp-json\/wp\/v2\/product_cat?post=10391"},{"taxonomy":"product_tag","embeddable":true,"href":"https:\/\/berry-lights.lt\/ru\/wp-json\/wp\/v2\/product_tag?post=10391"}],"curies":[{"name":"wp","href":"https:\/\/api.w.org\/{rel}","templated":true}]}}