{"id":10366,"date":"2023-08-16T07:32:53","date_gmt":"2023-08-16T09:32:53","guid":{"rendered":"https:\/\/berry-lights.lt\/?post_type=product&#038;p=10366"},"modified":"2024-06-24T09:35:25","modified_gmt":"2024-06-24T11:35:25","slug":"zadeito-apyranke-geltona-alyvine","status":"publish","type":"product","link":"https:\/\/berry-lights.lt\/ru\/prekes\/zadeito-apyranke-geltona-alyvine\/","title":{"rendered":"\u0411\u0440\u0430\u0441\u043b\u0435\u0442 \u0438\u0437 \u0436\u0430\u0434\u0435\u0438\u0442\u0430 (\u0436\u0435\u043b\u0442\u044b\u0439 \u0438 \u0441\u0438\u0440\u0435\u043d\u0435\u0432\u044b\u0439)"},"content":{"rendered":"","protected":false},"excerpt":{"rendered":"<p><strong><em>\u042f\u0433\u043e\u0434\u043d\u044b\u0435 \u043e\u0433\u043d\u0438<\/em><\/strong> \u0411\u0440\u0430\u0441\u043b\u0435\u0442\u044b \u0438\u0437 \u0436\u0435\u043b\u0442\u044b\u0445 \u0438 \u0441\u0438\u0440\u0435\u043d\u0435\u0432\u044b\u0445 \u043a\u0430\u043c\u043d\u0435\u0439 \u0436\u0430\u0434\u0435\u0438\u0442\u0430. \u041c\u0430\u0433\u0438\u0447\u0435\u0441\u043a\u0438\u0439 \u043a\u0430\u043c\u0435\u043d\u044c (\u043a\u0440\u0438\u0441\u0442\u0430\u043b\u043b) \u0436\u0430\u0434\u0435\u0438\u0442 \u043e\u0431\u0435\u0440\u0435\u0433\u0430\u0435\u0442 \u0437\u0434\u043e\u0440\u043e\u0432\u044c\u0435 \u0447\u0435\u043b\u043e\u0432\u0435\u043a\u0430, \u0430 \u0438\u0437\u043b\u0443\u0447\u0430\u0435\u043c\u0430\u044f \u0438\u043c \u044d\u043d\u0435\u0440\u0433\u0438\u044f \u0443\u043a\u0440\u0435\u043f\u043b\u044f\u0435\u0442 \u043d\u0435\u0440\u0432\u043d\u0443\u044e \u0441\u0438\u0441\u0442\u0435\u043c\u0443. \u041e\u043d \u0434\u0430\u0435\u0442 \u0441\u0438\u043b\u044b \u043d\u0435 \u0441\u0434\u0430\u0432\u0430\u0442\u044c\u0441\u044f \u0438 \u0438\u0434\u0442\u0438 \u043a \u0441\u0432\u043e\u0435\u0439 \u0446\u0435\u043b\u0438, \u0443\u043d\u0438\u0447\u0442\u043e\u0436\u0430\u0435\u0442 \u0441\u0430\u043c\u043e\u043a\u0440\u0438\u0442\u0438\u0447\u043d\u044b\u0435 \u043c\u044b\u0441\u043b\u0438 \u0438 \u0441\u0430\u043c\u043e\u043e\u0433\u0440\u0430\u043d\u0438\u0447\u0435\u043d\u0438\u044f.<\/p>\n<p>\u042d\u0442\u043e\u0442 \u043a\u0440\u0438\u0441\u0442\u0430\u043b\u043b \u0442\u0435\u0441\u043d\u043e \u0441\u0432\u044f\u0437\u0430\u043d \u0441 \u043f\u0440\u0438\u0440\u043e\u0434\u043e\u0439, \u043f\u043e\u043c\u043e\u0433\u0430\u0435\u0442 \u0433\u043b\u0443\u0431\u0436\u0435 \u043f\u043e\u0437\u043d\u0430\u0442\u044c \u0441\u0432\u043e\u0435 \u0442\u0435\u043b\u043e \u0438 \u043f\u0440\u0438\u043d\u043e\u0441\u0438\u0442 \u0432\u043d\u0443\u0442\u0440\u0435\u043d\u043d\u044e\u044e \u0433\u0430\u0440\u043c\u043e\u043d\u0438\u044e.<\/p>\n<p>\u0411\u0430\u043d\u043d\u044b\u0439 \u043a\u0430\u043c\u0435\u043d\u044c \u0434\u043e\u043b\u0433\u043e\u0432\u0435\u0447\u0435\u043d, \u0443\u0441\u0442\u043e\u0439\u0447\u0438\u0432 \u043a \u043f\u0435\u0440\u0435\u043f\u0430\u0434\u0430\u043c \u0442\u0435\u043c\u043f\u0435\u0440\u0430\u0442\u0443\u0440 \u0438 \u043f\u0440\u0438 \u043d\u0430\u0433\u0440\u0435\u0432\u0430\u043d\u0438\u0438 \u0438\u043e\u043d\u0438\u0437\u0438\u0440\u0443\u0435\u0442 \u0432\u043e\u0437\u0434\u0443\u0445.<\/p>\n<p>\u0420\u0430\u0437\u043c\u0435\u0440 \u043a\u0430\u043c\u0435\u043d\u043d\u043e\u0439 \u0431\u0443\u0441\u0438\u043d\u044b - 10 \u043c\u043c<\/p>\n<p><em>\u041f\u043e\u0434\u0435\u043b\u0438\u0442\u0435\u0441\u044c, \u0433\u0434\u0435 \u043f\u043e\u0441\u0435\u043b\u0438\u043b\u043e\u0441\u044c \u0443\u043a\u0440\u0430\u0448\u0435\u043d\u0438\u0435 Berry lights - \u043f\u0440\u0438\u0441\u044b\u043b\u0430\u0439\u0442\u0435 \u0444\u043e\u0442\u043e\u0433\u0440\u0430\u0444\u0438\u0438\u00a0<a href=\"mailto:info@berry-lights.lt\" target=\"_blank\" rel=\"noopener\">info@berry-lights.lt<\/a>\u00a0\u0438\u043b\u0438 \u043f\u043e\u0434\u043d\u044f\u0442\u044c \u043d\u0435\u043f\u043e\u0441\u0440\u0435\u0434\u0441\u0442\u0432\u0435\u043d\u043d\u043e \u043d\u0430\u00a0<a href=\"https:\/\/www.facebook.com\/berry-lights.lt\" target=\"_blank\" rel=\"noopener\">FB<\/a>\u00a0\u0421\u0442\u0435\u043d\u044b!\u00a0<span id=\"react-root\"><span data-reactid=\".0.1.0.0:0.1.1.2\"><span data-reactid=\".0.1.0.0:0.1.1.2.0\">\u2661<\/span><\/span><\/span><\/em><\/p>","protected":false},"featured_media":10377,"template":"","meta":[],"product_cat":[62],"product_tag":[],"acf":[],"yoast_head":"<!-- This site is optimized with the Yoast SEO Premium plugin v20.8 (Yoast SEO v20.9) - https:\/\/yoast.com\/wordpress\/plugins\/seo\/ -->\n<title>\u017dadeito apyrank\u0117 (geltona ir alyvin\u0117) - Berry Lights<\/title>\n<meta name=\"robots\" content=\"index, follow, max-snippet:-1, max-image-preview:large, max-video-preview:-1\" \/>\n<link rel=\"canonical\" href=\"https:\/\/berry-lights.lt\/ru\/prekes\/zadeito-apyranke-geltona-alyvine\/\" \/>\n<meta property=\"og:locale\" content=\"ru_RU\" \/>\n<meta property=\"og:type\" content=\"article\" \/>\n<meta property=\"og:title\" content=\"\u017dadeito apyrank\u0117 (geltona ir alyvin\u0117)\" \/>\n<meta property=\"og:description\" content=\"Berry Lights apyrank\u0117s i\u0161 geltonos su alyvine spalvos \u017eadeito akmen\u0173. Magi\u0161kas \u017eadeito akmuo (kristalas) saugo \u017emogaus sveikat\u0105, jo i\u0161skiriama energija stiprina nerv\u0173 sistem\u0105. Suteikia j\u0117g\u0173 nepasiduoti ir siekti savo tiksl\u0173, naikina savikriti\u0161kas mintis ir sav\u0119s apribojimus.  \u0160is kristalas glaud\u017eiai susij\u0119s su gamta, padeda giliau pa\u017einti savo k\u016bn\u0105, suteikia vidin\u0119 harmonij\u0105.  Pirties akmuo - patvarus ir atsparus temperat\u016bros poky\u010diams, o kaitinamas jonizuoja or\u0105.  Akmens karoliuko dydis - 10 mm  Pasidalinkite, kur apsigyveno Berry lights papuo\u0161alas\u00a0\u2013 si\u0173skite nuotraukas\u00a0info@berry-lights.lt\u00a0arba kelkite tiesiai ant\u00a0FB\u00a0sienos !\u00a0\u2661\" \/>\n<meta property=\"og:url\" content=\"https:\/\/berry-lights.lt\/ru\/prekes\/zadeito-apyranke-geltona-alyvine\/\" \/>\n<meta property=\"og:site_name\" content=\"Berry Lights\" \/>\n<meta property=\"article:publisher\" content=\"https:\/\/www.facebook.com\/berry-lights.lt\/\" \/>\n<meta property=\"article:modified_time\" content=\"2024-06-24T11:35:25+00:00\" \/>\n<meta property=\"og:image\" content=\"http:\/\/berry-lights.lt\/wp-content\/uploads\/2023\/08\/Berrylights-apyranke-zadeitas-geltonas-su-alyvine-1024x1024.png\" \/>\n\t<meta property=\"og:image:width\" content=\"1024\" \/>\n\t<meta property=\"og:image:height\" content=\"1024\" \/>\n\t<meta property=\"og:image:type\" content=\"image\/png\" \/>\n<meta name=\"twitter:card\" content=\"summary_large_image\" \/>\n<meta name=\"twitter:label1\" content=\"\u0414\u043e\u0441\u0442\u0443\u043f\u043d\u043e\u0441\u0442\u044c\" \/>\n\t<meta name=\"twitter:data1\" content=\"\u0412 \u043d\u0430\u043b\u0438\u0447\u0438\u0438\" \/>\n<script type=\"application\/ld+json\" class=\"yoast-schema-graph\">{\"@context\":\"https:\/\/schema.org\",\"@graph\":[{\"@type\":\"WebPage\",\"@id\":\"https:\/\/berry-lights.lt\/prekes\/zadeito-apyranke-geltona-alyvine\/\",\"url\":\"https:\/\/berry-lights.lt\/prekes\/zadeito-apyranke-geltona-alyvine\/\",\"name\":\"\u017dadeito apyrank\u0117 (geltona ir alyvin\u0117) - Berry Lights\",\"isPartOf\":{\"@id\":\"https:\/\/berry-lights.lt\/#website\"},\"datePublished\":\"2023-08-16T09:32:53+00:00\",\"dateModified\":\"2024-06-24T11:35:25+00:00\",\"breadcrumb\":{\"@id\":\"https:\/\/berry-lights.lt\/prekes\/zadeito-apyranke-geltona-alyvine\/#breadcrumb\"},\"inLanguage\":\"ru-RU\",\"potentialAction\":[{\"@type\":\"ReadAction\",\"target\":[\"https:\/\/berry-lights.lt\/prekes\/zadeito-apyranke-geltona-alyvine\/\"]}]},{\"@type\":\"BreadcrumbList\",\"@id\":\"https:\/\/berry-lights.lt\/prekes\/zadeito-apyranke-geltona-alyvine\/#breadcrumb\",\"itemListElement\":[{\"@type\":\"ListItem\",\"position\":1,\"name\":\"Pagrindinis\",\"item\":\"https:\/\/berry-lights.lt\/\"},{\"@type\":\"ListItem\",\"position\":2,\"name\":\"Prek\u0117s\",\"item\":\"https:\/\/berry-lights.lt\/prekes\/\"},{\"@type\":\"ListItem\",\"position\":3,\"name\":\"Apyrank\u0117s\",\"item\":\"https:\/\/berry-lights.lt\/produkto-kategorija\/apyrankes\/\"},{\"@type\":\"ListItem\",\"position\":4,\"name\":\"Nat\u016brali\u0173 akmen\u0173 apyrank\u0117s\",\"item\":\"https:\/\/berry-lights.lt\/produkto-kategorija\/apyrankes\/naturaliu-akmenu-apyrankes\/\"},{\"@type\":\"ListItem\",\"position\":5,\"name\":\"\u017dadeito apyrank\u0117 (geltona ir alyvin\u0117)\"}]},{\"@type\":\"WebSite\",\"@id\":\"https:\/\/berry-lights.lt\/#website\",\"url\":\"https:\/\/berry-lights.lt\/\",\"name\":\"Berry Lights\",\"description\":\"\",\"publisher\":{\"@id\":\"https:\/\/berry-lights.lt\/#organization\"},\"potentialAction\":[{\"@type\":\"SearchAction\",\"target\":{\"@type\":\"EntryPoint\",\"urlTemplate\":\"https:\/\/berry-lights.lt\/?s={search_term_string}\"},\"query-input\":\"required name=search_term_string\"}],\"inLanguage\":\"ru-RU\"},{\"@type\":\"Organization\",\"@id\":\"https:\/\/berry-lights.lt\/#organization\",\"name\":\"Kodilas, MB\",\"url\":\"https:\/\/berry-lights.lt\/\",\"logo\":{\"@type\":\"ImageObject\",\"inLanguage\":\"ru-RU\",\"@id\":\"https:\/\/berry-lights.lt\/#\/schema\/logo\/image\/\",\"url\":\"https:\/\/berry-lights.lt\/wp-content\/uploads\/2023\/05\/BERRYLIGHTS_LOGO_LAST.svg\",\"contentUrl\":\"https:\/\/berry-lights.lt\/wp-content\/uploads\/2023\/05\/BERRYLIGHTS_LOGO_LAST.svg\",\"width\":448,\"height\":67,\"caption\":\"Kodilas, MB\"},\"image\":{\"@id\":\"https:\/\/berry-lights.lt\/#\/schema\/logo\/image\/\"},\"sameAs\":[\"https:\/\/www.facebook.com\/berry-lights.lt\/\",\"https:\/\/www.instagram.com\/berry-lights.lt\/\"]}]}<\/script>\n<meta property=\"og:availability\" content=\"instock\" \/>\n<meta property=\"product:availability\" content=\"instock\" \/>\n<meta property=\"product:condition\" content=\"new\" \/>\n<!-- \/ Yoast SEO Premium plugin. -->","yoast_head_json":{"title":"\u017dadeito apyrank\u0117 (geltona ir alyvin\u0117) - Berry Lights","robots":{"index":"index","follow":"follow","max-snippet":"max-snippet:-1","max-image-preview":"max-image-preview:large","max-video-preview":"max-video-preview:-1"},"canonical":"https:\/\/berry-lights.lt\/ru\/prekes\/zadeito-apyranke-geltona-alyvine\/","og_locale":"ru_RU","og_type":"article","og_title":"\u017dadeito apyrank\u0117 (geltona ir alyvin\u0117)","og_description":"Berry Lights apyrank\u0117s i\u0161 geltonos su alyvine spalvos \u017eadeito akmen\u0173. Magi\u0161kas \u017eadeito akmuo (kristalas) saugo \u017emogaus sveikat\u0105, jo i\u0161skiriama energija stiprina nerv\u0173 sistem\u0105. Suteikia j\u0117g\u0173 nepasiduoti ir siekti savo tiksl\u0173, naikina savikriti\u0161kas mintis ir sav\u0119s apribojimus.  \u0160is kristalas glaud\u017eiai susij\u0119s su gamta, padeda giliau pa\u017einti savo k\u016bn\u0105, suteikia vidin\u0119 harmonij\u0105.  Pirties akmuo - patvarus ir atsparus temperat\u016bros poky\u010diams, o kaitinamas jonizuoja or\u0105.  Akmens karoliuko dydis - 10 mm  Pasidalinkite, kur apsigyveno Berry lights papuo\u0161alas\u00a0\u2013 si\u0173skite nuotraukas\u00a0info@berry-lights.lt\u00a0arba kelkite tiesiai ant\u00a0FB\u00a0sienos !\u00a0\u2661","og_url":"https:\/\/berry-lights.lt\/ru\/prekes\/zadeito-apyranke-geltona-alyvine\/","og_site_name":"Berry Lights","article_publisher":"https:\/\/www.facebook.com\/berry-lights.lt\/","article_modified_time":"2024-06-24T11:35:25+00:00","og_image":[{"width":1024,"height":1024,"url":"http:\/\/berry-lights.lt\/wp-content\/uploads\/2023\/08\/Berrylights-apyranke-zadeitas-geltonas-su-alyvine-1024x1024.png","type":"image\/png"}],"twitter_card":"summary_large_image","twitter_misc":{"\u0414\u043e\u0441\u0442\u0443\u043f\u043d\u043e\u0441\u0442\u044c":"\u0412 \u043d\u0430\u043b\u0438\u0447\u0438\u0438"},"schema":{"@context":"https:\/\/schema.org","@graph":[{"@type":"WebPage","@id":"https:\/\/berry-lights.lt\/prekes\/zadeito-apyranke-geltona-alyvine\/","url":"https:\/\/berry-lights.lt\/prekes\/zadeito-apyranke-geltona-alyvine\/","name":"\u017dadeito apyrank\u0117 (geltona ir alyvin\u0117) - Berry Lights","isPartOf":{"@id":"https:\/\/berry-lights.lt\/#website"},"datePublished":"2023-08-16T09:32:53+00:00","dateModified":"2024-06-24T11:35:25+00:00","breadcrumb":{"@id":"https:\/\/berry-lights.lt\/prekes\/zadeito-apyranke-geltona-alyvine\/#breadcrumb"},"inLanguage":"ru-RU","potentialAction":[{"@type":"ReadAction","target":["https:\/\/berry-lights.lt\/prekes\/zadeito-apyranke-geltona-alyvine\/"]}]},{"@type":"BreadcrumbList","@id":"https:\/\/berry-lights.lt\/prekes\/zadeito-apyranke-geltona-alyvine\/#breadcrumb","itemListElement":[{"@type":"ListItem","position":1,"name":"Pagrindinis","item":"https:\/\/berry-lights.lt\/"},{"@type":"ListItem","position":2,"name":"Prek\u0117s","item":"https:\/\/berry-lights.lt\/prekes\/"},{"@type":"ListItem","position":3,"name":"Apyrank\u0117s","item":"https:\/\/berry-lights.lt\/produkto-kategorija\/apyrankes\/"},{"@type":"ListItem","position":4,"name":"Nat\u016brali\u0173 akmen\u0173 apyrank\u0117s","item":"https:\/\/berry-lights.lt\/produkto-kategorija\/apyrankes\/naturaliu-akmenu-apyrankes\/"},{"@type":"ListItem","position":5,"name":"\u017dadeito apyrank\u0117 (geltona ir alyvin\u0117)"}]},{"@type":"WebSite","@id":"https:\/\/berry-lights.lt\/#website","url":"https:\/\/berry-lights.lt\/","name":"Berry Lights","description":"","publisher":{"@id":"https:\/\/berry-lights.lt\/#organization"},"potentialAction":[{"@type":"SearchAction","target":{"@type":"EntryPoint","urlTemplate":"https:\/\/berry-lights.lt\/?s={search_term_string}"},"query-input":"required name=search_term_string"}],"inLanguage":"ru-RU"},{"@type":"Organization","@id":"https:\/\/berry-lights.lt\/#organization","name":"Kodilas, MB","url":"https:\/\/berry-lights.lt\/","logo":{"@type":"ImageObject","inLanguage":"ru-RU","@id":"https:\/\/berry-lights.lt\/#\/schema\/logo\/image\/","url":"https:\/\/berry-lights.lt\/wp-content\/uploads\/2023\/05\/BERRYLIGHTS_LOGO_LAST.svg","contentUrl":"https:\/\/berry-lights.lt\/wp-content\/uploads\/2023\/05\/BERRYLIGHTS_LOGO_LAST.svg","width":448,"height":67,"caption":"Kodilas, MB"},"image":{"@id":"https:\/\/berry-lights.lt\/#\/schema\/logo\/image\/"},"sameAs":["https:\/\/www.facebook.com\/berry-lights.lt\/","https:\/\/www.instagram.com\/berry-lights.lt\/"]}]},"og_availability":"instock","product_availability":"instock","product_condition":"new"},"_links":{"self":[{"href":"https:\/\/berry-lights.lt\/ru\/wp-json\/wp\/v2\/product\/10366"}],"collection":[{"href":"https:\/\/berry-lights.lt\/ru\/wp-json\/wp\/v2\/product"}],"about":[{"href":"https:\/\/berry-lights.lt\/ru\/wp-json\/wp\/v2\/types\/product"}],"wp:featuredmedia":[{"embeddable":true,"href":"https:\/\/berry-lights.lt\/ru\/wp-json\/wp\/v2\/media\/10377"}],"wp:attachment":[{"href":"https:\/\/berry-lights.lt\/ru\/wp-json\/wp\/v2\/media?parent=10366"}],"wp:term":[{"taxonomy":"product_cat","embeddable":true,"href":"https:\/\/berry-lights.lt\/ru\/wp-json\/wp\/v2\/product_cat?post=10366"},{"taxonomy":"product_tag","embeddable":true,"href":"https:\/\/berry-lights.lt\/ru\/wp-json\/wp\/v2\/product_tag?post=10366"}],"curies":[{"name":"wp","href":"https:\/\/api.w.org\/{rel}","templated":true}]}}