{"id":22,"date":"2015-11-18T05:15:41","date_gmt":"2015-11-18T07:15:41","guid":{"rendered":"http:\/\/berrylights.kuriamas.lt\/?page_id=22"},"modified":"2025-03-06T17:48:45","modified_gmt":"2025-03-06T19:48:45","slug":"apie-mus","status":"publish","type":"page","link":"https:\/\/berry-lights.lt\/ru\/apie-mus\/","title":{"rendered":"\u041e \u043d\u0430\u0441"},"content":{"rendered":"<div data-elementor-type=\"wp-page\" data-elementor-id=\"22\" class=\"elementor elementor-22\" data-elementor-post-type=\"page\">\n\t\t\t\t\t\t\t\t\t<section class=\"elementor-section elementor-top-section elementor-element elementor-element-5ee1c6c6 elementor-section-boxed elementor-section-height-default elementor-section-height-default\" data-id=\"5ee1c6c6\" data-element_type=\"section\">\n\t\t\t\t\t\t<div class=\"elementor-container elementor-column-gap-default\">\n\t\t\t\t\t<div class=\"elementor-column elementor-col-100 elementor-top-column elementor-element elementor-element-3b59b350\" data-id=\"3b59b350\" data-element_type=\"column\">\n\t\t\t<div class=\"elementor-widget-wrap elementor-element-populated\">\n\t\t\t\t\t\t\t\t<div class=\"elementor-element elementor-element-5bb84882 elementor-widget elementor-widget-text-editor\" data-id=\"5bb84882\" data-element_type=\"widget\" data-widget_type=\"text-editor.default\">\n\t\t\t\t<div class=\"elementor-widget-container\">\n\t\t\t<style>\/*! elementor - v3.15.0 - 02-08-2023 *\/\n.elementor-widget-text-editor.elementor-drop-cap-view-stacked .elementor-drop-cap{background-color:#69727d;color:#fff}.elementor-widget-text-editor.elementor-drop-cap-view-framed .elementor-drop-cap{color:#69727d;border:3px solid;background-color:transparent}.elementor-widget-text-editor:not(.elementor-drop-cap-view-default) .elementor-drop-cap{margin-top:8px}.elementor-widget-text-editor:not(.elementor-drop-cap-view-default) .elementor-drop-cap-letter{width:1em;height:1em}.elementor-widget-text-editor .elementor-drop-cap{float:left;text-align:center;line-height:1;font-size:50px}.elementor-widget-text-editor .elementor-drop-cap-letter{display:inline-block}<\/style>\t\t\t\t<div class=\"row\"><div class=\"col-xs-12 col-sm-7 col-md-7 col-lg-7\"><p style=\"text-align: left;\">\u041a\u043e\u043c\u0430\u043d\u0434\u0430 Berry Lights \u0432\u0435\u0440\u0438\u0442, \u0447\u0442\u043e \u043f\u0440\u0438\u044f\u0442\u043d\u044b\u0435 \u0432\u0435\u0449\u0438 \u043c\u043e\u0433\u0443\u0442 \u0441\u0434\u0435\u043b\u0430\u0442\u044c \u043b\u044e\u0434\u0435\u0439 \u0441\u0447\u0430\u0441\u0442\u043b\u0438\u0432\u044b\u043c\u0438.<\/p><p style=\"text-align: left;\">\u041c\u044b \u043d\u0430\u0447\u0430\u043b\u0438 \u0432 2014 \u0433\u043e\u0434\u0443 \u0441 \u043d\u0435\u0432\u0435\u0440\u043e\u044f\u0442\u043d\u043e\u0439 \u0438\u0434\u0435\u0438, \u0438 \u0441\u0435\u0439\u0447\u0430\u0441 \u043c\u044b \u043c\u043e\u0436\u0435\u043c \u043d\u0430\u0437\u0432\u0430\u0442\u044c \u0441\u0435\u0431\u044f \u0441\u0430\u043c\u044b\u043c \u0441\u0438\u043b\u044c\u043d\u044b\u043c \u043f\u043e\u0441\u0442\u0430\u0432\u0449\u0438\u043a\u043e\u043c \u0414\u0420\u0415\u0412\u0415\u0421\u041d\u042b\u0425 \u0428\u0410\u0420\u041e\u0412 \u0432 \u041b\u0438\u0442\u0432\u0435.<\/p><p style=\"text-align: left;\">\u041c\u044b \u0441\u0442\u0440\u0435\u043c\u0438\u043c\u0441\u044f \u043a \u0442\u043e\u043c\u0443, \u0447\u0442\u043e\u0431\u044b \u0446\u0432\u0435\u0442\u043d\u044b\u0435 \u0448\u0430\u0440\u044b \u043d\u0430\u043f\u043e\u043b\u043d\u0438\u043b\u0438 \u0432\u0430\u0448 \u0434\u043e\u043c \u0442\u0435\u043f\u043b\u043e\u043c \u0438 \u0440\u0430\u0434\u043e\u0441\u0442\u044c\u044e \u0438 \u0441\u0434\u0435\u043b\u0430\u043b\u0438 \u0436\u0438\u0437\u043d\u044c \u043d\u0435\u043c\u043d\u043e\u0433\u043e \u043a\u0440\u0430\u0441\u043e\u0447\u043d\u0435\u0435. \u041c\u044b \u043f\u0440\u0438\u0433\u043b\u0430\u0448\u0430\u0435\u043c \u0432\u0430\u0441 \u043e\u043a\u0443\u043d\u0443\u0442\u044c\u0441\u044f \u0432 \u0438\u0433\u0440\u0443 \u043a\u0440\u0430\u0441\u043e\u043a, \u0432\u044b\u0431\u0440\u0430\u0432 \u0433\u0438\u0440\u043b\u044f\u043d\u0434\u0443 \u0441\u0432\u043e\u0435\u0439 \u043c\u0435\u0447\u0442\u044b \u0438\u043b\u0438 \u043e\u0434\u0438\u043d \u0438\u0437 \u043d\u0430\u0448\u0438\u0445 \u0441\u043f\u0435\u0446\u0438\u0430\u043b\u044c\u043d\u043e \u0440\u0430\u0437\u0440\u0430\u0431\u043e\u0442\u0430\u043d\u043d\u044b\u0445 \u043d\u0430\u0431\u043e\u0440\u043e\u0432.<\/p><p style=\"text-align: left;\">\u041d\u0435 \u0437\u0430\u0431\u044b\u0432\u0430\u0435\u043c \u0438 \u043e \u043c\u0430\u043b\u044b\u0448\u0430\u0445 - \u0434\u043b\u044f \u043d\u0438\u0445 \u043c\u044b \u0441\u043e\u0437\u0434\u0430\u0435\u043c \u0438\u0433\u0440\u0438\u0432\u044b\u0435 \u043f\u043e\u0434\u0432\u0435\u0441\u043a\u0438 \u0432 \u0432\u0438\u0434\u0435 \u0436\u0438\u0432\u043e\u0442\u043d\u044b\u0445 \u0438 \u043f\u0435\u0440\u0441\u043e\u043d\u0430\u043b\u0438\u0437\u0438\u0440\u043e\u0432\u0430\u043d\u043d\u044b\u0435 \u0431\u0440\u0430\u0441\u043b\u0435\u0442\u044b.<\/p><p style=\"text-align: left;\">\u041c\u0438\u043d\u0438\u043c\u0430\u043b\u0438\u0441\u0442\u0441\u043a\u0438\u0435 \u0441\u0435\u0440\u044c\u0433\u0438 \u0438\u0437 \u0441\u0435\u0440\u0435\u0431\u0440\u0430 \u0438 \u0441\u0435\u0440\u0435\u0431\u0440\u0430 \u0441 \u0437\u043e\u043b\u043e\u0442\u044b\u043c \u043d\u0430\u043f\u044b\u043b\u0435\u043d\u0438\u0435\u043c \u043f\u0440\u0435\u0434\u043d\u0430\u0437\u043d\u0430\u0447\u0435\u043d\u044b \u043a\u0430\u043a \u0434\u043b\u044f \u0436\u0435\u043d\u0449\u0438\u043d, \u0442\u0430\u043a \u0438 \u0434\u043b\u044f \u0434\u0435\u0442\u0435\u0439. \u0414\u0430\u0436\u0435 \u0441\u0430\u043c\u044b\u0435 \u0432\u0437\u044b\u0441\u043a\u0430\u0442\u0435\u043b\u044c\u043d\u044b\u0435 \u0441\u043c\u043e\u0433\u0443\u0442 \u0432\u044b\u0431\u0440\u0430\u0442\u044c \u2665<\/p><p style=\"text-align: left;\">\u0414\u043e\u0441\u043a\u0438 \u0434\u043b\u044f \u043f\u0438\u0441\u0435\u043c - \u0438\u0434\u0435\u0430\u043b\u044c\u043d\u044b\u0439 \u0441\u043f\u043e\u0441\u043e\u0431 \u043e\u0442\u043c\u0435\u0442\u0438\u0442\u044c \u0441\u0430\u043c\u044b\u0435 \u0432\u0430\u0436\u043d\u044b\u0435 \u043c\u043e\u043c\u0435\u043d\u0442\u044b \u0436\u0438\u0437\u043d\u0438.<\/p><p style=\"text-align: left;\">\u0423\u043d\u0438\u043a\u0430\u043b\u044c\u043d\u044b\u0435 \u0438 \u044d\u043a\u0441\u043a\u043b\u044e\u0437\u0438\u0432\u043d\u044b\u0435 \u043b\u043e\u0432\u0446\u044b \u0441\u043d\u043e\u0432 \u043d\u0435 \u0442\u043e\u043b\u044c\u043a\u043e \u043f\u043e\u043c\u043e\u0433\u0443\u0442 \u0432\u0430\u043c \u0443\u0432\u0438\u0434\u0435\u0442\u044c \u0441\u0430\u043c\u044b\u0435 \u043f\u0440\u0435\u043a\u0440\u0430\u0441\u043d\u044b\u0435 \u0441\u043d\u044b, \u043d\u043e \u0438 \u0443\u043a\u0440\u0430\u0441\u044f\u0442 \u0432\u0430\u0448 \u0438\u043d\u0442\u0435\u0440\u044c\u0435\u0440.<\/p><p style=\"text-align: left;\">\u00a0\u042f\u0433\u043e\u0434\u043d\u044b\u0435 \u0433\u0438\u0440\u043b\u044f\u043d\u0434\u044b - \u0431\u0443\u0434\u044c\u0442\u0435 \u043a\u0440\u0435\u0430\u0442\u0438\u0432\u043d\u044b \u0438 \u0441\u043e\u0437\u0434\u0430\u0439\u0442\u0435 \u0432\u043e\u043b\u0448\u0435\u0431\u043d\u043e\u0435 \u043d\u0430\u0441\u0442\u0440\u043e\u0435\u043d\u0438\u0435 \u0443 \u0441\u0435\u0431\u044f \u0434\u043e\u043c\u0430! \u2665<\/p><p style=\"text-align: left;\">\u00a0<\/p><p style=\"text-align: left;\">\u0415\u0441\u043b\u0438 \u0443 \u0432\u0430\u0441 \u0435\u0441\u0442\u044c \u0432\u043e\u043f\u0440\u043e\u0441\u044b \u0438\u043b\u0438 \u0432\u044b \u0445\u043e\u0442\u0438\u0442\u0435 \u0441\u043e\u0442\u0440\u0443\u0434\u043d\u0438\u0447\u0430\u0442\u044c, \u043f\u043e\u0436\u0430\u043b\u0443\u0439\u0441\u0442\u0430, \u0441\u0432\u044f\u0436\u0438\u0442\u0435\u0441\u044c \u0441 \u043d\u0430\u043c\u0438.<br \/>\u0414\u0430\u0432\u0430\u0439\u0442\u0435 \u043e\u0431\u0449\u0430\u0442\u044c\u0441\u044f:<br \/>\u0442\u0435\u043b\u0435\u0444\u043e\u043d - <b>+37067000544<\/b>, \u044d\u043b.\u043f. <b>info@berry-lights.lt<\/b><\/p><p style=\"text-align: left;\">\u00a0 \u00a0 \u00a0 \u00a0 \u00a0 \u00a0 \u00a0 \u00a0 \u00a0 \u00a0 \u00a0 \u00a0 \u00a0 \u00a0 \u00a0 \u00a0 \u00a0 \u00a0 \u00a0 \u00a0 \u00a0 \u00a0 \u00a0 \u00a0 \u00a0 \u00a0 \u00a0 \u00a0 \u00a0 \u00a0 \u00a0 \u00a0<img decoding=\"async\" loading=\"lazy\" class=\"wp-image-8665 alignleft\" src=\"http:\/\/berry-lights.lt\/wp-content\/uploads\/2015\/11\/Berrylights-mes-1-375x500.jpg\" alt=\"Berrylights mes\" width=\"364\" height=\"485\" srcset=\"https:\/\/berry-lights.lt\/wp-content\/uploads\/2015\/11\/Berrylights-mes-1-375x500.jpg 375w, https:\/\/berry-lights.lt\/wp-content\/uploads\/2015\/11\/Berrylights-mes-1-500x667.jpg 500w, https:\/\/berry-lights.lt\/wp-content\/uploads\/2015\/11\/Berrylights-mes-1-768x1024.jpg 768w, https:\/\/berry-lights.lt\/wp-content\/uploads\/2015\/11\/Berrylights-mes-1-scaled.jpg 1920w\" sizes=\"(max-width: 364px) 100vw, 364px\" \/><\/p><\/div><\/div>\t\t\t\t\t\t<\/div>\n\t\t\t\t<\/div>\n\t\t\t\t\t<\/div>\n\t\t<\/div>\n\t\t\t\t\t\t\t<\/div>\n\t\t<\/section>\n\t\t\t\t\t\t\t<\/div>","protected":false},"excerpt":{"rendered":"<p>\u041a\u043e\u043c\u0430\u043d\u0434\u0430 Berry Lights \u0432\u0435\u0440\u0438\u0442, \u0447\u0442\u043e \u043f\u0440\u0438\u044f\u0442\u043d\u044b\u0435 \u0432\u0435\u0449\u0438 \u043c\u043e\u0433\u0443\u0442 \u0441\u0434\u0435\u043b\u0430\u0442\u044c \u043b\u044e\u0434\u0435\u0439 \u0441\u0447\u0430\u0441\u0442\u043b\u0438\u0432\u044b\u043c\u0438. \u041c\u044b \u043d\u0430\u0447\u0430\u043b\u0438 \u0432 2014 \u0433\u043e\u0434\u0443 \u0441 \u043d\u0435\u0432\u0435\u0440\u043e\u044f\u0442\u043d\u043e\u0439 \u0438\u0434\u0435\u0438 \u0438 \u0442\u0435\u043f\u0435\u0440\u044c \u043c\u043e\u0436\u0435\u043c \u043d\u0430\u0437\u0432\u0430\u0442\u044c \u0441\u0435\u0431\u044f \u0441\u0430\u043c\u044b\u043c\u0438 \u0441\u0438\u043b\u044c\u043d\u044b\u043c\u0438 [...]...<\/p>","protected":false},"author":1,"featured_media":2729,"parent":0,"menu_order":0,"comment_status":"closed","ping_status":"closed","template":"","meta":[],"acf":[],"yoast_head":"<!-- This site is optimized with the Yoast SEO Premium plugin v20.8 (Yoast SEO v20.9) - https:\/\/yoast.com\/wordpress\/plugins\/seo\/ -->\n<title>Apie mus - Berry Lights<\/title>\n<meta name=\"robots\" content=\"index, follow, max-snippet:-1, max-image-preview:large, max-video-preview:-1\" \/>\n<link rel=\"canonical\" href=\"https:\/\/berry-lights.lt\/ru\/apie-mus\/\" \/>\n<meta property=\"og:locale\" content=\"ru_RU\" \/>\n<meta property=\"og:type\" content=\"article\" \/>\n<meta property=\"og:title\" content=\"Apie mus\" \/>\n<meta property=\"og:description\" content=\"Berry lights komanda tiki, kad gra\u017e\u016bs dalykai gali padaryti \u017emones laimingus. Startavome 2014 metais su ne\u012ftik\u0117tina id\u0117ja, o dabar galime vadintis stipriausiais [&hellip;]\" \/>\n<meta property=\"og:url\" content=\"https:\/\/berry-lights.lt\/ru\/apie-mus\/\" \/>\n<meta property=\"og:site_name\" content=\"Berry Lights\" \/>\n<meta property=\"article:publisher\" content=\"https:\/\/www.facebook.com\/berry-lights.lt\/\" \/>\n<meta property=\"article:modified_time\" content=\"2025-03-06T19:48:45+00:00\" \/>\n<meta property=\"og:image\" content=\"http:\/\/berry-lights.lt\/wp-content\/uploads\/2017\/01\/Romantika_-berrylights-3dalis-85-min-scaled.jpg\" \/>\n\t<meta property=\"og:image:width\" content=\"1707\" \/>\n\t<meta property=\"og:image:height\" content=\"2560\" \/>\n\t<meta property=\"og:image:type\" content=\"image\/jpeg\" \/>\n<meta name=\"twitter:card\" content=\"summary_large_image\" \/>\n<meta name=\"twitter:label1\" content=\"\u041f\u0440\u0438\u043c\u0435\u0440\u043d\u043e\u0435 \u0432\u0440\u0435\u043c\u044f \u0434\u043b\u044f \u0447\u0442\u0435\u043d\u0438\u044f\" \/>\n\t<meta name=\"twitter:data1\" content=\"1 \u043c\u0438\u043d\u0443\u0442\u0430\" \/>\n<script type=\"application\/ld+json\" class=\"yoast-schema-graph\">{\"@context\":\"https:\/\/schema.org\",\"@graph\":[{\"@type\":\"WebPage\",\"@id\":\"https:\/\/berry-lights.lt\/apie-mus\/\",\"url\":\"https:\/\/berry-lights.lt\/apie-mus\/\",\"name\":\"Apie mus - Berry Lights\",\"isPartOf\":{\"@id\":\"https:\/\/berry-lights.lt\/#website\"},\"datePublished\":\"2015-11-18T07:15:41+00:00\",\"dateModified\":\"2025-03-06T19:48:45+00:00\",\"breadcrumb\":{\"@id\":\"https:\/\/berry-lights.lt\/apie-mus\/#breadcrumb\"},\"inLanguage\":\"ru-RU\",\"potentialAction\":[{\"@type\":\"ReadAction\",\"target\":[\"https:\/\/berry-lights.lt\/apie-mus\/\"]}]},{\"@type\":\"BreadcrumbList\",\"@id\":\"https:\/\/berry-lights.lt\/apie-mus\/#breadcrumb\",\"itemListElement\":[{\"@type\":\"ListItem\",\"position\":1,\"name\":\"Pagrindinis\",\"item\":\"https:\/\/berry-lights.lt\/\"},{\"@type\":\"ListItem\",\"position\":2,\"name\":\"Apie mus\"}]},{\"@type\":\"WebSite\",\"@id\":\"https:\/\/berry-lights.lt\/#website\",\"url\":\"https:\/\/berry-lights.lt\/\",\"name\":\"Berry Lights\",\"description\":\"\",\"publisher\":{\"@id\":\"https:\/\/berry-lights.lt\/#organization\"},\"potentialAction\":[{\"@type\":\"SearchAction\",\"target\":{\"@type\":\"EntryPoint\",\"urlTemplate\":\"https:\/\/berry-lights.lt\/?s={search_term_string}\"},\"query-input\":\"required name=search_term_string\"}],\"inLanguage\":\"ru-RU\"},{\"@type\":\"Organization\",\"@id\":\"https:\/\/berry-lights.lt\/#organization\",\"name\":\"Kodilas, MB\",\"url\":\"https:\/\/berry-lights.lt\/\",\"logo\":{\"@type\":\"ImageObject\",\"inLanguage\":\"ru-RU\",\"@id\":\"https:\/\/berry-lights.lt\/#\/schema\/logo\/image\/\",\"url\":\"https:\/\/berry-lights.lt\/wp-content\/uploads\/2023\/05\/BERRYLIGHTS_LOGO_LAST.svg\",\"contentUrl\":\"https:\/\/berry-lights.lt\/wp-content\/uploads\/2023\/05\/BERRYLIGHTS_LOGO_LAST.svg\",\"width\":448,\"height\":67,\"caption\":\"Kodilas, MB\"},\"image\":{\"@id\":\"https:\/\/berry-lights.lt\/#\/schema\/logo\/image\/\"},\"sameAs\":[\"https:\/\/www.facebook.com\/berry-lights.lt\/\",\"https:\/\/www.instagram.com\/berry-lights.lt\/\"]}]}<\/script>\n<!-- \/ Yoast SEO Premium plugin. -->","yoast_head_json":{"title":"Apie mus - Berry Lights","robots":{"index":"index","follow":"follow","max-snippet":"max-snippet:-1","max-image-preview":"max-image-preview:large","max-video-preview":"max-video-preview:-1"},"canonical":"https:\/\/berry-lights.lt\/ru\/apie-mus\/","og_locale":"ru_RU","og_type":"article","og_title":"Apie mus","og_description":"Berry lights komanda tiki, kad gra\u017e\u016bs dalykai gali padaryti \u017emones laimingus. Startavome 2014 metais su ne\u012ftik\u0117tina id\u0117ja, o dabar galime vadintis stipriausiais [&hellip;]","og_url":"https:\/\/berry-lights.lt\/ru\/apie-mus\/","og_site_name":"Berry Lights","article_publisher":"https:\/\/www.facebook.com\/berry-lights.lt\/","article_modified_time":"2025-03-06T19:48:45+00:00","og_image":[{"width":1707,"height":2560,"url":"http:\/\/berry-lights.lt\/wp-content\/uploads\/2017\/01\/Romantika_-berrylights-3dalis-85-min-scaled.jpg","type":"image\/jpeg"}],"twitter_card":"summary_large_image","twitter_misc":{"\u041f\u0440\u0438\u043c\u0435\u0440\u043d\u043e\u0435 \u0432\u0440\u0435\u043c\u044f \u0434\u043b\u044f \u0447\u0442\u0435\u043d\u0438\u044f":"1 \u043c\u0438\u043d\u0443\u0442\u0430"},"schema":{"@context":"https:\/\/schema.org","@graph":[{"@type":"WebPage","@id":"https:\/\/berry-lights.lt\/apie-mus\/","url":"https:\/\/berry-lights.lt\/apie-mus\/","name":"Apie mus - Berry Lights","isPartOf":{"@id":"https:\/\/berry-lights.lt\/#website"},"datePublished":"2015-11-18T07:15:41+00:00","dateModified":"2025-03-06T19:48:45+00:00","breadcrumb":{"@id":"https:\/\/berry-lights.lt\/apie-mus\/#breadcrumb"},"inLanguage":"ru-RU","potentialAction":[{"@type":"ReadAction","target":["https:\/\/berry-lights.lt\/apie-mus\/"]}]},{"@type":"BreadcrumbList","@id":"https:\/\/berry-lights.lt\/apie-mus\/#breadcrumb","itemListElement":[{"@type":"ListItem","position":1,"name":"Pagrindinis","item":"https:\/\/berry-lights.lt\/"},{"@type":"ListItem","position":2,"name":"Apie mus"}]},{"@type":"WebSite","@id":"https:\/\/berry-lights.lt\/#website","url":"https:\/\/berry-lights.lt\/","name":"Berry Lights","description":"","publisher":{"@id":"https:\/\/berry-lights.lt\/#organization"},"potentialAction":[{"@type":"SearchAction","target":{"@type":"EntryPoint","urlTemplate":"https:\/\/berry-lights.lt\/?s={search_term_string}"},"query-input":"required name=search_term_string"}],"inLanguage":"ru-RU"},{"@type":"Organization","@id":"https:\/\/berry-lights.lt\/#organization","name":"Kodilas, MB","url":"https:\/\/berry-lights.lt\/","logo":{"@type":"ImageObject","inLanguage":"ru-RU","@id":"https:\/\/berry-lights.lt\/#\/schema\/logo\/image\/","url":"https:\/\/berry-lights.lt\/wp-content\/uploads\/2023\/05\/BERRYLIGHTS_LOGO_LAST.svg","contentUrl":"https:\/\/berry-lights.lt\/wp-content\/uploads\/2023\/05\/BERRYLIGHTS_LOGO_LAST.svg","width":448,"height":67,"caption":"Kodilas, MB"},"image":{"@id":"https:\/\/berry-lights.lt\/#\/schema\/logo\/image\/"},"sameAs":["https:\/\/www.facebook.com\/berry-lights.lt\/","https:\/\/www.instagram.com\/berry-lights.lt\/"]}]}},"_links":{"self":[{"href":"https:\/\/berry-lights.lt\/ru\/wp-json\/wp\/v2\/pages\/22"}],"collection":[{"href":"https:\/\/berry-lights.lt\/ru\/wp-json\/wp\/v2\/pages"}],"about":[{"href":"https:\/\/berry-lights.lt\/ru\/wp-json\/wp\/v2\/types\/page"}],"author":[{"embeddable":true,"href":"https:\/\/berry-lights.lt\/ru\/wp-json\/wp\/v2\/users\/1"}],"replies":[{"embeddable":true,"href":"https:\/\/berry-lights.lt\/ru\/wp-json\/wp\/v2\/comments?post=22"}],"version-history":[{"count":3,"href":"https:\/\/berry-lights.lt\/ru\/wp-json\/wp\/v2\/pages\/22\/revisions"}],"predecessor-version":[{"id":11033,"href":"https:\/\/berry-lights.lt\/ru\/wp-json\/wp\/v2\/pages\/22\/revisions\/11033"}],"wp:featuredmedia":[{"embeddable":true,"href":"https:\/\/berry-lights.lt\/ru\/wp-json\/wp\/v2\/media\/2729"}],"wp:attachment":[{"href":"https:\/\/berry-lights.lt\/ru\/wp-json\/wp\/v2\/media?parent=22"}],"curies":[{"name":"wp","href":"https:\/\/api.w.org\/{rel}","templated":true}]}}