{"id":8574,"date":"2023-01-30T14:13:33","date_gmt":"2023-01-30T16:13:33","guid":{"rendered":"http:\/\/berry-lights.lt\/?post_type=product&#038;p=8574"},"modified":"2023-01-30T14:21:09","modified_gmt":"2023-01-30T16:21:09","slug":"sviesiai-rausvos-spalvos-apyranke-su-menuliu","status":"publish","type":"product","link":"https:\/\/berry-lights.lt\/pl\/prekes\/sviesiai-rausvos-spalvos-apyranke-su-menuliu\/","title":{"rendered":"Jasnor\u00f3\u017cowa bransoletka z ksi\u0119\u017cycem"},"content":{"rendered":"<p>Materia\u0142y:<\/p>\n<ul>\n<li>Wysokiej jako\u015bci koraliki akrylowe w rozmiarze 10 mm.<\/li>\n<li>Wytrzyma\u0142a guma silikonowa.<\/li>\n<li>Unika\u0107 wody.<\/li>\n<li>MA\u0141E SZCZEG\u00d3\u0141Y. Zalecane dla dzieci w wieku od 3 lat.<\/li>\n<li>Jasnor\u00f3\u017cowe koraliki akrylowe, niebieski ksi\u0119\u017cyc i niebieski chwost.<\/li>\n<\/ul>\n<p>Zam\u00f3wiony pakiet 1 sztuki b\u0119dzie zawiera\u0142 1 bransoletk\u0119.<\/p>","protected":false},"excerpt":{"rendered":"<p>\u015awie\u017ce kolory\u00a0<strong><em>Berry Lights<\/em><\/strong>\u00a0bransoletki z koralik\u00f3w. Ka\u017cda bransoletka jest indywidualna i dostarczana w pude\u0142ku upominkowym, co czyni j\u0105 idealnym prezentem zar\u00f3wno dla dzieci, jak i doros\u0142ych.<\/p>\n<p><em>Podziel si\u0119 miejscem, w kt\u00f3rym zamieszka\u0142a bi\u017cuteria Berry lights - wy\u015blij zdj\u0119cia\u00a0<a href=\"mailto:info@berry-lights.lt\" target=\"_blank\">info@berry-lights.lt<\/a>\u00a0lub podnie\u015b\u0107 bezpo\u015brednio na\u00a0<a href=\"https:\/\/www.facebook.com\/berry-lights.lt\" target=\"_blank\">FB<\/a>\u00a0\u015aciany!\u00a0<span id=\"react-root\"><span data-reactid=\".0.1.0.0:0.1.1.2\"><span data-reactid=\".0.1.0.0:0.1.1.2.0\">\u2661<\/span><\/span><\/span><\/em><\/p>","protected":false},"featured_media":8575,"template":"","meta":[],"product_cat":[30],"product_tag":[],"acf":[],"yoast_head":"<!-- This site is optimized with the Yoast SEO Premium plugin v20.8 (Yoast SEO v20.9) - https:\/\/yoast.com\/wordpress\/plugins\/seo\/ -->\n<title>\u0160viesiai rausvos spalvos apyrank\u0117 su m\u0117nuliu - Berry Lights<\/title>\n<meta name=\"robots\" content=\"index, follow, max-snippet:-1, max-image-preview:large, max-video-preview:-1\" \/>\n<link rel=\"canonical\" href=\"https:\/\/berry-lights.lt\/pl\/prekes\/sviesiai-rausvos-spalvos-apyranke-su-menuliu\/\" \/>\n<meta property=\"og:locale\" content=\"pl_PL\" \/>\n<meta property=\"og:type\" content=\"article\" \/>\n<meta property=\"og:title\" content=\"\u0160viesiai rausvos spalvos apyrank\u0117 su m\u0117nuliu\" \/>\n<meta property=\"og:description\" content=\"Gaivi\u0173\u00a0spalv\u0173\u00a0Berry Lights\u00a0apyrank\u0117s i\u0161 karoliuk\u0173. Kiekviena apyrank\u0117 individuali, atkeliauja dovan\u0173 d\u0117\u017eut\u0117je, tod\u0117l tai puiki dovana tiek vaikams, tiek suagusiems.  Pasidalinkite, kur apsigyveno Berry lights papuo\u0161alas\u00a0\u2013 si\u0173skite nuotraukas\u00a0info@berry-lights.lt\u00a0arba kelkite tiesiai ant\u00a0FB\u00a0sienos !\u00a0\u2661\" \/>\n<meta property=\"og:url\" content=\"https:\/\/berry-lights.lt\/pl\/prekes\/sviesiai-rausvos-spalvos-apyranke-su-menuliu\/\" \/>\n<meta property=\"og:site_name\" content=\"Berry Lights\" \/>\n<meta property=\"article:publisher\" content=\"https:\/\/www.facebook.com\/berry-lights.lt\/\" \/>\n<meta property=\"article:modified_time\" content=\"2023-01-30T16:21:09+00:00\" \/>\n<meta property=\"og:image\" content=\"https:\/\/berry-lights.lt\/wp-content\/uploads\/2023\/01\/20230124_152731-modified-1024x1024.png\" \/>\n\t<meta property=\"og:image:width\" content=\"1024\" \/>\n\t<meta property=\"og:image:height\" content=\"1024\" \/>\n\t<meta property=\"og:image:type\" content=\"image\/png\" \/>\n<meta name=\"twitter:card\" content=\"summary_large_image\" \/>\n<meta name=\"twitter:label1\" content=\"Cena\" \/>\n\t<meta name=\"twitter:data1\" content=\"&euro;7.50\" \/>\n\t<meta name=\"twitter:label2\" content=\"Dost\u0119pno\u015b\u0107\" \/>\n\t<meta name=\"twitter:data2\" content=\"Dost\u0119pny\" \/>\n<script type=\"application\/ld+json\" class=\"yoast-schema-graph\">{\"@context\":\"https:\/\/schema.org\",\"@graph\":[{\"@type\":\"WebPage\",\"@id\":\"https:\/\/berry-lights.lt\/prekes\/sviesiai-rausvos-spalvos-apyranke-su-menuliu\/\",\"url\":\"https:\/\/berry-lights.lt\/prekes\/sviesiai-rausvos-spalvos-apyranke-su-menuliu\/\",\"name\":\"\u0160viesiai rausvos spalvos apyrank\u0117 su m\u0117nuliu - Berry Lights\",\"isPartOf\":{\"@id\":\"https:\/\/berry-lights.lt\/#website\"},\"datePublished\":\"2023-01-30T16:13:33+00:00\",\"dateModified\":\"2023-01-30T16:21:09+00:00\",\"breadcrumb\":{\"@id\":\"https:\/\/berry-lights.lt\/prekes\/sviesiai-rausvos-spalvos-apyranke-su-menuliu\/#breadcrumb\"},\"inLanguage\":\"pl-PL\",\"potentialAction\":[{\"@type\":\"ReadAction\",\"target\":[\"https:\/\/berry-lights.lt\/prekes\/sviesiai-rausvos-spalvos-apyranke-su-menuliu\/\"]}]},{\"@type\":\"BreadcrumbList\",\"@id\":\"https:\/\/berry-lights.lt\/prekes\/sviesiai-rausvos-spalvos-apyranke-su-menuliu\/#breadcrumb\",\"itemListElement\":[{\"@type\":\"ListItem\",\"position\":1,\"name\":\"Pagrindinis\",\"item\":\"https:\/\/berry-lights.lt\/\"},{\"@type\":\"ListItem\",\"position\":2,\"name\":\"Prek\u0117s\",\"item\":\"https:\/\/berry-lights.lt\/prekes\/\"},{\"@type\":\"ListItem\",\"position\":3,\"name\":\"Apyrank\u0117s\",\"item\":\"https:\/\/berry-lights.lt\/produkto-kategorija\/apyrankes\/\"},{\"@type\":\"ListItem\",\"position\":4,\"name\":\"Karoliuk\u0173 apyrank\u0117s\",\"item\":\"https:\/\/berry-lights.lt\/produkto-kategorija\/apyrankes\/apyrankes-su-karoliais\/\"},{\"@type\":\"ListItem\",\"position\":5,\"name\":\"\u0160viesiai rausvos spalvos apyrank\u0117 su m\u0117nuliu\"}]},{\"@type\":\"WebSite\",\"@id\":\"https:\/\/berry-lights.lt\/#website\",\"url\":\"https:\/\/berry-lights.lt\/\",\"name\":\"Berry Lights\",\"description\":\"\",\"publisher\":{\"@id\":\"https:\/\/berry-lights.lt\/#organization\"},\"potentialAction\":[{\"@type\":\"SearchAction\",\"target\":{\"@type\":\"EntryPoint\",\"urlTemplate\":\"https:\/\/berry-lights.lt\/?s={search_term_string}\"},\"query-input\":\"required name=search_term_string\"}],\"inLanguage\":\"pl-PL\"},{\"@type\":\"Organization\",\"@id\":\"https:\/\/berry-lights.lt\/#organization\",\"name\":\"Kodilas, MB\",\"url\":\"https:\/\/berry-lights.lt\/\",\"logo\":{\"@type\":\"ImageObject\",\"inLanguage\":\"pl-PL\",\"@id\":\"https:\/\/berry-lights.lt\/#\/schema\/logo\/image\/\",\"url\":\"https:\/\/berry-lights.lt\/wp-content\/uploads\/2023\/05\/BERRYLIGHTS_LOGO_LAST.svg\",\"contentUrl\":\"https:\/\/berry-lights.lt\/wp-content\/uploads\/2023\/05\/BERRYLIGHTS_LOGO_LAST.svg\",\"width\":448,\"height\":67,\"caption\":\"Kodilas, MB\"},\"image\":{\"@id\":\"https:\/\/berry-lights.lt\/#\/schema\/logo\/image\/\"},\"sameAs\":[\"https:\/\/www.facebook.com\/berry-lights.lt\/\",\"https:\/\/www.instagram.com\/berry-lights.lt\/\"]}]}<\/script>\n<meta property=\"product:price:amount\" content=\"7.50\" \/>\n<meta property=\"product:price:currency\" content=\"EUR\" \/>\n<meta property=\"og:availability\" content=\"instock\" \/>\n<meta property=\"product:availability\" content=\"instock\" \/>\n<meta property=\"product:condition\" content=\"new\" \/>\n<!-- \/ Yoast SEO Premium plugin. -->","yoast_head_json":{"title":"\u0160viesiai rausvos spalvos apyrank\u0117 su m\u0117nuliu - Berry Lights","robots":{"index":"index","follow":"follow","max-snippet":"max-snippet:-1","max-image-preview":"max-image-preview:large","max-video-preview":"max-video-preview:-1"},"canonical":"https:\/\/berry-lights.lt\/pl\/prekes\/sviesiai-rausvos-spalvos-apyranke-su-menuliu\/","og_locale":"pl_PL","og_type":"article","og_title":"\u0160viesiai rausvos spalvos apyrank\u0117 su m\u0117nuliu","og_description":"Gaivi\u0173\u00a0spalv\u0173\u00a0Berry Lights\u00a0apyrank\u0117s i\u0161 karoliuk\u0173. Kiekviena apyrank\u0117 individuali, atkeliauja dovan\u0173 d\u0117\u017eut\u0117je, tod\u0117l tai puiki dovana tiek vaikams, tiek suagusiems.  Pasidalinkite, kur apsigyveno Berry lights papuo\u0161alas\u00a0\u2013 si\u0173skite nuotraukas\u00a0info@berry-lights.lt\u00a0arba kelkite tiesiai ant\u00a0FB\u00a0sienos !\u00a0\u2661","og_url":"https:\/\/berry-lights.lt\/pl\/prekes\/sviesiai-rausvos-spalvos-apyranke-su-menuliu\/","og_site_name":"Berry Lights","article_publisher":"https:\/\/www.facebook.com\/berry-lights.lt\/","article_modified_time":"2023-01-30T16:21:09+00:00","og_image":[{"width":1024,"height":1024,"url":"https:\/\/berry-lights.lt\/wp-content\/uploads\/2023\/01\/20230124_152731-modified-1024x1024.png","type":"image\/png"}],"twitter_card":"summary_large_image","twitter_misc":{"Cena":"&euro;7.50","Dost\u0119pno\u015b\u0107":"Dost\u0119pny"},"schema":{"@context":"https:\/\/schema.org","@graph":[{"@type":"WebPage","@id":"https:\/\/berry-lights.lt\/prekes\/sviesiai-rausvos-spalvos-apyranke-su-menuliu\/","url":"https:\/\/berry-lights.lt\/prekes\/sviesiai-rausvos-spalvos-apyranke-su-menuliu\/","name":"\u0160viesiai rausvos spalvos apyrank\u0117 su m\u0117nuliu - Berry Lights","isPartOf":{"@id":"https:\/\/berry-lights.lt\/#website"},"datePublished":"2023-01-30T16:13:33+00:00","dateModified":"2023-01-30T16:21:09+00:00","breadcrumb":{"@id":"https:\/\/berry-lights.lt\/prekes\/sviesiai-rausvos-spalvos-apyranke-su-menuliu\/#breadcrumb"},"inLanguage":"pl-PL","potentialAction":[{"@type":"ReadAction","target":["https:\/\/berry-lights.lt\/prekes\/sviesiai-rausvos-spalvos-apyranke-su-menuliu\/"]}]},{"@type":"BreadcrumbList","@id":"https:\/\/berry-lights.lt\/prekes\/sviesiai-rausvos-spalvos-apyranke-su-menuliu\/#breadcrumb","itemListElement":[{"@type":"ListItem","position":1,"name":"Pagrindinis","item":"https:\/\/berry-lights.lt\/"},{"@type":"ListItem","position":2,"name":"Prek\u0117s","item":"https:\/\/berry-lights.lt\/prekes\/"},{"@type":"ListItem","position":3,"name":"Apyrank\u0117s","item":"https:\/\/berry-lights.lt\/produkto-kategorija\/apyrankes\/"},{"@type":"ListItem","position":4,"name":"Karoliuk\u0173 apyrank\u0117s","item":"https:\/\/berry-lights.lt\/produkto-kategorija\/apyrankes\/apyrankes-su-karoliais\/"},{"@type":"ListItem","position":5,"name":"\u0160viesiai rausvos spalvos apyrank\u0117 su m\u0117nuliu"}]},{"@type":"WebSite","@id":"https:\/\/berry-lights.lt\/#website","url":"https:\/\/berry-lights.lt\/","name":"Berry Lights","description":"","publisher":{"@id":"https:\/\/berry-lights.lt\/#organization"},"potentialAction":[{"@type":"SearchAction","target":{"@type":"EntryPoint","urlTemplate":"https:\/\/berry-lights.lt\/?s={search_term_string}"},"query-input":"required name=search_term_string"}],"inLanguage":"pl-PL"},{"@type":"Organization","@id":"https:\/\/berry-lights.lt\/#organization","name":"Kodilas, MB","url":"https:\/\/berry-lights.lt\/","logo":{"@type":"ImageObject","inLanguage":"pl-PL","@id":"https:\/\/berry-lights.lt\/#\/schema\/logo\/image\/","url":"https:\/\/berry-lights.lt\/wp-content\/uploads\/2023\/05\/BERRYLIGHTS_LOGO_LAST.svg","contentUrl":"https:\/\/berry-lights.lt\/wp-content\/uploads\/2023\/05\/BERRYLIGHTS_LOGO_LAST.svg","width":448,"height":67,"caption":"Kodilas, MB"},"image":{"@id":"https:\/\/berry-lights.lt\/#\/schema\/logo\/image\/"},"sameAs":["https:\/\/www.facebook.com\/berry-lights.lt\/","https:\/\/www.instagram.com\/berry-lights.lt\/"]}]},"product_price_amount":"7.50","product_price_currency":"EUR","og_availability":"instock","product_availability":"instock","product_condition":"new"},"_links":{"self":[{"href":"https:\/\/berry-lights.lt\/pl\/wp-json\/wp\/v2\/product\/8574"}],"collection":[{"href":"https:\/\/berry-lights.lt\/pl\/wp-json\/wp\/v2\/product"}],"about":[{"href":"https:\/\/berry-lights.lt\/pl\/wp-json\/wp\/v2\/types\/product"}],"wp:featuredmedia":[{"embeddable":true,"href":"https:\/\/berry-lights.lt\/pl\/wp-json\/wp\/v2\/media\/8575"}],"wp:attachment":[{"href":"https:\/\/berry-lights.lt\/pl\/wp-json\/wp\/v2\/media?parent=8574"}],"wp:term":[{"taxonomy":"product_cat","embeddable":true,"href":"https:\/\/berry-lights.lt\/pl\/wp-json\/wp\/v2\/product_cat?post=8574"},{"taxonomy":"product_tag","embeddable":true,"href":"https:\/\/berry-lights.lt\/pl\/wp-json\/wp\/v2\/product_tag?post=8574"}],"curies":[{"name":"wp","href":"https:\/\/api.w.org\/{rel}","templated":true}]}}