{"id":8520,"date":"2023-01-20T05:37:52","date_gmt":"2023-01-20T07:37:52","guid":{"rendered":"http:\/\/berry-lights.lt\/?post_type=product&#038;p=8520"},"modified":"2024-05-10T11:45:27","modified_gmt":"2024-05-10T13:45:27","slug":"pakabukas-vienaragis-auksiniais-karoliais","status":"publish","type":"product","link":"https:\/\/berry-lights.lt\/pl\/prekes\/pakabukas-vienaragis-auksiniais-karoliais\/","title":{"rendered":"Wisiorek jednoro\u017cec ze z\u0142otym naszyjnikiem"},"content":{"rendered":"<p>Wymiary: 34-35 cm d\u0142ugo\u015bci<\/p>\n<p>Materia\u0142y:<\/p>\n<ul>\n<li>Wysokiej jako\u015bci drewniane koraliki (odporne na \u015blin\u0119, wodoodporne \/ zgodne z norm\u0105 bezpiecze\u0144stwa DIN EN 71-3, niemiecki certyfikat FSC)<\/li>\n<li>Wygodne i bezpieczne zapi\u0119cie magnetyczne dla ma\u0142ych d\u0142oni.<\/li>\n<li>Zalecane dla dzieci w wieku od 3 lat.<\/li>\n<li>Z\u0142oty naszyjnik z jednoro\u017ccem i r\u00f3\u017cowymi fr\u0119dzlami.<\/li>\n<\/ul>","protected":false},"excerpt":{"rendered":"<p>Jasny i zabawny <strong><em>Berry Lights <\/em><\/strong>Naszyjniki ze zwierz\u0119tami sprawi\u0105, \u017ce zakochasz si\u0119 w nich od pierwszego wejrzenia. Ka\u017cdy wisiorek jest unikalny i wyj\u0105tkowy, poniewa\u017c ma inne ma\u0142e zwierz\u0105tko na dole, aby chroni\u0107 swojego nowego w\u0142a\u015bciciela. Jest to nie tylko kolorowy dodatek dla dzieci, ale tak\u017ce fajne narz\u0119dzie edukacyjne o zwierz\u0119tach.  Ka\u017cdy wisiorek jest dostarczany w pude\u0142ku upominkowym, co czyni go idealnym prezentem dla malucha.<\/p>","protected":false},"featured_media":8542,"template":"","meta":[],"product_cat":[28],"product_tag":[],"acf":[],"yoast_head":"<!-- This site is optimized with the Yoast SEO Premium plugin v20.8 (Yoast SEO v20.9) - https:\/\/yoast.com\/wordpress\/plugins\/seo\/ -->\n<title>Pakabukas vienaragis auksiniais karoliais - Berry Lights<\/title>\n<meta name=\"robots\" content=\"index, follow, max-snippet:-1, max-image-preview:large, max-video-preview:-1\" \/>\n<link rel=\"canonical\" href=\"https:\/\/berry-lights.lt\/pl\/prekes\/pakabukas-vienaragis-auksiniais-karoliais\/\" \/>\n<meta property=\"og:locale\" content=\"pl_PL\" \/>\n<meta property=\"og:type\" content=\"article\" \/>\n<meta property=\"og:title\" content=\"Pakabukas vienaragis auksiniais karoliais\" \/>\n<meta property=\"og:description\" content=\"Ry\u0161k\u016bs ir \u017eaismingi Berry Lights gyv\u016bn\u0173 pakabukai ant kaklo privers \u012fsimyl\u0117ti juos i\u0161 pirmo \u017evilgsnio. Kiekvienas pakabukas yra unikalus ir i\u0161skirtinis, kadangi jo apa\u010dioje yra vis skirtingas gyv\u016bno ma\u017eylis, kuris saugos savo nauj\u0105j\u012f \u0161eiminink\u0105. Tai ne tik spalvingas aksesuaras vaikams, bet kartu ir \u0161auni mokomoji priemon\u0117 apie gyv\u016bnus.\u00a0 Kiekvienas pakabukas atkeliauja dovan\u0173 d\u0117\u017eut\u0117je, tod\u0117l tai puiki dovana ma\u017eajam.\" \/>\n<meta property=\"og:url\" content=\"https:\/\/berry-lights.lt\/pl\/prekes\/pakabukas-vienaragis-auksiniais-karoliais\/\" \/>\n<meta property=\"og:site_name\" content=\"Berry Lights\" \/>\n<meta property=\"article:publisher\" content=\"https:\/\/www.facebook.com\/berry-lights.lt\/\" \/>\n<meta property=\"article:modified_time\" content=\"2024-05-10T13:45:27+00:00\" \/>\n<meta property=\"og:image\" content=\"https:\/\/berry-lights.lt\/wp-content\/uploads\/2023\/01\/20230118_122101-modified-1024x1024.png\" \/>\n\t<meta property=\"og:image:width\" content=\"1024\" \/>\n\t<meta property=\"og:image:height\" content=\"1024\" \/>\n\t<meta property=\"og:image:type\" content=\"image\/png\" \/>\n<meta name=\"twitter:card\" content=\"summary_large_image\" \/>\n<meta name=\"twitter:label1\" content=\"Cena\" \/>\n\t<meta name=\"twitter:data1\" content=\"&euro;22.00\" \/>\n\t<meta name=\"twitter:label2\" content=\"Dost\u0119pno\u015b\u0107\" \/>\n\t<meta name=\"twitter:data2\" content=\"Brak w magazynie\" \/>\n<script type=\"application\/ld+json\" class=\"yoast-schema-graph\">{\"@context\":\"https:\/\/schema.org\",\"@graph\":[{\"@type\":\"WebPage\",\"@id\":\"https:\/\/berry-lights.lt\/en\/prekes\/pakabukas-vienaragis-auksiniais-karoliais\/\",\"url\":\"https:\/\/berry-lights.lt\/en\/prekes\/pakabukas-vienaragis-auksiniais-karoliais\/\",\"name\":\"Pakabukas vienaragis auksiniais karoliais - Berry Lights\",\"isPartOf\":{\"@id\":\"https:\/\/berry-lights.lt\/#website\"},\"datePublished\":\"2023-01-20T07:37:52+00:00\",\"dateModified\":\"2024-05-10T13:45:27+00:00\",\"breadcrumb\":{\"@id\":\"https:\/\/berry-lights.lt\/en\/prekes\/pakabukas-vienaragis-auksiniais-karoliais\/#breadcrumb\"},\"inLanguage\":\"pl-PL\",\"potentialAction\":[{\"@type\":\"ReadAction\",\"target\":[\"https:\/\/berry-lights.lt\/en\/prekes\/pakabukas-vienaragis-auksiniais-karoliais\/\"]}]},{\"@type\":\"BreadcrumbList\",\"@id\":\"https:\/\/berry-lights.lt\/en\/prekes\/pakabukas-vienaragis-auksiniais-karoliais\/#breadcrumb\",\"itemListElement\":[{\"@type\":\"ListItem\",\"position\":1,\"name\":\"Pagrindinis\",\"item\":\"https:\/\/berry-lights.lt\/\"},{\"@type\":\"ListItem\",\"position\":2,\"name\":\"Prek\u0117s\",\"item\":\"https:\/\/berry-lights.lt\/prekes\/\"},{\"@type\":\"ListItem\",\"position\":3,\"name\":\"Pakabukai\",\"item\":\"https:\/\/berry-lights.lt\/produkto-kategorija\/pakabukai\/\"},{\"@type\":\"ListItem\",\"position\":4,\"name\":\"Pakabukas vienaragis auksiniais karoliais\"}]},{\"@type\":\"WebSite\",\"@id\":\"https:\/\/berry-lights.lt\/#website\",\"url\":\"https:\/\/berry-lights.lt\/\",\"name\":\"Berry Lights\",\"description\":\"\",\"publisher\":{\"@id\":\"https:\/\/berry-lights.lt\/#organization\"},\"potentialAction\":[{\"@type\":\"SearchAction\",\"target\":{\"@type\":\"EntryPoint\",\"urlTemplate\":\"https:\/\/berry-lights.lt\/?s={search_term_string}\"},\"query-input\":\"required name=search_term_string\"}],\"inLanguage\":\"pl-PL\"},{\"@type\":\"Organization\",\"@id\":\"https:\/\/berry-lights.lt\/#organization\",\"name\":\"Kodilas, MB\",\"url\":\"https:\/\/berry-lights.lt\/\",\"logo\":{\"@type\":\"ImageObject\",\"inLanguage\":\"pl-PL\",\"@id\":\"https:\/\/berry-lights.lt\/#\/schema\/logo\/image\/\",\"url\":\"https:\/\/berry-lights.lt\/wp-content\/uploads\/2023\/05\/BERRYLIGHTS_LOGO_LAST.svg\",\"contentUrl\":\"https:\/\/berry-lights.lt\/wp-content\/uploads\/2023\/05\/BERRYLIGHTS_LOGO_LAST.svg\",\"width\":448,\"height\":67,\"caption\":\"Kodilas, MB\"},\"image\":{\"@id\":\"https:\/\/berry-lights.lt\/#\/schema\/logo\/image\/\"},\"sameAs\":[\"https:\/\/www.facebook.com\/berry-lights.lt\/\",\"https:\/\/www.instagram.com\/berry-lights.lt\/\"]}]}<\/script>\n<meta property=\"product:price:amount\" content=\"22.00\" \/>\n<meta property=\"product:price:currency\" content=\"EUR\" \/>\n<meta property=\"og:availability\" content=\"out of stock\" \/>\n<meta property=\"product:availability\" content=\"out of stock\" \/>\n<meta property=\"product:condition\" content=\"new\" \/>\n<!-- \/ Yoast SEO Premium plugin. -->","yoast_head_json":{"title":"Pakabukas vienaragis auksiniais karoliais - Berry Lights","robots":{"index":"index","follow":"follow","max-snippet":"max-snippet:-1","max-image-preview":"max-image-preview:large","max-video-preview":"max-video-preview:-1"},"canonical":"https:\/\/berry-lights.lt\/pl\/prekes\/pakabukas-vienaragis-auksiniais-karoliais\/","og_locale":"pl_PL","og_type":"article","og_title":"Pakabukas vienaragis auksiniais karoliais","og_description":"Ry\u0161k\u016bs ir \u017eaismingi Berry Lights gyv\u016bn\u0173 pakabukai ant kaklo privers \u012fsimyl\u0117ti juos i\u0161 pirmo \u017evilgsnio. Kiekvienas pakabukas yra unikalus ir i\u0161skirtinis, kadangi jo apa\u010dioje yra vis skirtingas gyv\u016bno ma\u017eylis, kuris saugos savo nauj\u0105j\u012f \u0161eiminink\u0105. Tai ne tik spalvingas aksesuaras vaikams, bet kartu ir \u0161auni mokomoji priemon\u0117 apie gyv\u016bnus.\u00a0 Kiekvienas pakabukas atkeliauja dovan\u0173 d\u0117\u017eut\u0117je, tod\u0117l tai puiki dovana ma\u017eajam.","og_url":"https:\/\/berry-lights.lt\/pl\/prekes\/pakabukas-vienaragis-auksiniais-karoliais\/","og_site_name":"Berry Lights","article_publisher":"https:\/\/www.facebook.com\/berry-lights.lt\/","article_modified_time":"2024-05-10T13:45:27+00:00","og_image":[{"width":1024,"height":1024,"url":"https:\/\/berry-lights.lt\/wp-content\/uploads\/2023\/01\/20230118_122101-modified-1024x1024.png","type":"image\/png"}],"twitter_card":"summary_large_image","twitter_misc":{"Cena":"&euro;22.00","Dost\u0119pno\u015b\u0107":"Brak w magazynie"},"schema":{"@context":"https:\/\/schema.org","@graph":[{"@type":"WebPage","@id":"https:\/\/berry-lights.lt\/en\/prekes\/pakabukas-vienaragis-auksiniais-karoliais\/","url":"https:\/\/berry-lights.lt\/en\/prekes\/pakabukas-vienaragis-auksiniais-karoliais\/","name":"Pakabukas vienaragis auksiniais karoliais - Berry Lights","isPartOf":{"@id":"https:\/\/berry-lights.lt\/#website"},"datePublished":"2023-01-20T07:37:52+00:00","dateModified":"2024-05-10T13:45:27+00:00","breadcrumb":{"@id":"https:\/\/berry-lights.lt\/en\/prekes\/pakabukas-vienaragis-auksiniais-karoliais\/#breadcrumb"},"inLanguage":"pl-PL","potentialAction":[{"@type":"ReadAction","target":["https:\/\/berry-lights.lt\/en\/prekes\/pakabukas-vienaragis-auksiniais-karoliais\/"]}]},{"@type":"BreadcrumbList","@id":"https:\/\/berry-lights.lt\/en\/prekes\/pakabukas-vienaragis-auksiniais-karoliais\/#breadcrumb","itemListElement":[{"@type":"ListItem","position":1,"name":"Pagrindinis","item":"https:\/\/berry-lights.lt\/"},{"@type":"ListItem","position":2,"name":"Prek\u0117s","item":"https:\/\/berry-lights.lt\/prekes\/"},{"@type":"ListItem","position":3,"name":"Pakabukai","item":"https:\/\/berry-lights.lt\/produkto-kategorija\/pakabukai\/"},{"@type":"ListItem","position":4,"name":"Pakabukas vienaragis auksiniais karoliais"}]},{"@type":"WebSite","@id":"https:\/\/berry-lights.lt\/#website","url":"https:\/\/berry-lights.lt\/","name":"Berry Lights","description":"","publisher":{"@id":"https:\/\/berry-lights.lt\/#organization"},"potentialAction":[{"@type":"SearchAction","target":{"@type":"EntryPoint","urlTemplate":"https:\/\/berry-lights.lt\/?s={search_term_string}"},"query-input":"required name=search_term_string"}],"inLanguage":"pl-PL"},{"@type":"Organization","@id":"https:\/\/berry-lights.lt\/#organization","name":"Kodilas, MB","url":"https:\/\/berry-lights.lt\/","logo":{"@type":"ImageObject","inLanguage":"pl-PL","@id":"https:\/\/berry-lights.lt\/#\/schema\/logo\/image\/","url":"https:\/\/berry-lights.lt\/wp-content\/uploads\/2023\/05\/BERRYLIGHTS_LOGO_LAST.svg","contentUrl":"https:\/\/berry-lights.lt\/wp-content\/uploads\/2023\/05\/BERRYLIGHTS_LOGO_LAST.svg","width":448,"height":67,"caption":"Kodilas, MB"},"image":{"@id":"https:\/\/berry-lights.lt\/#\/schema\/logo\/image\/"},"sameAs":["https:\/\/www.facebook.com\/berry-lights.lt\/","https:\/\/www.instagram.com\/berry-lights.lt\/"]}]},"product_price_amount":"22.00","product_price_currency":"EUR","og_availability":"out of stock","product_availability":"out of stock","product_condition":"new"},"_links":{"self":[{"href":"https:\/\/berry-lights.lt\/pl\/wp-json\/wp\/v2\/product\/8520"}],"collection":[{"href":"https:\/\/berry-lights.lt\/pl\/wp-json\/wp\/v2\/product"}],"about":[{"href":"https:\/\/berry-lights.lt\/pl\/wp-json\/wp\/v2\/types\/product"}],"wp:featuredmedia":[{"embeddable":true,"href":"https:\/\/berry-lights.lt\/pl\/wp-json\/wp\/v2\/media\/8542"}],"wp:attachment":[{"href":"https:\/\/berry-lights.lt\/pl\/wp-json\/wp\/v2\/media?parent=8520"}],"wp:term":[{"taxonomy":"product_cat","embeddable":true,"href":"https:\/\/berry-lights.lt\/pl\/wp-json\/wp\/v2\/product_cat?post=8520"},{"taxonomy":"product_tag","embeddable":true,"href":"https:\/\/berry-lights.lt\/pl\/wp-json\/wp\/v2\/product_tag?post=8520"}],"curies":[{"name":"wp","href":"https:\/\/api.w.org\/{rel}","templated":true}]}}