{"id":8460,"date":"2023-01-13T12:41:02","date_gmt":"2023-01-13T14:41:02","guid":{"rendered":"http:\/\/berry-lights.lt\/?post_type=product&#038;p=8460"},"modified":"2024-04-05T15:06:30","modified_gmt":"2024-04-05T17:06:30","slug":"sidabriniai-kabantys-auskarai-perlas","status":"publish","type":"product","link":"https:\/\/berry-lights.lt\/pl\/prekes\/sidabriniai-kabantys-auskarai-perlas\/","title":{"rendered":"Srebrne kolczyki wisz\u0105ce - Per\u0142a"},"content":{"rendered":"<p>Wykonane ze srebra pr\u00f3by 925.<\/p>\n<p>Rozmiar kolczyka: sztuczna per\u0142a - 5 mm x 5 mm, k\u00f3\u0142ko - 1,2 mm x 12 mm<\/p>\n<p>Materia\u0142 to sztuczna per\u0142a.<\/p>\n<p>Waga 0,55 g<\/p>\n<p>Pakowane w markowe bia\u0142e pude\u0142ko z logo.<\/p>","protected":false},"excerpt":{"rendered":"<p style=\"text-align: left;\">Srebrne kolczyki wisz\u0105ce z per\u0142\u0105.<\/p>\n<p style=\"text-align: left;\">\u015awietny prezent dla siebie lub przyjaci\u00f3\u0142ki \u2665.<\/p>","protected":false},"featured_media":8461,"template":"","meta":[],"product_cat":[37,52],"product_tag":[],"acf":[],"yoast_head":"<!-- This site is optimized with the Yoast SEO Premium plugin v20.8 (Yoast SEO v20.9) - https:\/\/yoast.com\/wordpress\/plugins\/seo\/ -->\n<title>Sidabriniai kabantys auskarai - Perlas - Berry Lights<\/title>\n<meta name=\"robots\" content=\"index, follow, max-snippet:-1, max-image-preview:large, max-video-preview:-1\" \/>\n<link rel=\"canonical\" href=\"https:\/\/berry-lights.lt\/pl\/prekes\/sidabriniai-kabantys-auskarai-perlas\/\" \/>\n<meta property=\"og:locale\" content=\"pl_PL\" \/>\n<meta property=\"og:type\" content=\"article\" \/>\n<meta property=\"og:title\" content=\"Sidabriniai kabantys auskarai - Perlas\" \/>\n<meta property=\"og:description\" content=\"Sidabriniai kabantys auskarai\u00a0-\u00a0perlas. Puiki dovana sau ar draugei \u2665\" \/>\n<meta property=\"og:url\" content=\"https:\/\/berry-lights.lt\/pl\/prekes\/sidabriniai-kabantys-auskarai-perlas\/\" \/>\n<meta property=\"og:site_name\" content=\"Berry Lights\" \/>\n<meta property=\"article:publisher\" content=\"https:\/\/www.facebook.com\/berry-lights.lt\/\" \/>\n<meta property=\"article:modified_time\" content=\"2024-04-05T17:06:30+00:00\" \/>\n<meta property=\"og:image\" content=\"http:\/\/berry-lights.lt\/wp-content\/uploads\/2023\/01\/Perlas.png\" \/>\n\t<meta property=\"og:image:width\" content=\"614\" \/>\n\t<meta property=\"og:image:height\" content=\"610\" \/>\n\t<meta property=\"og:image:type\" content=\"image\/png\" \/>\n<meta name=\"twitter:card\" content=\"summary_large_image\" \/>\n<meta name=\"twitter:label1\" content=\"Cena\" \/>\n\t<meta name=\"twitter:data1\" content=\"&euro;16.95\" \/>\n\t<meta name=\"twitter:label2\" content=\"Dost\u0119pno\u015b\u0107\" \/>\n\t<meta name=\"twitter:data2\" content=\"Dost\u0119pny\" \/>\n<script type=\"application\/ld+json\" class=\"yoast-schema-graph\">{\"@context\":\"https:\/\/schema.org\",\"@graph\":[{\"@type\":\"WebPage\",\"@id\":\"https:\/\/berry-lights.lt\/prekes\/sidabriniai-kabantys-auskarai-perlas\/\",\"url\":\"https:\/\/berry-lights.lt\/prekes\/sidabriniai-kabantys-auskarai-perlas\/\",\"name\":\"Sidabriniai kabantys auskarai - Perlas - Berry Lights\",\"isPartOf\":{\"@id\":\"https:\/\/berry-lights.lt\/#website\"},\"datePublished\":\"2023-01-13T14:41:02+00:00\",\"dateModified\":\"2024-04-05T17:06:30+00:00\",\"breadcrumb\":{\"@id\":\"https:\/\/berry-lights.lt\/prekes\/sidabriniai-kabantys-auskarai-perlas\/#breadcrumb\"},\"inLanguage\":\"pl-PL\",\"potentialAction\":[{\"@type\":\"ReadAction\",\"target\":[\"https:\/\/berry-lights.lt\/prekes\/sidabriniai-kabantys-auskarai-perlas\/\"]}]},{\"@type\":\"BreadcrumbList\",\"@id\":\"https:\/\/berry-lights.lt\/prekes\/sidabriniai-kabantys-auskarai-perlas\/#breadcrumb\",\"itemListElement\":[{\"@type\":\"ListItem\",\"position\":1,\"name\":\"Pagrindinis\",\"item\":\"https:\/\/berry-lights.lt\/\"},{\"@type\":\"ListItem\",\"position\":2,\"name\":\"Prek\u0117s\",\"item\":\"https:\/\/berry-lights.lt\/prekes\/\"},{\"@type\":\"ListItem\",\"position\":3,\"name\":\"Papuo\u0161alai\",\"item\":\"https:\/\/berry-lights.lt\/produkto-kategorija\/auskarai\/\"},{\"@type\":\"ListItem\",\"position\":4,\"name\":\"Sidabriniai kabantys auskarai &#8211; Perlas\"}]},{\"@type\":\"WebSite\",\"@id\":\"https:\/\/berry-lights.lt\/#website\",\"url\":\"https:\/\/berry-lights.lt\/\",\"name\":\"Berry Lights\",\"description\":\"\",\"publisher\":{\"@id\":\"https:\/\/berry-lights.lt\/#organization\"},\"potentialAction\":[{\"@type\":\"SearchAction\",\"target\":{\"@type\":\"EntryPoint\",\"urlTemplate\":\"https:\/\/berry-lights.lt\/?s={search_term_string}\"},\"query-input\":\"required name=search_term_string\"}],\"inLanguage\":\"pl-PL\"},{\"@type\":\"Organization\",\"@id\":\"https:\/\/berry-lights.lt\/#organization\",\"name\":\"Kodilas, MB\",\"url\":\"https:\/\/berry-lights.lt\/\",\"logo\":{\"@type\":\"ImageObject\",\"inLanguage\":\"pl-PL\",\"@id\":\"https:\/\/berry-lights.lt\/#\/schema\/logo\/image\/\",\"url\":\"https:\/\/berry-lights.lt\/wp-content\/uploads\/2023\/05\/BERRYLIGHTS_LOGO_LAST.svg\",\"contentUrl\":\"https:\/\/berry-lights.lt\/wp-content\/uploads\/2023\/05\/BERRYLIGHTS_LOGO_LAST.svg\",\"width\":448,\"height\":67,\"caption\":\"Kodilas, MB\"},\"image\":{\"@id\":\"https:\/\/berry-lights.lt\/#\/schema\/logo\/image\/\"},\"sameAs\":[\"https:\/\/www.facebook.com\/berry-lights.lt\/\",\"https:\/\/www.instagram.com\/berry-lights.lt\/\"]}]}<\/script>\n<meta property=\"product:price:amount\" content=\"16.95\" \/>\n<meta property=\"product:price:currency\" content=\"EUR\" \/>\n<meta property=\"og:availability\" content=\"instock\" \/>\n<meta property=\"product:availability\" content=\"instock\" \/>\n<meta property=\"product:condition\" content=\"new\" \/>\n<!-- \/ Yoast SEO Premium plugin. -->","yoast_head_json":{"title":"Sidabriniai kabantys auskarai - Perlas - Berry Lights","robots":{"index":"index","follow":"follow","max-snippet":"max-snippet:-1","max-image-preview":"max-image-preview:large","max-video-preview":"max-video-preview:-1"},"canonical":"https:\/\/berry-lights.lt\/pl\/prekes\/sidabriniai-kabantys-auskarai-perlas\/","og_locale":"pl_PL","og_type":"article","og_title":"Sidabriniai kabantys auskarai - Perlas","og_description":"Sidabriniai kabantys auskarai\u00a0-\u00a0perlas. Puiki dovana sau ar draugei \u2665","og_url":"https:\/\/berry-lights.lt\/pl\/prekes\/sidabriniai-kabantys-auskarai-perlas\/","og_site_name":"Berry Lights","article_publisher":"https:\/\/www.facebook.com\/berry-lights.lt\/","article_modified_time":"2024-04-05T17:06:30+00:00","og_image":[{"width":614,"height":610,"url":"http:\/\/berry-lights.lt\/wp-content\/uploads\/2023\/01\/Perlas.png","type":"image\/png"}],"twitter_card":"summary_large_image","twitter_misc":{"Cena":"&euro;16.95","Dost\u0119pno\u015b\u0107":"Dost\u0119pny"},"schema":{"@context":"https:\/\/schema.org","@graph":[{"@type":"WebPage","@id":"https:\/\/berry-lights.lt\/prekes\/sidabriniai-kabantys-auskarai-perlas\/","url":"https:\/\/berry-lights.lt\/prekes\/sidabriniai-kabantys-auskarai-perlas\/","name":"Sidabriniai kabantys auskarai - Perlas - Berry Lights","isPartOf":{"@id":"https:\/\/berry-lights.lt\/#website"},"datePublished":"2023-01-13T14:41:02+00:00","dateModified":"2024-04-05T17:06:30+00:00","breadcrumb":{"@id":"https:\/\/berry-lights.lt\/prekes\/sidabriniai-kabantys-auskarai-perlas\/#breadcrumb"},"inLanguage":"pl-PL","potentialAction":[{"@type":"ReadAction","target":["https:\/\/berry-lights.lt\/prekes\/sidabriniai-kabantys-auskarai-perlas\/"]}]},{"@type":"BreadcrumbList","@id":"https:\/\/berry-lights.lt\/prekes\/sidabriniai-kabantys-auskarai-perlas\/#breadcrumb","itemListElement":[{"@type":"ListItem","position":1,"name":"Pagrindinis","item":"https:\/\/berry-lights.lt\/"},{"@type":"ListItem","position":2,"name":"Prek\u0117s","item":"https:\/\/berry-lights.lt\/prekes\/"},{"@type":"ListItem","position":3,"name":"Papuo\u0161alai","item":"https:\/\/berry-lights.lt\/produkto-kategorija\/auskarai\/"},{"@type":"ListItem","position":4,"name":"Sidabriniai kabantys auskarai &#8211; Perlas"}]},{"@type":"WebSite","@id":"https:\/\/berry-lights.lt\/#website","url":"https:\/\/berry-lights.lt\/","name":"Berry Lights","description":"","publisher":{"@id":"https:\/\/berry-lights.lt\/#organization"},"potentialAction":[{"@type":"SearchAction","target":{"@type":"EntryPoint","urlTemplate":"https:\/\/berry-lights.lt\/?s={search_term_string}"},"query-input":"required name=search_term_string"}],"inLanguage":"pl-PL"},{"@type":"Organization","@id":"https:\/\/berry-lights.lt\/#organization","name":"Kodilas, MB","url":"https:\/\/berry-lights.lt\/","logo":{"@type":"ImageObject","inLanguage":"pl-PL","@id":"https:\/\/berry-lights.lt\/#\/schema\/logo\/image\/","url":"https:\/\/berry-lights.lt\/wp-content\/uploads\/2023\/05\/BERRYLIGHTS_LOGO_LAST.svg","contentUrl":"https:\/\/berry-lights.lt\/wp-content\/uploads\/2023\/05\/BERRYLIGHTS_LOGO_LAST.svg","width":448,"height":67,"caption":"Kodilas, MB"},"image":{"@id":"https:\/\/berry-lights.lt\/#\/schema\/logo\/image\/"},"sameAs":["https:\/\/www.facebook.com\/berry-lights.lt\/","https:\/\/www.instagram.com\/berry-lights.lt\/"]}]},"product_price_amount":"16.95","product_price_currency":"EUR","og_availability":"instock","product_availability":"instock","product_condition":"new"},"_links":{"self":[{"href":"https:\/\/berry-lights.lt\/pl\/wp-json\/wp\/v2\/product\/8460"}],"collection":[{"href":"https:\/\/berry-lights.lt\/pl\/wp-json\/wp\/v2\/product"}],"about":[{"href":"https:\/\/berry-lights.lt\/pl\/wp-json\/wp\/v2\/types\/product"}],"wp:featuredmedia":[{"embeddable":true,"href":"https:\/\/berry-lights.lt\/pl\/wp-json\/wp\/v2\/media\/8461"}],"wp:attachment":[{"href":"https:\/\/berry-lights.lt\/pl\/wp-json\/wp\/v2\/media?parent=8460"}],"wp:term":[{"taxonomy":"product_cat","embeddable":true,"href":"https:\/\/berry-lights.lt\/pl\/wp-json\/wp\/v2\/product_cat?post=8460"},{"taxonomy":"product_tag","embeddable":true,"href":"https:\/\/berry-lights.lt\/pl\/wp-json\/wp\/v2\/product_tag?post=8460"}],"curies":[{"name":"wp","href":"https:\/\/api.w.org\/{rel}","templated":true}]}}