{"id":3756,"date":"2017-11-07T12:11:22","date_gmt":"2017-11-07T14:11:22","guid":{"rendered":"http:\/\/berry-lights.lt\/?post_type=product&#038;p=3756"},"modified":"2025-01-26T17:23:00","modified_gmt":"2025-01-26T19:23:00","slug":"kopu-smelis","status":"publish","type":"product","link":"https:\/\/berry-lights.lt\/pl\/prekes\/kopu-smelis\/","title":{"rendered":"Piasek wydmowy"},"content":{"rendered":"<p>Ca\u0142kowita d\u0142ugo\u015b\u0107 girlandy z 10 kul wynosi 258 cm. D\u0142ugo\u015b\u0107 od pierwszej do ostatniej kuli 108 cm<\/p>\n<p>Ca\u0142kowita d\u0142ugo\u015b\u0107 girlandy z 20 kul wynosi 380 cm. D\u0142ugo\u015b\u0107 od pierwszej do ostatniej kuli 230 cm<\/p>\n<p>&nbsp;<\/p>","protected":false},"excerpt":{"rendered":"<p>Girlanda w jasnych i neutralnych odcieniach to subtelna dekoracja domu, kt\u00f3ra pasuje do ka\u017cdego wn\u0119trza. Poczuj ducha wydm w swoim domu.<\/p>\n<div>\n<p>R\u0119cznie wykonana bawe\u0142niana girlanda ze \u015bwiec\u0105cych kulek.<\/p>\n<\/div>\n<div class=\"mesagge\"><\/div>","protected":false},"featured_media":3757,"template":"","meta":[],"product_cat":[17],"product_tag":[],"acf":[],"yoast_head":"<!-- This site is optimized with the Yoast SEO Premium plugin v20.8 (Yoast SEO v20.9) - https:\/\/yoast.com\/wordpress\/plugins\/seo\/ -->\n<title>Kop\u0173 sm\u0117lis - Berry Lights<\/title>\n<meta name=\"description\" content=\"Rank\u0173 darbo medvilnin\u0117 lempu\u010di\u0173 girlianda, kuri\u0105 sudaro \u017e\u0117rintys kamuoliukai - Kop\u0173 sm\u0117lis. \u0160viesi\u0173 ir neautrali\u0173 atspalv\u0173 girlianda\" \/>\n<meta name=\"robots\" content=\"index, follow, max-snippet:-1, max-image-preview:large, max-video-preview:-1\" \/>\n<link rel=\"canonical\" href=\"https:\/\/berry-lights.lt\/pl\/prekes\/kopu-smelis\/\" \/>\n<meta property=\"og:locale\" content=\"pl_PL\" \/>\n<meta property=\"og:type\" content=\"article\" \/>\n<meta property=\"og:title\" content=\"Kop\u0173 sm\u0117lis\" \/>\n<meta property=\"og:description\" content=\"Rank\u0173 darbo medvilnin\u0117 lempu\u010di\u0173 girlianda, kuri\u0105 sudaro \u017e\u0117rintys kamuoliukai - Kop\u0173 sm\u0117lis. \u0160viesi\u0173 ir neautrali\u0173 atspalv\u0173 girlianda\" \/>\n<meta property=\"og:url\" content=\"https:\/\/berry-lights.lt\/pl\/prekes\/kopu-smelis\/\" \/>\n<meta property=\"og:site_name\" content=\"Berry Lights\" \/>\n<meta property=\"article:publisher\" content=\"https:\/\/www.facebook.com\/berry-lights.lt\/\" \/>\n<meta property=\"article:modified_time\" content=\"2025-01-26T19:23:00+00:00\" \/>\n<meta property=\"og:image\" content=\"http:\/\/berry-lights.lt\/wp-content\/uploads\/2017\/11\/balta-kremine-vanile-pilka-min-scaled.jpg\" \/>\n\t<meta property=\"og:image:width\" content=\"1707\" \/>\n\t<meta property=\"og:image:height\" content=\"2560\" \/>\n\t<meta property=\"og:image:type\" content=\"image\/jpeg\" \/>\n<meta name=\"twitter:card\" content=\"summary_large_image\" \/>\n<meta name=\"twitter:label1\" content=\"Dost\u0119pno\u015b\u0107\" \/>\n\t<meta name=\"twitter:data1\" content=\"Dost\u0119pny\" \/>\n<script type=\"application\/ld+json\" class=\"yoast-schema-graph\">{\"@context\":\"https:\/\/schema.org\",\"@graph\":[{\"@type\":\"WebPage\",\"@id\":\"https:\/\/berry-lights.lt\/prekes\/kopu-smelis\/\",\"url\":\"https:\/\/berry-lights.lt\/prekes\/kopu-smelis\/\",\"name\":\"Kop\u0173 sm\u0117lis - Berry Lights\",\"isPartOf\":{\"@id\":\"https:\/\/berry-lights.lt\/#website\"},\"datePublished\":\"2017-11-07T14:11:22+00:00\",\"dateModified\":\"2025-01-26T19:23:00+00:00\",\"description\":\"Rank\u0173 darbo medvilnin\u0117 lempu\u010di\u0173 girlianda, kuri\u0105 sudaro \u017e\u0117rintys kamuoliukai - Kop\u0173 sm\u0117lis. \u0160viesi\u0173 ir neautrali\u0173 atspalv\u0173 girlianda\",\"breadcrumb\":{\"@id\":\"https:\/\/berry-lights.lt\/prekes\/kopu-smelis\/#breadcrumb\"},\"inLanguage\":\"pl-PL\",\"potentialAction\":[{\"@type\":\"ReadAction\",\"target\":[\"https:\/\/berry-lights.lt\/prekes\/kopu-smelis\/\"]}]},{\"@type\":\"BreadcrumbList\",\"@id\":\"https:\/\/berry-lights.lt\/prekes\/kopu-smelis\/#breadcrumb\",\"itemListElement\":[{\"@type\":\"ListItem\",\"position\":1,\"name\":\"Pagrindinis\",\"item\":\"https:\/\/berry-lights.lt\/\"},{\"@type\":\"ListItem\",\"position\":2,\"name\":\"Prek\u0117s\",\"item\":\"https:\/\/berry-lights.lt\/prekes\/\"},{\"@type\":\"ListItem\",\"position\":3,\"name\":\"Girliand\u0173 rinkiniai\",\"item\":\"https:\/\/berry-lights.lt\/produkto-kategorija\/rinkiniai\/\"},{\"@type\":\"ListItem\",\"position\":4,\"name\":\"Kop\u0173 sm\u0117lis\"}]},{\"@type\":\"WebSite\",\"@id\":\"https:\/\/berry-lights.lt\/#website\",\"url\":\"https:\/\/berry-lights.lt\/\",\"name\":\"Berry Lights\",\"description\":\"\",\"publisher\":{\"@id\":\"https:\/\/berry-lights.lt\/#organization\"},\"potentialAction\":[{\"@type\":\"SearchAction\",\"target\":{\"@type\":\"EntryPoint\",\"urlTemplate\":\"https:\/\/berry-lights.lt\/?s={search_term_string}\"},\"query-input\":\"required name=search_term_string\"}],\"inLanguage\":\"pl-PL\"},{\"@type\":\"Organization\",\"@id\":\"https:\/\/berry-lights.lt\/#organization\",\"name\":\"Kodilas, MB\",\"url\":\"https:\/\/berry-lights.lt\/\",\"logo\":{\"@type\":\"ImageObject\",\"inLanguage\":\"pl-PL\",\"@id\":\"https:\/\/berry-lights.lt\/#\/schema\/logo\/image\/\",\"url\":\"https:\/\/berry-lights.lt\/wp-content\/uploads\/2023\/05\/BERRYLIGHTS_LOGO_LAST.svg\",\"contentUrl\":\"https:\/\/berry-lights.lt\/wp-content\/uploads\/2023\/05\/BERRYLIGHTS_LOGO_LAST.svg\",\"width\":448,\"height\":67,\"caption\":\"Kodilas, MB\"},\"image\":{\"@id\":\"https:\/\/berry-lights.lt\/#\/schema\/logo\/image\/\"},\"sameAs\":[\"https:\/\/www.facebook.com\/berry-lights.lt\/\",\"https:\/\/www.instagram.com\/berry-lights.lt\/\"]}]}<\/script>\n<meta property=\"og:availability\" content=\"instock\" \/>\n<meta property=\"product:availability\" content=\"instock\" \/>\n<meta property=\"product:condition\" content=\"new\" \/>\n<!-- \/ Yoast SEO Premium plugin. -->","yoast_head_json":{"title":"Kop\u0173 sm\u0117lis - Berry Lights","description":"Rank\u0173 darbo medvilnin\u0117 lempu\u010di\u0173 girlianda, kuri\u0105 sudaro \u017e\u0117rintys kamuoliukai - Kop\u0173 sm\u0117lis. \u0160viesi\u0173 ir neautrali\u0173 atspalv\u0173 girlianda","robots":{"index":"index","follow":"follow","max-snippet":"max-snippet:-1","max-image-preview":"max-image-preview:large","max-video-preview":"max-video-preview:-1"},"canonical":"https:\/\/berry-lights.lt\/pl\/prekes\/kopu-smelis\/","og_locale":"pl_PL","og_type":"article","og_title":"Kop\u0173 sm\u0117lis","og_description":"Rank\u0173 darbo medvilnin\u0117 lempu\u010di\u0173 girlianda, kuri\u0105 sudaro \u017e\u0117rintys kamuoliukai - Kop\u0173 sm\u0117lis. \u0160viesi\u0173 ir neautrali\u0173 atspalv\u0173 girlianda","og_url":"https:\/\/berry-lights.lt\/pl\/prekes\/kopu-smelis\/","og_site_name":"Berry Lights","article_publisher":"https:\/\/www.facebook.com\/berry-lights.lt\/","article_modified_time":"2025-01-26T19:23:00+00:00","og_image":[{"width":1707,"height":2560,"url":"http:\/\/berry-lights.lt\/wp-content\/uploads\/2017\/11\/balta-kremine-vanile-pilka-min-scaled.jpg","type":"image\/jpeg"}],"twitter_card":"summary_large_image","twitter_misc":{"Dost\u0119pno\u015b\u0107":"Dost\u0119pny"},"schema":{"@context":"https:\/\/schema.org","@graph":[{"@type":"WebPage","@id":"https:\/\/berry-lights.lt\/prekes\/kopu-smelis\/","url":"https:\/\/berry-lights.lt\/prekes\/kopu-smelis\/","name":"Kop\u0173 sm\u0117lis - Berry Lights","isPartOf":{"@id":"https:\/\/berry-lights.lt\/#website"},"datePublished":"2017-11-07T14:11:22+00:00","dateModified":"2025-01-26T19:23:00+00:00","description":"Rank\u0173 darbo medvilnin\u0117 lempu\u010di\u0173 girlianda, kuri\u0105 sudaro \u017e\u0117rintys kamuoliukai - Kop\u0173 sm\u0117lis. \u0160viesi\u0173 ir neautrali\u0173 atspalv\u0173 girlianda","breadcrumb":{"@id":"https:\/\/berry-lights.lt\/prekes\/kopu-smelis\/#breadcrumb"},"inLanguage":"pl-PL","potentialAction":[{"@type":"ReadAction","target":["https:\/\/berry-lights.lt\/prekes\/kopu-smelis\/"]}]},{"@type":"BreadcrumbList","@id":"https:\/\/berry-lights.lt\/prekes\/kopu-smelis\/#breadcrumb","itemListElement":[{"@type":"ListItem","position":1,"name":"Pagrindinis","item":"https:\/\/berry-lights.lt\/"},{"@type":"ListItem","position":2,"name":"Prek\u0117s","item":"https:\/\/berry-lights.lt\/prekes\/"},{"@type":"ListItem","position":3,"name":"Girliand\u0173 rinkiniai","item":"https:\/\/berry-lights.lt\/produkto-kategorija\/rinkiniai\/"},{"@type":"ListItem","position":4,"name":"Kop\u0173 sm\u0117lis"}]},{"@type":"WebSite","@id":"https:\/\/berry-lights.lt\/#website","url":"https:\/\/berry-lights.lt\/","name":"Berry Lights","description":"","publisher":{"@id":"https:\/\/berry-lights.lt\/#organization"},"potentialAction":[{"@type":"SearchAction","target":{"@type":"EntryPoint","urlTemplate":"https:\/\/berry-lights.lt\/?s={search_term_string}"},"query-input":"required name=search_term_string"}],"inLanguage":"pl-PL"},{"@type":"Organization","@id":"https:\/\/berry-lights.lt\/#organization","name":"Kodilas, MB","url":"https:\/\/berry-lights.lt\/","logo":{"@type":"ImageObject","inLanguage":"pl-PL","@id":"https:\/\/berry-lights.lt\/#\/schema\/logo\/image\/","url":"https:\/\/berry-lights.lt\/wp-content\/uploads\/2023\/05\/BERRYLIGHTS_LOGO_LAST.svg","contentUrl":"https:\/\/berry-lights.lt\/wp-content\/uploads\/2023\/05\/BERRYLIGHTS_LOGO_LAST.svg","width":448,"height":67,"caption":"Kodilas, MB"},"image":{"@id":"https:\/\/berry-lights.lt\/#\/schema\/logo\/image\/"},"sameAs":["https:\/\/www.facebook.com\/berry-lights.lt\/","https:\/\/www.instagram.com\/berry-lights.lt\/"]}]},"og_availability":"instock","product_availability":"instock","product_condition":"new"},"_links":{"self":[{"href":"https:\/\/berry-lights.lt\/pl\/wp-json\/wp\/v2\/product\/3756"}],"collection":[{"href":"https:\/\/berry-lights.lt\/pl\/wp-json\/wp\/v2\/product"}],"about":[{"href":"https:\/\/berry-lights.lt\/pl\/wp-json\/wp\/v2\/types\/product"}],"wp:featuredmedia":[{"embeddable":true,"href":"https:\/\/berry-lights.lt\/pl\/wp-json\/wp\/v2\/media\/3757"}],"wp:attachment":[{"href":"https:\/\/berry-lights.lt\/pl\/wp-json\/wp\/v2\/media?parent=3756"}],"wp:term":[{"taxonomy":"product_cat","embeddable":true,"href":"https:\/\/berry-lights.lt\/pl\/wp-json\/wp\/v2\/product_cat?post=3756"},{"taxonomy":"product_tag","embeddable":true,"href":"https:\/\/berry-lights.lt\/pl\/wp-json\/wp\/v2\/product_tag?post=3756"}],"curies":[{"name":"wp","href":"https:\/\/api.w.org\/{rel}","templated":true}]}}