{"id":3734,"date":"2017-11-07T11:46:28","date_gmt":"2017-11-07T13:46:28","guid":{"rendered":"http:\/\/berry-lights.lt\/?post_type=product&#038;p=3734"},"modified":"2025-01-26T17:24:07","modified_gmt":"2025-01-26T19:24:07","slug":"pirmasis-serksnas","status":"publish","type":"product","link":"https:\/\/berry-lights.lt\/pl\/prekes\/pirmasis-serksnas\/","title":{"rendered":"Pierwszy mr\u00f3z"},"content":{"rendered":"","protected":false},"excerpt":{"rendered":"<p>Specjalny zestaw \u015bwi\u0105teczny. Pierwsze b\u0142yszcz\u0105ce kryszta\u0142ki lodu, kt\u00f3re tworz\u0105 si\u0119 we mgle. Otul\u0105 Ci\u0119, ogrzej\u0105, a b\u0142yszcz\u0105ce detale srebrnych kulek zachwyc\u0105 najm\u0142odszych, gdy \u015bwiat\u0142a b\u0119d\u0105 w\u0142\u0105czone.<\/p>\n<div>\n<p>R\u0119cznie wykonana bawe\u0142niana girlanda ze \u015bwiec\u0105cych kulek.<\/p>\n<\/div>\n<div class=\"mesagge\"><\/div>","protected":false},"featured_media":3737,"template":"","meta":[],"product_cat":[17],"product_tag":[],"acf":[],"yoast_head":"<!-- This site is optimized with the Yoast SEO Premium plugin v20.8 (Yoast SEO v20.9) - https:\/\/yoast.com\/wordpress\/plugins\/seo\/ -->\n<title>Pirmasis \u0161erk\u0161nas - Berry Lights<\/title>\n<meta name=\"robots\" content=\"index, follow, max-snippet:-1, max-image-preview:large, max-video-preview:-1\" \/>\n<link rel=\"canonical\" href=\"https:\/\/berry-lights.lt\/pl\/prekes\/pirmasis-serksnas\/\" \/>\n<meta property=\"og:locale\" content=\"pl_PL\" \/>\n<meta property=\"og:type\" content=\"article\" \/>\n<meta property=\"og:title\" content=\"Pirmasis \u0161erk\u0161nas\" \/>\n<meta property=\"og:description\" content=\"Specialus Kal\u0117dinis rinkinys. Pirmieji \u017evilgantys ledo\u00a0kristat\u0117liai, kurie susidaro esant r\u016bkui. Apgaubs, su\u0161ildys, o sidabrini\u0173 kamuoliuk\u0173 \u017e\u0117rin\u010dios detal\u0117s, \u012fjungus \u0161vieseles - d\u017eiugins pa\u010dius ma\u017eiausius.   Rank\u0173 darbo medvilnin\u0117 lempu\u010di\u0173 girlianda, kuri\u0105 sudaro \u017e\u0117rintys kamuoliukai.\" \/>\n<meta property=\"og:url\" content=\"https:\/\/berry-lights.lt\/pl\/prekes\/pirmasis-serksnas\/\" \/>\n<meta property=\"og:site_name\" content=\"Berry Lights\" \/>\n<meta property=\"article:publisher\" content=\"https:\/\/www.facebook.com\/berry-lights.lt\/\" \/>\n<meta property=\"article:modified_time\" content=\"2025-01-26T19:24:07+00:00\" \/>\n<meta property=\"og:image\" content=\"http:\/\/berry-lights.lt\/wp-content\/uploads\/2017\/11\/berrylights_lemputes2-min-scaled.jpg\" \/>\n\t<meta property=\"og:image:width\" content=\"1707\" \/>\n\t<meta property=\"og:image:height\" content=\"2560\" \/>\n\t<meta property=\"og:image:type\" content=\"image\/jpeg\" \/>\n<meta name=\"twitter:card\" content=\"summary_large_image\" \/>\n<meta name=\"twitter:label1\" content=\"Dost\u0119pno\u015b\u0107\" \/>\n\t<meta name=\"twitter:data1\" content=\"Dost\u0119pny\" \/>\n<script type=\"application\/ld+json\" class=\"yoast-schema-graph\">{\"@context\":\"https:\/\/schema.org\",\"@graph\":[{\"@type\":\"WebPage\",\"@id\":\"https:\/\/berry-lights.lt\/prekes\/pirmasis-serksnas\/\",\"url\":\"https:\/\/berry-lights.lt\/prekes\/pirmasis-serksnas\/\",\"name\":\"Pirmasis \u0161erk\u0161nas - Berry Lights\",\"isPartOf\":{\"@id\":\"https:\/\/berry-lights.lt\/#website\"},\"datePublished\":\"2017-11-07T13:46:28+00:00\",\"dateModified\":\"2025-01-26T19:24:07+00:00\",\"breadcrumb\":{\"@id\":\"https:\/\/berry-lights.lt\/prekes\/pirmasis-serksnas\/#breadcrumb\"},\"inLanguage\":\"pl-PL\",\"potentialAction\":[{\"@type\":\"ReadAction\",\"target\":[\"https:\/\/berry-lights.lt\/prekes\/pirmasis-serksnas\/\"]}]},{\"@type\":\"BreadcrumbList\",\"@id\":\"https:\/\/berry-lights.lt\/prekes\/pirmasis-serksnas\/#breadcrumb\",\"itemListElement\":[{\"@type\":\"ListItem\",\"position\":1,\"name\":\"Pagrindinis\",\"item\":\"https:\/\/berry-lights.lt\/\"},{\"@type\":\"ListItem\",\"position\":2,\"name\":\"Prek\u0117s\",\"item\":\"https:\/\/berry-lights.lt\/prekes\/\"},{\"@type\":\"ListItem\",\"position\":3,\"name\":\"Girliand\u0173 rinkiniai\",\"item\":\"https:\/\/berry-lights.lt\/produkto-kategorija\/rinkiniai\/\"},{\"@type\":\"ListItem\",\"position\":4,\"name\":\"Pirmasis \u0161erk\u0161nas\"}]},{\"@type\":\"WebSite\",\"@id\":\"https:\/\/berry-lights.lt\/#website\",\"url\":\"https:\/\/berry-lights.lt\/\",\"name\":\"Berry Lights\",\"description\":\"\",\"publisher\":{\"@id\":\"https:\/\/berry-lights.lt\/#organization\"},\"potentialAction\":[{\"@type\":\"SearchAction\",\"target\":{\"@type\":\"EntryPoint\",\"urlTemplate\":\"https:\/\/berry-lights.lt\/?s={search_term_string}\"},\"query-input\":\"required name=search_term_string\"}],\"inLanguage\":\"pl-PL\"},{\"@type\":\"Organization\",\"@id\":\"https:\/\/berry-lights.lt\/#organization\",\"name\":\"Kodilas, MB\",\"url\":\"https:\/\/berry-lights.lt\/\",\"logo\":{\"@type\":\"ImageObject\",\"inLanguage\":\"pl-PL\",\"@id\":\"https:\/\/berry-lights.lt\/#\/schema\/logo\/image\/\",\"url\":\"https:\/\/berry-lights.lt\/wp-content\/uploads\/2023\/05\/BERRYLIGHTS_LOGO_LAST.svg\",\"contentUrl\":\"https:\/\/berry-lights.lt\/wp-content\/uploads\/2023\/05\/BERRYLIGHTS_LOGO_LAST.svg\",\"width\":448,\"height\":67,\"caption\":\"Kodilas, MB\"},\"image\":{\"@id\":\"https:\/\/berry-lights.lt\/#\/schema\/logo\/image\/\"},\"sameAs\":[\"https:\/\/www.facebook.com\/berry-lights.lt\/\",\"https:\/\/www.instagram.com\/berry-lights.lt\/\"]}]}<\/script>\n<meta property=\"og:availability\" content=\"instock\" \/>\n<meta property=\"product:availability\" content=\"instock\" \/>\n<meta property=\"product:condition\" content=\"new\" \/>\n<!-- \/ Yoast SEO Premium plugin. -->","yoast_head_json":{"title":"Pirmasis \u0161erk\u0161nas - Berry Lights","robots":{"index":"index","follow":"follow","max-snippet":"max-snippet:-1","max-image-preview":"max-image-preview:large","max-video-preview":"max-video-preview:-1"},"canonical":"https:\/\/berry-lights.lt\/pl\/prekes\/pirmasis-serksnas\/","og_locale":"pl_PL","og_type":"article","og_title":"Pirmasis \u0161erk\u0161nas","og_description":"Specialus Kal\u0117dinis rinkinys. Pirmieji \u017evilgantys ledo\u00a0kristat\u0117liai, kurie susidaro esant r\u016bkui. Apgaubs, su\u0161ildys, o sidabrini\u0173 kamuoliuk\u0173 \u017e\u0117rin\u010dios detal\u0117s, \u012fjungus \u0161vieseles - d\u017eiugins pa\u010dius ma\u017eiausius.   Rank\u0173 darbo medvilnin\u0117 lempu\u010di\u0173 girlianda, kuri\u0105 sudaro \u017e\u0117rintys kamuoliukai.","og_url":"https:\/\/berry-lights.lt\/pl\/prekes\/pirmasis-serksnas\/","og_site_name":"Berry Lights","article_publisher":"https:\/\/www.facebook.com\/berry-lights.lt\/","article_modified_time":"2025-01-26T19:24:07+00:00","og_image":[{"width":1707,"height":2560,"url":"http:\/\/berry-lights.lt\/wp-content\/uploads\/2017\/11\/berrylights_lemputes2-min-scaled.jpg","type":"image\/jpeg"}],"twitter_card":"summary_large_image","twitter_misc":{"Dost\u0119pno\u015b\u0107":"Dost\u0119pny"},"schema":{"@context":"https:\/\/schema.org","@graph":[{"@type":"WebPage","@id":"https:\/\/berry-lights.lt\/prekes\/pirmasis-serksnas\/","url":"https:\/\/berry-lights.lt\/prekes\/pirmasis-serksnas\/","name":"Pirmasis \u0161erk\u0161nas - Berry Lights","isPartOf":{"@id":"https:\/\/berry-lights.lt\/#website"},"datePublished":"2017-11-07T13:46:28+00:00","dateModified":"2025-01-26T19:24:07+00:00","breadcrumb":{"@id":"https:\/\/berry-lights.lt\/prekes\/pirmasis-serksnas\/#breadcrumb"},"inLanguage":"pl-PL","potentialAction":[{"@type":"ReadAction","target":["https:\/\/berry-lights.lt\/prekes\/pirmasis-serksnas\/"]}]},{"@type":"BreadcrumbList","@id":"https:\/\/berry-lights.lt\/prekes\/pirmasis-serksnas\/#breadcrumb","itemListElement":[{"@type":"ListItem","position":1,"name":"Pagrindinis","item":"https:\/\/berry-lights.lt\/"},{"@type":"ListItem","position":2,"name":"Prek\u0117s","item":"https:\/\/berry-lights.lt\/prekes\/"},{"@type":"ListItem","position":3,"name":"Girliand\u0173 rinkiniai","item":"https:\/\/berry-lights.lt\/produkto-kategorija\/rinkiniai\/"},{"@type":"ListItem","position":4,"name":"Pirmasis \u0161erk\u0161nas"}]},{"@type":"WebSite","@id":"https:\/\/berry-lights.lt\/#website","url":"https:\/\/berry-lights.lt\/","name":"Berry Lights","description":"","publisher":{"@id":"https:\/\/berry-lights.lt\/#organization"},"potentialAction":[{"@type":"SearchAction","target":{"@type":"EntryPoint","urlTemplate":"https:\/\/berry-lights.lt\/?s={search_term_string}"},"query-input":"required name=search_term_string"}],"inLanguage":"pl-PL"},{"@type":"Organization","@id":"https:\/\/berry-lights.lt\/#organization","name":"Kodilas, MB","url":"https:\/\/berry-lights.lt\/","logo":{"@type":"ImageObject","inLanguage":"pl-PL","@id":"https:\/\/berry-lights.lt\/#\/schema\/logo\/image\/","url":"https:\/\/berry-lights.lt\/wp-content\/uploads\/2023\/05\/BERRYLIGHTS_LOGO_LAST.svg","contentUrl":"https:\/\/berry-lights.lt\/wp-content\/uploads\/2023\/05\/BERRYLIGHTS_LOGO_LAST.svg","width":448,"height":67,"caption":"Kodilas, MB"},"image":{"@id":"https:\/\/berry-lights.lt\/#\/schema\/logo\/image\/"},"sameAs":["https:\/\/www.facebook.com\/berry-lights.lt\/","https:\/\/www.instagram.com\/berry-lights.lt\/"]}]},"og_availability":"instock","product_availability":"instock","product_condition":"new"},"_links":{"self":[{"href":"https:\/\/berry-lights.lt\/pl\/wp-json\/wp\/v2\/product\/3734"}],"collection":[{"href":"https:\/\/berry-lights.lt\/pl\/wp-json\/wp\/v2\/product"}],"about":[{"href":"https:\/\/berry-lights.lt\/pl\/wp-json\/wp\/v2\/types\/product"}],"wp:featuredmedia":[{"embeddable":true,"href":"https:\/\/berry-lights.lt\/pl\/wp-json\/wp\/v2\/media\/3737"}],"wp:attachment":[{"href":"https:\/\/berry-lights.lt\/pl\/wp-json\/wp\/v2\/media?parent=3734"}],"wp:term":[{"taxonomy":"product_cat","embeddable":true,"href":"https:\/\/berry-lights.lt\/pl\/wp-json\/wp\/v2\/product_cat?post=3734"},{"taxonomy":"product_tag","embeddable":true,"href":"https:\/\/berry-lights.lt\/pl\/wp-json\/wp\/v2\/product_tag?post=3734"}],"curies":[{"name":"wp","href":"https:\/\/api.w.org\/{rel}","templated":true}]}}