{"id":3732,"date":"2017-11-07T08:52:02","date_gmt":"2017-11-07T10:52:02","guid":{"rendered":"http:\/\/berry-lights.lt\/?post_type=product&#038;p=3732"},"modified":"2025-01-26T17:27:22","modified_gmt":"2025-01-26T19:27:22","slug":"aukso-dulkes","status":"publish","type":"product","link":"https:\/\/berry-lights.lt\/pl\/prekes\/aukso-dulkes\/","title":{"rendered":"Z\u0142oty py\u0142"},"content":{"rendered":"","protected":false},"excerpt":{"rendered":"<p>Wyj\u0105tkowy zestaw \u015bwi\u0105teczny. Zestaw wype\u0142niony z\u0142otem i luksusem, z\u0142o\u017cony z delikatnych koordynuj\u0105cych kolor\u00f3w i kr\u00f3lewskiego z\u0142ota. Idealny do udekorowania choinki, wstawienia do wazonu lub powieszenia na oparciu \u0142\u00f3\u017cka.<\/p>\n<div>\n<p>R\u0119cznie wykonana bawe\u0142niana girlanda ze \u015bwiec\u0105cych kulek.<\/p>\n<\/div>\n<div class=\"mesagge\"><\/div>","protected":false},"featured_media":3733,"template":"","meta":[],"product_cat":[17],"product_tag":[],"acf":[],"yoast_head":"<!-- This site is optimized with the Yoast SEO Premium plugin v20.8 (Yoast SEO v20.9) - https:\/\/yoast.com\/wordpress\/plugins\/seo\/ -->\n<title>Aukso dulk\u0117s - Berry Lights<\/title>\n<meta name=\"robots\" content=\"index, follow, max-snippet:-1, max-image-preview:large, max-video-preview:-1\" \/>\n<link rel=\"canonical\" href=\"https:\/\/berry-lights.lt\/pl\/prekes\/aukso-dulkes\/\" \/>\n<meta property=\"og:locale\" content=\"pl_PL\" \/>\n<meta property=\"og:type\" content=\"article\" \/>\n<meta property=\"og:title\" content=\"Aukso dulk\u0117s\" \/>\n<meta property=\"og:description\" content=\"Specialus Kal\u0117dinis rinkinys. Auksu ir prabanga alsuojantis rinkinys, sudarytas i\u0161 subtiliai deran\u010di\u0173 spalv\u0173 ir karali\u0161kos\u00a0auksin\u0117s. Puikiai tiks papuo\u0161ti Kal\u0117d\u0173 eglut\u0119, sud\u0117ti \u012f vaz\u0105 ar pakabinti ant lovos atlo\u0161o.   Rank\u0173 darbo medvilnin\u0117 lempu\u010di\u0173 girlianda, kuri\u0105 sudaro \u017e\u0117rintys kamuoliukai.\" \/>\n<meta property=\"og:url\" content=\"https:\/\/berry-lights.lt\/pl\/prekes\/aukso-dulkes\/\" \/>\n<meta property=\"og:site_name\" content=\"Berry Lights\" \/>\n<meta property=\"article:publisher\" content=\"https:\/\/www.facebook.com\/berry-lights.lt\/\" \/>\n<meta property=\"article:modified_time\" content=\"2025-01-26T19:27:22+00:00\" \/>\n<meta property=\"og:image\" content=\"http:\/\/berry-lights.lt\/wp-content\/uploads\/2017\/11\/berrylights_lemputes1-min-scaled.jpg\" \/>\n\t<meta property=\"og:image:width\" content=\"1707\" \/>\n\t<meta property=\"og:image:height\" content=\"2560\" \/>\n\t<meta property=\"og:image:type\" content=\"image\/jpeg\" \/>\n<meta name=\"twitter:card\" content=\"summary_large_image\" \/>\n<meta name=\"twitter:label1\" content=\"Dost\u0119pno\u015b\u0107\" \/>\n\t<meta name=\"twitter:data1\" content=\"Dost\u0119pny\" \/>\n<script type=\"application\/ld+json\" class=\"yoast-schema-graph\">{\"@context\":\"https:\/\/schema.org\",\"@graph\":[{\"@type\":\"WebPage\",\"@id\":\"https:\/\/berry-lights.lt\/prekes\/aukso-dulkes\/\",\"url\":\"https:\/\/berry-lights.lt\/prekes\/aukso-dulkes\/\",\"name\":\"Aukso dulk\u0117s - Berry Lights\",\"isPartOf\":{\"@id\":\"https:\/\/berry-lights.lt\/#website\"},\"datePublished\":\"2017-11-07T10:52:02+00:00\",\"dateModified\":\"2025-01-26T19:27:22+00:00\",\"breadcrumb\":{\"@id\":\"https:\/\/berry-lights.lt\/prekes\/aukso-dulkes\/#breadcrumb\"},\"inLanguage\":\"pl-PL\",\"potentialAction\":[{\"@type\":\"ReadAction\",\"target\":[\"https:\/\/berry-lights.lt\/prekes\/aukso-dulkes\/\"]}]},{\"@type\":\"BreadcrumbList\",\"@id\":\"https:\/\/berry-lights.lt\/prekes\/aukso-dulkes\/#breadcrumb\",\"itemListElement\":[{\"@type\":\"ListItem\",\"position\":1,\"name\":\"Pagrindinis\",\"item\":\"https:\/\/berry-lights.lt\/\"},{\"@type\":\"ListItem\",\"position\":2,\"name\":\"Prek\u0117s\",\"item\":\"https:\/\/berry-lights.lt\/prekes\/\"},{\"@type\":\"ListItem\",\"position\":3,\"name\":\"Girliand\u0173 rinkiniai\",\"item\":\"https:\/\/berry-lights.lt\/produkto-kategorija\/rinkiniai\/\"},{\"@type\":\"ListItem\",\"position\":4,\"name\":\"Aukso dulk\u0117s\"}]},{\"@type\":\"WebSite\",\"@id\":\"https:\/\/berry-lights.lt\/#website\",\"url\":\"https:\/\/berry-lights.lt\/\",\"name\":\"Berry Lights\",\"description\":\"\",\"publisher\":{\"@id\":\"https:\/\/berry-lights.lt\/#organization\"},\"potentialAction\":[{\"@type\":\"SearchAction\",\"target\":{\"@type\":\"EntryPoint\",\"urlTemplate\":\"https:\/\/berry-lights.lt\/?s={search_term_string}\"},\"query-input\":\"required name=search_term_string\"}],\"inLanguage\":\"pl-PL\"},{\"@type\":\"Organization\",\"@id\":\"https:\/\/berry-lights.lt\/#organization\",\"name\":\"Kodilas, MB\",\"url\":\"https:\/\/berry-lights.lt\/\",\"logo\":{\"@type\":\"ImageObject\",\"inLanguage\":\"pl-PL\",\"@id\":\"https:\/\/berry-lights.lt\/#\/schema\/logo\/image\/\",\"url\":\"https:\/\/berry-lights.lt\/wp-content\/uploads\/2023\/05\/BERRYLIGHTS_LOGO_LAST.svg\",\"contentUrl\":\"https:\/\/berry-lights.lt\/wp-content\/uploads\/2023\/05\/BERRYLIGHTS_LOGO_LAST.svg\",\"width\":448,\"height\":67,\"caption\":\"Kodilas, MB\"},\"image\":{\"@id\":\"https:\/\/berry-lights.lt\/#\/schema\/logo\/image\/\"},\"sameAs\":[\"https:\/\/www.facebook.com\/berry-lights.lt\/\",\"https:\/\/www.instagram.com\/berry-lights.lt\/\"]}]}<\/script>\n<meta property=\"og:availability\" content=\"instock\" \/>\n<meta property=\"product:availability\" content=\"instock\" \/>\n<meta property=\"product:condition\" content=\"new\" \/>\n<!-- \/ Yoast SEO Premium plugin. -->","yoast_head_json":{"title":"Aukso dulk\u0117s - Berry Lights","robots":{"index":"index","follow":"follow","max-snippet":"max-snippet:-1","max-image-preview":"max-image-preview:large","max-video-preview":"max-video-preview:-1"},"canonical":"https:\/\/berry-lights.lt\/pl\/prekes\/aukso-dulkes\/","og_locale":"pl_PL","og_type":"article","og_title":"Aukso dulk\u0117s","og_description":"Specialus Kal\u0117dinis rinkinys. Auksu ir prabanga alsuojantis rinkinys, sudarytas i\u0161 subtiliai deran\u010di\u0173 spalv\u0173 ir karali\u0161kos\u00a0auksin\u0117s. Puikiai tiks papuo\u0161ti Kal\u0117d\u0173 eglut\u0119, sud\u0117ti \u012f vaz\u0105 ar pakabinti ant lovos atlo\u0161o.   Rank\u0173 darbo medvilnin\u0117 lempu\u010di\u0173 girlianda, kuri\u0105 sudaro \u017e\u0117rintys kamuoliukai.","og_url":"https:\/\/berry-lights.lt\/pl\/prekes\/aukso-dulkes\/","og_site_name":"Berry Lights","article_publisher":"https:\/\/www.facebook.com\/berry-lights.lt\/","article_modified_time":"2025-01-26T19:27:22+00:00","og_image":[{"width":1707,"height":2560,"url":"http:\/\/berry-lights.lt\/wp-content\/uploads\/2017\/11\/berrylights_lemputes1-min-scaled.jpg","type":"image\/jpeg"}],"twitter_card":"summary_large_image","twitter_misc":{"Dost\u0119pno\u015b\u0107":"Dost\u0119pny"},"schema":{"@context":"https:\/\/schema.org","@graph":[{"@type":"WebPage","@id":"https:\/\/berry-lights.lt\/prekes\/aukso-dulkes\/","url":"https:\/\/berry-lights.lt\/prekes\/aukso-dulkes\/","name":"Aukso dulk\u0117s - Berry Lights","isPartOf":{"@id":"https:\/\/berry-lights.lt\/#website"},"datePublished":"2017-11-07T10:52:02+00:00","dateModified":"2025-01-26T19:27:22+00:00","breadcrumb":{"@id":"https:\/\/berry-lights.lt\/prekes\/aukso-dulkes\/#breadcrumb"},"inLanguage":"pl-PL","potentialAction":[{"@type":"ReadAction","target":["https:\/\/berry-lights.lt\/prekes\/aukso-dulkes\/"]}]},{"@type":"BreadcrumbList","@id":"https:\/\/berry-lights.lt\/prekes\/aukso-dulkes\/#breadcrumb","itemListElement":[{"@type":"ListItem","position":1,"name":"Pagrindinis","item":"https:\/\/berry-lights.lt\/"},{"@type":"ListItem","position":2,"name":"Prek\u0117s","item":"https:\/\/berry-lights.lt\/prekes\/"},{"@type":"ListItem","position":3,"name":"Girliand\u0173 rinkiniai","item":"https:\/\/berry-lights.lt\/produkto-kategorija\/rinkiniai\/"},{"@type":"ListItem","position":4,"name":"Aukso dulk\u0117s"}]},{"@type":"WebSite","@id":"https:\/\/berry-lights.lt\/#website","url":"https:\/\/berry-lights.lt\/","name":"Berry Lights","description":"","publisher":{"@id":"https:\/\/berry-lights.lt\/#organization"},"potentialAction":[{"@type":"SearchAction","target":{"@type":"EntryPoint","urlTemplate":"https:\/\/berry-lights.lt\/?s={search_term_string}"},"query-input":"required name=search_term_string"}],"inLanguage":"pl-PL"},{"@type":"Organization","@id":"https:\/\/berry-lights.lt\/#organization","name":"Kodilas, MB","url":"https:\/\/berry-lights.lt\/","logo":{"@type":"ImageObject","inLanguage":"pl-PL","@id":"https:\/\/berry-lights.lt\/#\/schema\/logo\/image\/","url":"https:\/\/berry-lights.lt\/wp-content\/uploads\/2023\/05\/BERRYLIGHTS_LOGO_LAST.svg","contentUrl":"https:\/\/berry-lights.lt\/wp-content\/uploads\/2023\/05\/BERRYLIGHTS_LOGO_LAST.svg","width":448,"height":67,"caption":"Kodilas, MB"},"image":{"@id":"https:\/\/berry-lights.lt\/#\/schema\/logo\/image\/"},"sameAs":["https:\/\/www.facebook.com\/berry-lights.lt\/","https:\/\/www.instagram.com\/berry-lights.lt\/"]}]},"og_availability":"instock","product_availability":"instock","product_condition":"new"},"_links":{"self":[{"href":"https:\/\/berry-lights.lt\/pl\/wp-json\/wp\/v2\/product\/3732"}],"collection":[{"href":"https:\/\/berry-lights.lt\/pl\/wp-json\/wp\/v2\/product"}],"about":[{"href":"https:\/\/berry-lights.lt\/pl\/wp-json\/wp\/v2\/types\/product"}],"wp:featuredmedia":[{"embeddable":true,"href":"https:\/\/berry-lights.lt\/pl\/wp-json\/wp\/v2\/media\/3733"}],"wp:attachment":[{"href":"https:\/\/berry-lights.lt\/pl\/wp-json\/wp\/v2\/media?parent=3732"}],"wp:term":[{"taxonomy":"product_cat","embeddable":true,"href":"https:\/\/berry-lights.lt\/pl\/wp-json\/wp\/v2\/product_cat?post=3732"},{"taxonomy":"product_tag","embeddable":true,"href":"https:\/\/berry-lights.lt\/pl\/wp-json\/wp\/v2\/product_tag?post=3732"}],"curies":[{"name":"wp","href":"https:\/\/api.w.org\/{rel}","templated":true}]}}