{"id":10744,"date":"2023-12-11T13:15:27","date_gmt":"2023-12-11T15:15:27","guid":{"rendered":"https:\/\/berry-lights.lt\/?post_type=product&#038;p=10744"},"modified":"2023-12-11T13:19:19","modified_gmt":"2023-12-11T15:19:19","slug":"sidabrine-grandinele-su-vaivorykstes-pakabuku","status":"publish","type":"product","link":"https:\/\/berry-lights.lt\/pl\/prekes\/sidabrine-grandinele-su-vaivorykstes-pakabuku\/","title":{"rendered":"Srebrny \u0142a\u0144cuszek z t\u0119czow\u0105 zawieszk\u0105"},"content":{"rendered":"<p>Srebrny \u0142a\u0144cuszek ze srebrn\u0105 zawieszk\u0105.<\/p>\n<p>Rozmiar wisiorka 15 mm x 8 mm<\/p>\n<p>D\u0142ugo\u015b\u0107 \u0142a\u0144cuszka 39 cm (z mo\u017cliwo\u015bci\u0105 przed\u0142u\u017cenia +3 cm), grubo\u015b\u0107 1 mm.<\/p>\n<p>Wykonany ze srebra pr\u00f3by 925.<\/p>\n<p>Waga 1,15 g<\/p>\n<p>&nbsp;<\/p>\n<p>&nbsp;<\/p>","protected":false},"excerpt":{"rendered":"<div>\n<p>Srebrny \u0142a\u0144cuszek z t\u0119czow\u0105 zawieszk\u0105.<\/p>\n<p>\u015awietny prezent dla siebie, dziewczyny, matki lub ukochanej osoby \u2665.<\/p>\n<\/div>\n<p><em>Udost\u0119pnij, kto nosi to akcesorium - wy\u015blij zdj\u0119cia\u00a0<a href=\"mailto:info@berry-lights.lt\" target=\"_blank\" rel=\"noopener\">info@berry-lights.lt<\/a>\u00a0lub podnie\u015b\u0107 bezpo\u015brednio na\u00a0<a href=\"https:\/\/www.facebook.com\/berry-lights.lt\" target=\"_blank\" rel=\"noopener\">FB<\/a>\u00a0\u015aciany!\u00a0<span id=\"react-root\"><span data-reactid=\".0.1.0.0:0.1.1.2\"><span data-reactid=\".0.1.0.0:0.1.1.2.0\">\u2661<\/span><\/span><\/span><\/em><\/p>\n<div class=\"mesagge\"><\/div>","protected":false},"featured_media":10745,"template":"","meta":[],"product_cat":[59],"product_tag":[],"acf":[],"yoast_head":"<!-- This site is optimized with the Yoast SEO Premium plugin v20.8 (Yoast SEO v20.9) - https:\/\/yoast.com\/wordpress\/plugins\/seo\/ -->\n<title>Sidabrin\u0117 grandin\u0117l\u0117 su Vaivoryk\u0161t\u0117s pakabuku - Berry Lights<\/title>\n<meta name=\"robots\" content=\"index, follow, max-snippet:-1, max-image-preview:large, max-video-preview:-1\" \/>\n<link rel=\"canonical\" href=\"https:\/\/berry-lights.lt\/pl\/prekes\/sidabrine-grandinele-su-vaivorykstes-pakabuku\/\" \/>\n<meta property=\"og:locale\" content=\"pl_PL\" \/>\n<meta property=\"og:type\" content=\"article\" \/>\n<meta property=\"og:title\" content=\"Sidabrin\u0117 grandin\u0117l\u0117 su Vaivoryk\u0161t\u0117s pakabuku\" \/>\n<meta property=\"og:description\" content=\"Sidabrin\u0117 grandin\u0117l\u0117 su vaivoryk\u0161t\u0117s pakabuku.  Puiki dovana sau, draugei, mamai ar bet kuriam brangiam \u017emogui \u2665   Pasidalinkite, kas pasipuo\u0161\u0117 \u0161iuo aksesuaru\u00a0 \u2013 si\u0173skite nuotraukas\u00a0info@berry-lights.lt\u00a0arba kelkite tiesiai ant\u00a0FB\u00a0sienos !\u00a0\u2661\" \/>\n<meta property=\"og:url\" content=\"https:\/\/berry-lights.lt\/pl\/prekes\/sidabrine-grandinele-su-vaivorykstes-pakabuku\/\" \/>\n<meta property=\"og:site_name\" content=\"Berry Lights\" \/>\n<meta property=\"article:publisher\" content=\"https:\/\/www.facebook.com\/berry-lights.lt\/\" \/>\n<meta property=\"article:modified_time\" content=\"2023-12-11T15:19:19+00:00\" \/>\n<meta property=\"og:image\" content=\"http:\/\/berry-lights.lt\/wp-content\/uploads\/2023\/12\/Berrylights-grandinele-vaivorykste.png\" \/>\n\t<meta property=\"og:image:width\" content=\"733\" \/>\n\t<meta property=\"og:image:height\" content=\"739\" \/>\n\t<meta property=\"og:image:type\" content=\"image\/png\" \/>\n<meta name=\"twitter:card\" content=\"summary_large_image\" \/>\n<meta name=\"twitter:label1\" content=\"Cena\" \/>\n\t<meta name=\"twitter:data1\" content=\"&euro;19.95\" \/>\n\t<meta name=\"twitter:label2\" content=\"Dost\u0119pno\u015b\u0107\" \/>\n\t<meta name=\"twitter:data2\" content=\"Dost\u0119pny\" \/>\n<script type=\"application\/ld+json\" class=\"yoast-schema-graph\">{\"@context\":\"https:\/\/schema.org\",\"@graph\":[{\"@type\":\"WebPage\",\"@id\":\"https:\/\/berry-lights.lt\/prekes\/sidabrine-grandinele-su-vaivorykstes-pakabuku\/\",\"url\":\"https:\/\/berry-lights.lt\/prekes\/sidabrine-grandinele-su-vaivorykstes-pakabuku\/\",\"name\":\"Sidabrin\u0117 grandin\u0117l\u0117 su Vaivoryk\u0161t\u0117s pakabuku - Berry Lights\",\"isPartOf\":{\"@id\":\"https:\/\/berry-lights.lt\/#website\"},\"datePublished\":\"2023-12-11T15:15:27+00:00\",\"dateModified\":\"2023-12-11T15:19:19+00:00\",\"breadcrumb\":{\"@id\":\"https:\/\/berry-lights.lt\/prekes\/sidabrine-grandinele-su-vaivorykstes-pakabuku\/#breadcrumb\"},\"inLanguage\":\"pl-PL\",\"potentialAction\":[{\"@type\":\"ReadAction\",\"target\":[\"https:\/\/berry-lights.lt\/prekes\/sidabrine-grandinele-su-vaivorykstes-pakabuku\/\"]}]},{\"@type\":\"BreadcrumbList\",\"@id\":\"https:\/\/berry-lights.lt\/prekes\/sidabrine-grandinele-su-vaivorykstes-pakabuku\/#breadcrumb\",\"itemListElement\":[{\"@type\":\"ListItem\",\"position\":1,\"name\":\"Pagrindinis\",\"item\":\"https:\/\/berry-lights.lt\/\"},{\"@type\":\"ListItem\",\"position\":2,\"name\":\"Prek\u0117s\",\"item\":\"https:\/\/berry-lights.lt\/prekes\/\"},{\"@type\":\"ListItem\",\"position\":3,\"name\":\"Grandin\u0117l\u0117s\",\"item\":\"https:\/\/berry-lights.lt\/produkto-kategorija\/grandineles\/\"},{\"@type\":\"ListItem\",\"position\":4,\"name\":\"Sidabrin\u0117 grandin\u0117l\u0117 su Vaivoryk\u0161t\u0117s pakabuku\"}]},{\"@type\":\"WebSite\",\"@id\":\"https:\/\/berry-lights.lt\/#website\",\"url\":\"https:\/\/berry-lights.lt\/\",\"name\":\"Berry Lights\",\"description\":\"\",\"publisher\":{\"@id\":\"https:\/\/berry-lights.lt\/#organization\"},\"potentialAction\":[{\"@type\":\"SearchAction\",\"target\":{\"@type\":\"EntryPoint\",\"urlTemplate\":\"https:\/\/berry-lights.lt\/?s={search_term_string}\"},\"query-input\":\"required name=search_term_string\"}],\"inLanguage\":\"pl-PL\"},{\"@type\":\"Organization\",\"@id\":\"https:\/\/berry-lights.lt\/#organization\",\"name\":\"Kodilas, MB\",\"url\":\"https:\/\/berry-lights.lt\/\",\"logo\":{\"@type\":\"ImageObject\",\"inLanguage\":\"pl-PL\",\"@id\":\"https:\/\/berry-lights.lt\/#\/schema\/logo\/image\/\",\"url\":\"https:\/\/berry-lights.lt\/wp-content\/uploads\/2023\/05\/BERRYLIGHTS_LOGO_LAST.svg\",\"contentUrl\":\"https:\/\/berry-lights.lt\/wp-content\/uploads\/2023\/05\/BERRYLIGHTS_LOGO_LAST.svg\",\"width\":448,\"height\":67,\"caption\":\"Kodilas, MB\"},\"image\":{\"@id\":\"https:\/\/berry-lights.lt\/#\/schema\/logo\/image\/\"},\"sameAs\":[\"https:\/\/www.facebook.com\/berry-lights.lt\/\",\"https:\/\/www.instagram.com\/berry-lights.lt\/\"]}]}<\/script>\n<meta property=\"product:price:amount\" content=\"19.95\" \/>\n<meta property=\"product:price:currency\" content=\"EUR\" \/>\n<meta property=\"og:availability\" content=\"instock\" \/>\n<meta property=\"product:availability\" content=\"instock\" \/>\n<meta property=\"product:condition\" content=\"new\" \/>\n<!-- \/ Yoast SEO Premium plugin. -->","yoast_head_json":{"title":"Sidabrin\u0117 grandin\u0117l\u0117 su Vaivoryk\u0161t\u0117s pakabuku - Berry Lights","robots":{"index":"index","follow":"follow","max-snippet":"max-snippet:-1","max-image-preview":"max-image-preview:large","max-video-preview":"max-video-preview:-1"},"canonical":"https:\/\/berry-lights.lt\/pl\/prekes\/sidabrine-grandinele-su-vaivorykstes-pakabuku\/","og_locale":"pl_PL","og_type":"article","og_title":"Sidabrin\u0117 grandin\u0117l\u0117 su Vaivoryk\u0161t\u0117s pakabuku","og_description":"Sidabrin\u0117 grandin\u0117l\u0117 su vaivoryk\u0161t\u0117s pakabuku.  Puiki dovana sau, draugei, mamai ar bet kuriam brangiam \u017emogui \u2665   Pasidalinkite, kas pasipuo\u0161\u0117 \u0161iuo aksesuaru\u00a0 \u2013 si\u0173skite nuotraukas\u00a0info@berry-lights.lt\u00a0arba kelkite tiesiai ant\u00a0FB\u00a0sienos !\u00a0\u2661","og_url":"https:\/\/berry-lights.lt\/pl\/prekes\/sidabrine-grandinele-su-vaivorykstes-pakabuku\/","og_site_name":"Berry Lights","article_publisher":"https:\/\/www.facebook.com\/berry-lights.lt\/","article_modified_time":"2023-12-11T15:19:19+00:00","og_image":[{"width":733,"height":739,"url":"http:\/\/berry-lights.lt\/wp-content\/uploads\/2023\/12\/Berrylights-grandinele-vaivorykste.png","type":"image\/png"}],"twitter_card":"summary_large_image","twitter_misc":{"Cena":"&euro;19.95","Dost\u0119pno\u015b\u0107":"Dost\u0119pny"},"schema":{"@context":"https:\/\/schema.org","@graph":[{"@type":"WebPage","@id":"https:\/\/berry-lights.lt\/prekes\/sidabrine-grandinele-su-vaivorykstes-pakabuku\/","url":"https:\/\/berry-lights.lt\/prekes\/sidabrine-grandinele-su-vaivorykstes-pakabuku\/","name":"Sidabrin\u0117 grandin\u0117l\u0117 su Vaivoryk\u0161t\u0117s pakabuku - Berry Lights","isPartOf":{"@id":"https:\/\/berry-lights.lt\/#website"},"datePublished":"2023-12-11T15:15:27+00:00","dateModified":"2023-12-11T15:19:19+00:00","breadcrumb":{"@id":"https:\/\/berry-lights.lt\/prekes\/sidabrine-grandinele-su-vaivorykstes-pakabuku\/#breadcrumb"},"inLanguage":"pl-PL","potentialAction":[{"@type":"ReadAction","target":["https:\/\/berry-lights.lt\/prekes\/sidabrine-grandinele-su-vaivorykstes-pakabuku\/"]}]},{"@type":"BreadcrumbList","@id":"https:\/\/berry-lights.lt\/prekes\/sidabrine-grandinele-su-vaivorykstes-pakabuku\/#breadcrumb","itemListElement":[{"@type":"ListItem","position":1,"name":"Pagrindinis","item":"https:\/\/berry-lights.lt\/"},{"@type":"ListItem","position":2,"name":"Prek\u0117s","item":"https:\/\/berry-lights.lt\/prekes\/"},{"@type":"ListItem","position":3,"name":"Grandin\u0117l\u0117s","item":"https:\/\/berry-lights.lt\/produkto-kategorija\/grandineles\/"},{"@type":"ListItem","position":4,"name":"Sidabrin\u0117 grandin\u0117l\u0117 su Vaivoryk\u0161t\u0117s pakabuku"}]},{"@type":"WebSite","@id":"https:\/\/berry-lights.lt\/#website","url":"https:\/\/berry-lights.lt\/","name":"Berry Lights","description":"","publisher":{"@id":"https:\/\/berry-lights.lt\/#organization"},"potentialAction":[{"@type":"SearchAction","target":{"@type":"EntryPoint","urlTemplate":"https:\/\/berry-lights.lt\/?s={search_term_string}"},"query-input":"required name=search_term_string"}],"inLanguage":"pl-PL"},{"@type":"Organization","@id":"https:\/\/berry-lights.lt\/#organization","name":"Kodilas, MB","url":"https:\/\/berry-lights.lt\/","logo":{"@type":"ImageObject","inLanguage":"pl-PL","@id":"https:\/\/berry-lights.lt\/#\/schema\/logo\/image\/","url":"https:\/\/berry-lights.lt\/wp-content\/uploads\/2023\/05\/BERRYLIGHTS_LOGO_LAST.svg","contentUrl":"https:\/\/berry-lights.lt\/wp-content\/uploads\/2023\/05\/BERRYLIGHTS_LOGO_LAST.svg","width":448,"height":67,"caption":"Kodilas, MB"},"image":{"@id":"https:\/\/berry-lights.lt\/#\/schema\/logo\/image\/"},"sameAs":["https:\/\/www.facebook.com\/berry-lights.lt\/","https:\/\/www.instagram.com\/berry-lights.lt\/"]}]},"product_price_amount":"19.95","product_price_currency":"EUR","og_availability":"instock","product_availability":"instock","product_condition":"new"},"_links":{"self":[{"href":"https:\/\/berry-lights.lt\/pl\/wp-json\/wp\/v2\/product\/10744"}],"collection":[{"href":"https:\/\/berry-lights.lt\/pl\/wp-json\/wp\/v2\/product"}],"about":[{"href":"https:\/\/berry-lights.lt\/pl\/wp-json\/wp\/v2\/types\/product"}],"wp:featuredmedia":[{"embeddable":true,"href":"https:\/\/berry-lights.lt\/pl\/wp-json\/wp\/v2\/media\/10745"}],"wp:attachment":[{"href":"https:\/\/berry-lights.lt\/pl\/wp-json\/wp\/v2\/media?parent=10744"}],"wp:term":[{"taxonomy":"product_cat","embeddable":true,"href":"https:\/\/berry-lights.lt\/pl\/wp-json\/wp\/v2\/product_cat?post=10744"},{"taxonomy":"product_tag","embeddable":true,"href":"https:\/\/berry-lights.lt\/pl\/wp-json\/wp\/v2\/product_tag?post=10744"}],"curies":[{"name":"wp","href":"https:\/\/api.w.org\/{rel}","templated":true}]}}