{"id":22,"date":"2015-11-18T05:15:41","date_gmt":"2015-11-18T07:15:41","guid":{"rendered":"http:\/\/berrylights.kuriamas.lt\/?page_id=22"},"modified":"2025-03-06T17:48:45","modified_gmt":"2025-03-06T19:48:45","slug":"apie-mus","status":"publish","type":"page","link":"https:\/\/berry-lights.lt\/pl\/apie-mus\/","title":{"rendered":"O nas"},"content":{"rendered":"<div data-elementor-type=\"wp-page\" data-elementor-id=\"22\" class=\"elementor elementor-22\" data-elementor-post-type=\"page\">\n\t\t\t\t\t\t\t\t\t<section class=\"elementor-section elementor-top-section elementor-element elementor-element-5ee1c6c6 elementor-section-boxed elementor-section-height-default elementor-section-height-default\" data-id=\"5ee1c6c6\" data-element_type=\"section\">\n\t\t\t\t\t\t<div class=\"elementor-container elementor-column-gap-default\">\n\t\t\t\t\t<div class=\"elementor-column elementor-col-100 elementor-top-column elementor-element elementor-element-3b59b350\" data-id=\"3b59b350\" data-element_type=\"column\">\n\t\t\t<div class=\"elementor-widget-wrap elementor-element-populated\">\n\t\t\t\t\t\t\t\t<div class=\"elementor-element elementor-element-5bb84882 elementor-widget elementor-widget-text-editor\" data-id=\"5bb84882\" data-element_type=\"widget\" data-widget_type=\"text-editor.default\">\n\t\t\t\t<div class=\"elementor-widget-container\">\n\t\t\t<style>\/*! elementor - v3.15.0 - 02-08-2023 *\/\n.elementor-widget-text-editor.elementor-drop-cap-view-stacked .elementor-drop-cap{background-color:#69727d;color:#fff}.elementor-widget-text-editor.elementor-drop-cap-view-framed .elementor-drop-cap{color:#69727d;border:3px solid;background-color:transparent}.elementor-widget-text-editor:not(.elementor-drop-cap-view-default) .elementor-drop-cap{margin-top:8px}.elementor-widget-text-editor:not(.elementor-drop-cap-view-default) .elementor-drop-cap-letter{width:1em;height:1em}.elementor-widget-text-editor .elementor-drop-cap{float:left;text-align:center;line-height:1;font-size:50px}.elementor-widget-text-editor .elementor-drop-cap-letter{display:inline-block}<\/style>\t\t\t\t<div class=\"row\"><div class=\"col-xs-12 col-sm-7 col-md-7 col-lg-7\"><p style=\"text-align: left;\">Zesp\u00f3\u0142 Berry Lights wierzy, \u017ce mi\u0142e rzeczy mog\u0105 uszcz\u0119\u015bliwia\u0107 ludzi.<\/p><p style=\"text-align: left;\">Zacz\u0119li\u015bmy w 2014 roku z niesamowitym pomys\u0142em, a teraz mo\u017cemy nazwa\u0107 si\u0119 najsilniejszym dostawc\u0105 WOOD BALLS na Litwie.<\/p><p style=\"text-align: left;\">Naszym celem jest, aby kolorowe kule wype\u0142ni\u0142y Tw\u00f3j dom ciep\u0142em i rado\u015bci\u0105 oraz uczyni\u0142y \u017cycie nieco bardziej kolorowym. Zapraszamy do zanurzenia si\u0119 w grze kolor\u00f3w, wybieraj\u0105c wymarzon\u0105 girland\u0119 lub jeden z naszych specjalnie zaprojektowanych zestaw\u00f3w.<\/p><p style=\"text-align: left;\">Nie zapominamy te\u017c o najm\u0142odszych - tworzymy dla nich zabawne zawieszki ze zwierz\u0119tami i spersonalizowane bransoletki.<\/p><p style=\"text-align: left;\">Minimalistyczne srebrne i srebrno-z\u0142ote kolczyki przeznaczone zar\u00f3wno dla kobiet, jak i dzieci. Nawet najbardziej wymagaj\u0105cy b\u0119d\u0105 mogli wybra\u0107 \u2665.<\/p><p style=\"text-align: left;\">Tablice z listami to doskona\u0142y spos\u00f3b na upami\u0119tnienie najwa\u017cniejszych chwil w \u017cyciu.<\/p><p style=\"text-align: left;\">Wyj\u0105tkowe i ekskluzywne \u0142apacze sn\u00f3w nie tylko pomog\u0105 ci \u015bni\u0107 najpi\u0119kniejsze sny, ale tak\u017ce ozdobi\u0105 twoje wn\u0119trze.<\/p><p style=\"text-align: left;\">\u00a0Jagodowe \u015bwiate\u0142ka - b\u0105d\u017a kreatywny i stw\u00f3rz magiczny nastr\u00f3j w domu! \u2665<\/p><p style=\"text-align: left;\">\u00a0<\/p><p style=\"text-align: left;\">Je\u015bli masz jakie\u015b pytania lub chcia\u0142by\u015b nawi\u0105za\u0107 wsp\u00f3\u0142prac\u0119, skontaktuj si\u0119 z nami.<br \/>Komunikujmy si\u0119:<br \/>telefon - <b>+37067000544<\/b>, el.p. <b>info@berry-lights.lt<\/b><\/p><p style=\"text-align: left;\">\u00a0 \u00a0 \u00a0 \u00a0 \u00a0 \u00a0 \u00a0 \u00a0 \u00a0 \u00a0 \u00a0 \u00a0 \u00a0 \u00a0 \u00a0 \u00a0 \u00a0 \u00a0 \u00a0 \u00a0 \u00a0 \u00a0 \u00a0 \u00a0 \u00a0 \u00a0 \u00a0 \u00a0 \u00a0 \u00a0 \u00a0 \u00a0<img decoding=\"async\" loading=\"lazy\" class=\"wp-image-8665 alignleft\" src=\"http:\/\/berry-lights.lt\/wp-content\/uploads\/2015\/11\/Berrylights-mes-1-375x500.jpg\" alt=\"Berrylights mes\" width=\"364\" height=\"485\" srcset=\"https:\/\/berry-lights.lt\/wp-content\/uploads\/2015\/11\/Berrylights-mes-1-375x500.jpg 375w, https:\/\/berry-lights.lt\/wp-content\/uploads\/2015\/11\/Berrylights-mes-1-500x667.jpg 500w, https:\/\/berry-lights.lt\/wp-content\/uploads\/2015\/11\/Berrylights-mes-1-768x1024.jpg 768w, https:\/\/berry-lights.lt\/wp-content\/uploads\/2015\/11\/Berrylights-mes-1-scaled.jpg 1920w\" sizes=\"(max-width: 364px) 100vw, 364px\" \/><\/p><\/div><\/div>\t\t\t\t\t\t<\/div>\n\t\t\t\t<\/div>\n\t\t\t\t\t<\/div>\n\t\t<\/div>\n\t\t\t\t\t\t\t<\/div>\n\t\t<\/section>\n\t\t\t\t\t\t\t<\/div>","protected":false},"excerpt":{"rendered":"<p>Zesp\u00f3\u0142 Berry Lights wierzy, \u017ce mi\u0142e rzeczy mog\u0105 uszcz\u0119\u015bliwia\u0107 ludzi. Zacz\u0119li\u015bmy w 2014 roku z niesamowitym pomys\u0142em, a teraz mo\u017cemy nazwa\u0107 si\u0119 najsilniejszym [...]<\/p>","protected":false},"author":1,"featured_media":2729,"parent":0,"menu_order":0,"comment_status":"closed","ping_status":"closed","template":"","meta":[],"acf":[],"yoast_head":"<!-- This site is optimized with the Yoast SEO Premium plugin v20.8 (Yoast SEO v20.9) - https:\/\/yoast.com\/wordpress\/plugins\/seo\/ -->\n<title>Apie mus - Berry Lights<\/title>\n<meta name=\"robots\" content=\"index, follow, max-snippet:-1, max-image-preview:large, max-video-preview:-1\" \/>\n<link rel=\"canonical\" href=\"https:\/\/berry-lights.lt\/pl\/apie-mus\/\" \/>\n<meta property=\"og:locale\" content=\"pl_PL\" \/>\n<meta property=\"og:type\" content=\"article\" \/>\n<meta property=\"og:title\" content=\"Apie mus\" \/>\n<meta property=\"og:description\" content=\"Berry lights komanda tiki, kad gra\u017e\u016bs dalykai gali padaryti \u017emones laimingus. Startavome 2014 metais su ne\u012ftik\u0117tina id\u0117ja, o dabar galime vadintis stipriausiais [&hellip;]\" \/>\n<meta property=\"og:url\" content=\"https:\/\/berry-lights.lt\/pl\/apie-mus\/\" \/>\n<meta property=\"og:site_name\" content=\"Berry Lights\" \/>\n<meta property=\"article:publisher\" content=\"https:\/\/www.facebook.com\/berry-lights.lt\/\" \/>\n<meta property=\"article:modified_time\" content=\"2025-03-06T19:48:45+00:00\" \/>\n<meta property=\"og:image\" content=\"http:\/\/berry-lights.lt\/wp-content\/uploads\/2017\/01\/Romantika_-berrylights-3dalis-85-min-scaled.jpg\" \/>\n\t<meta property=\"og:image:width\" content=\"1707\" \/>\n\t<meta property=\"og:image:height\" content=\"2560\" \/>\n\t<meta property=\"og:image:type\" content=\"image\/jpeg\" \/>\n<meta name=\"twitter:card\" content=\"summary_large_image\" \/>\n<meta name=\"twitter:label1\" content=\"Szacowany czas czytania\" \/>\n\t<meta name=\"twitter:data1\" content=\"1 minuta\" \/>\n<script type=\"application\/ld+json\" class=\"yoast-schema-graph\">{\"@context\":\"https:\/\/schema.org\",\"@graph\":[{\"@type\":\"WebPage\",\"@id\":\"https:\/\/berry-lights.lt\/apie-mus\/\",\"url\":\"https:\/\/berry-lights.lt\/apie-mus\/\",\"name\":\"Apie mus - Berry Lights\",\"isPartOf\":{\"@id\":\"https:\/\/berry-lights.lt\/#website\"},\"datePublished\":\"2015-11-18T07:15:41+00:00\",\"dateModified\":\"2025-03-06T19:48:45+00:00\",\"breadcrumb\":{\"@id\":\"https:\/\/berry-lights.lt\/apie-mus\/#breadcrumb\"},\"inLanguage\":\"pl-PL\",\"potentialAction\":[{\"@type\":\"ReadAction\",\"target\":[\"https:\/\/berry-lights.lt\/apie-mus\/\"]}]},{\"@type\":\"BreadcrumbList\",\"@id\":\"https:\/\/berry-lights.lt\/apie-mus\/#breadcrumb\",\"itemListElement\":[{\"@type\":\"ListItem\",\"position\":1,\"name\":\"Pagrindinis\",\"item\":\"https:\/\/berry-lights.lt\/\"},{\"@type\":\"ListItem\",\"position\":2,\"name\":\"Apie mus\"}]},{\"@type\":\"WebSite\",\"@id\":\"https:\/\/berry-lights.lt\/#website\",\"url\":\"https:\/\/berry-lights.lt\/\",\"name\":\"Berry Lights\",\"description\":\"\",\"publisher\":{\"@id\":\"https:\/\/berry-lights.lt\/#organization\"},\"potentialAction\":[{\"@type\":\"SearchAction\",\"target\":{\"@type\":\"EntryPoint\",\"urlTemplate\":\"https:\/\/berry-lights.lt\/?s={search_term_string}\"},\"query-input\":\"required name=search_term_string\"}],\"inLanguage\":\"pl-PL\"},{\"@type\":\"Organization\",\"@id\":\"https:\/\/berry-lights.lt\/#organization\",\"name\":\"Kodilas, MB\",\"url\":\"https:\/\/berry-lights.lt\/\",\"logo\":{\"@type\":\"ImageObject\",\"inLanguage\":\"pl-PL\",\"@id\":\"https:\/\/berry-lights.lt\/#\/schema\/logo\/image\/\",\"url\":\"https:\/\/berry-lights.lt\/wp-content\/uploads\/2023\/05\/BERRYLIGHTS_LOGO_LAST.svg\",\"contentUrl\":\"https:\/\/berry-lights.lt\/wp-content\/uploads\/2023\/05\/BERRYLIGHTS_LOGO_LAST.svg\",\"width\":448,\"height\":67,\"caption\":\"Kodilas, MB\"},\"image\":{\"@id\":\"https:\/\/berry-lights.lt\/#\/schema\/logo\/image\/\"},\"sameAs\":[\"https:\/\/www.facebook.com\/berry-lights.lt\/\",\"https:\/\/www.instagram.com\/berry-lights.lt\/\"]}]}<\/script>\n<!-- \/ Yoast SEO Premium plugin. -->","yoast_head_json":{"title":"Apie mus - Berry Lights","robots":{"index":"index","follow":"follow","max-snippet":"max-snippet:-1","max-image-preview":"max-image-preview:large","max-video-preview":"max-video-preview:-1"},"canonical":"https:\/\/berry-lights.lt\/pl\/apie-mus\/","og_locale":"pl_PL","og_type":"article","og_title":"Apie mus","og_description":"Berry lights komanda tiki, kad gra\u017e\u016bs dalykai gali padaryti \u017emones laimingus. Startavome 2014 metais su ne\u012ftik\u0117tina id\u0117ja, o dabar galime vadintis stipriausiais [&hellip;]","og_url":"https:\/\/berry-lights.lt\/pl\/apie-mus\/","og_site_name":"Berry Lights","article_publisher":"https:\/\/www.facebook.com\/berry-lights.lt\/","article_modified_time":"2025-03-06T19:48:45+00:00","og_image":[{"width":1707,"height":2560,"url":"http:\/\/berry-lights.lt\/wp-content\/uploads\/2017\/01\/Romantika_-berrylights-3dalis-85-min-scaled.jpg","type":"image\/jpeg"}],"twitter_card":"summary_large_image","twitter_misc":{"Szacowany czas czytania":"1 minuta"},"schema":{"@context":"https:\/\/schema.org","@graph":[{"@type":"WebPage","@id":"https:\/\/berry-lights.lt\/apie-mus\/","url":"https:\/\/berry-lights.lt\/apie-mus\/","name":"Apie mus - Berry Lights","isPartOf":{"@id":"https:\/\/berry-lights.lt\/#website"},"datePublished":"2015-11-18T07:15:41+00:00","dateModified":"2025-03-06T19:48:45+00:00","breadcrumb":{"@id":"https:\/\/berry-lights.lt\/apie-mus\/#breadcrumb"},"inLanguage":"pl-PL","potentialAction":[{"@type":"ReadAction","target":["https:\/\/berry-lights.lt\/apie-mus\/"]}]},{"@type":"BreadcrumbList","@id":"https:\/\/berry-lights.lt\/apie-mus\/#breadcrumb","itemListElement":[{"@type":"ListItem","position":1,"name":"Pagrindinis","item":"https:\/\/berry-lights.lt\/"},{"@type":"ListItem","position":2,"name":"Apie mus"}]},{"@type":"WebSite","@id":"https:\/\/berry-lights.lt\/#website","url":"https:\/\/berry-lights.lt\/","name":"Berry Lights","description":"","publisher":{"@id":"https:\/\/berry-lights.lt\/#organization"},"potentialAction":[{"@type":"SearchAction","target":{"@type":"EntryPoint","urlTemplate":"https:\/\/berry-lights.lt\/?s={search_term_string}"},"query-input":"required name=search_term_string"}],"inLanguage":"pl-PL"},{"@type":"Organization","@id":"https:\/\/berry-lights.lt\/#organization","name":"Kodilas, MB","url":"https:\/\/berry-lights.lt\/","logo":{"@type":"ImageObject","inLanguage":"pl-PL","@id":"https:\/\/berry-lights.lt\/#\/schema\/logo\/image\/","url":"https:\/\/berry-lights.lt\/wp-content\/uploads\/2023\/05\/BERRYLIGHTS_LOGO_LAST.svg","contentUrl":"https:\/\/berry-lights.lt\/wp-content\/uploads\/2023\/05\/BERRYLIGHTS_LOGO_LAST.svg","width":448,"height":67,"caption":"Kodilas, MB"},"image":{"@id":"https:\/\/berry-lights.lt\/#\/schema\/logo\/image\/"},"sameAs":["https:\/\/www.facebook.com\/berry-lights.lt\/","https:\/\/www.instagram.com\/berry-lights.lt\/"]}]}},"_links":{"self":[{"href":"https:\/\/berry-lights.lt\/pl\/wp-json\/wp\/v2\/pages\/22"}],"collection":[{"href":"https:\/\/berry-lights.lt\/pl\/wp-json\/wp\/v2\/pages"}],"about":[{"href":"https:\/\/berry-lights.lt\/pl\/wp-json\/wp\/v2\/types\/page"}],"author":[{"embeddable":true,"href":"https:\/\/berry-lights.lt\/pl\/wp-json\/wp\/v2\/users\/1"}],"replies":[{"embeddable":true,"href":"https:\/\/berry-lights.lt\/pl\/wp-json\/wp\/v2\/comments?post=22"}],"version-history":[{"count":3,"href":"https:\/\/berry-lights.lt\/pl\/wp-json\/wp\/v2\/pages\/22\/revisions"}],"predecessor-version":[{"id":11033,"href":"https:\/\/berry-lights.lt\/pl\/wp-json\/wp\/v2\/pages\/22\/revisions\/11033"}],"wp:featuredmedia":[{"embeddable":true,"href":"https:\/\/berry-lights.lt\/pl\/wp-json\/wp\/v2\/media\/2729"}],"wp:attachment":[{"href":"https:\/\/berry-lights.lt\/pl\/wp-json\/wp\/v2\/media?parent=22"}],"curies":[{"name":"wp","href":"https:\/\/api.w.org\/{rel}","templated":true}]}}