{"id":8711,"date":"2023-04-03T13:32:09","date_gmt":"2023-04-03T15:32:09","guid":{"rendered":"http:\/\/berry-lights.lt\/?post_type=product&#038;p=8711"},"modified":"2024-12-20T17:09:53","modified_gmt":"2024-12-20T19:09:53","slug":"apyranke-vienaragis","status":"publish","type":"product","link":"https:\/\/berry-lights.lt\/en\/prekes\/apyranke-vienaragis\/","title":{"rendered":"Bracelet Unicorn"},"content":{"rendered":"<p><em>Share where the Berry lights jewellery has taken up residence - send photos\u00a0<a href=\"mailto:info@berry-lights.lt\" target=\"_blank\" rel=\"noopener\">info@berry-lights.lt<\/a>\u00a0or lift directly onto\u00a0<a href=\"https:\/\/www.facebook.com\/berry-lights.lt\" target=\"_blank\" rel=\"noopener\">FB<\/a>\u00a0Walls !\u00a0<span id=\"react-root\"><span data-reactid=\".0.1.0.0:0.1.1.2\"><span data-reactid=\".0.1.0.0:0.1.1.2.0\">\u2661<\/span><\/span><\/span><\/em><\/p>","protected":false},"excerpt":{"rendered":"<p>The bracelet size is universal, adjustable with a sliding knot.<\/p>\n<ul>\n<li>The red or black nylon thread is sturdy and strong, so the bracelet can be worn every day.<\/li>\n<li>The bracelet is packed in a white or brown cardboard box - perfect for gift giving !<\/li>\n<li>If you want your own inscription - a name or a word that means something to you - write in the comments and we will make it for you within 1-2 days.<\/li>\n<\/ul>","protected":false},"featured_media":8712,"template":"","meta":[],"product_cat":[49],"product_tag":[],"acf":[],"yoast_head":"<!-- This site is optimized with the Yoast SEO Premium plugin v20.8 (Yoast SEO v20.9) - https:\/\/yoast.com\/wordpress\/plugins\/seo\/ -->\n<title>Apyrank\u0117 Vienaragis - Berry Lights<\/title>\n<meta name=\"robots\" content=\"index, follow, max-snippet:-1, max-image-preview:large, max-video-preview:-1\" \/>\n<link rel=\"canonical\" href=\"https:\/\/berry-lights.lt\/en\/prekes\/apyranke-vienaragis\/\" \/>\n<meta property=\"og:locale\" content=\"en_US\" \/>\n<meta property=\"og:type\" content=\"article\" \/>\n<meta property=\"og:title\" content=\"Apyrank\u0117 Vienaragis\" \/>\n<meta property=\"og:description\" content=\"Apyrank\u0117s dydis universalus, reguliuojamas slankiojan\u010diu mazgu.   Nailoninis raudonas ar juodas si\u016blas - tvirtas ir stiprus, tod\u0117l apyrank\u0119 galima ne\u0161ioti kiekvien\u0105 dien\u0105.  Apyrank\u0117 supakuota balto ar rudo\u00a0kartono d\u0117\u017eut\u0117je \u2013 puikiai tiks dovanoti !  Jei nori savo u\u017era\u0161o - vardo ar tau reik\u0161mingo \u017eod\u017eio - para\u0161yk komentaruose ir mes Tau pagaminsime j\u0105 per 1-2 d.d.\" \/>\n<meta property=\"og:url\" content=\"https:\/\/berry-lights.lt\/en\/prekes\/apyranke-vienaragis\/\" \/>\n<meta property=\"og:site_name\" content=\"Berry Lights\" \/>\n<meta property=\"article:publisher\" content=\"https:\/\/www.facebook.com\/berry-lights.lt\/\" \/>\n<meta property=\"article:modified_time\" content=\"2024-12-20T19:09:53+00:00\" \/>\n<meta property=\"og:image\" content=\"http:\/\/berry-lights.lt\/wp-content\/uploads\/2023\/04\/20230403_180241-modified-1024x1024.png\" \/>\n\t<meta property=\"og:image:width\" content=\"1024\" \/>\n\t<meta property=\"og:image:height\" content=\"1024\" \/>\n\t<meta property=\"og:image:type\" content=\"image\/png\" \/>\n<meta name=\"twitter:card\" content=\"summary_large_image\" \/>\n<meta name=\"twitter:label1\" content=\"Availability\" \/>\n\t<meta name=\"twitter:data1\" content=\"Out of stock\" \/>\n<script type=\"application\/ld+json\" class=\"yoast-schema-graph\">{\"@context\":\"https:\/\/schema.org\",\"@graph\":[{\"@type\":\"WebPage\",\"@id\":\"https:\/\/berry-lights.lt\/prekes\/apyranke-vienaragis\/\",\"url\":\"https:\/\/berry-lights.lt\/prekes\/apyranke-vienaragis\/\",\"name\":\"Apyrank\u0117 Vienaragis - Berry Lights\",\"isPartOf\":{\"@id\":\"https:\/\/berry-lights.lt\/#website\"},\"datePublished\":\"2023-04-03T15:32:09+00:00\",\"dateModified\":\"2024-12-20T19:09:53+00:00\",\"breadcrumb\":{\"@id\":\"https:\/\/berry-lights.lt\/prekes\/apyranke-vienaragis\/#breadcrumb\"},\"inLanguage\":\"en-US\",\"potentialAction\":[{\"@type\":\"ReadAction\",\"target\":[\"https:\/\/berry-lights.lt\/prekes\/apyranke-vienaragis\/\"]}]},{\"@type\":\"BreadcrumbList\",\"@id\":\"https:\/\/berry-lights.lt\/prekes\/apyranke-vienaragis\/#breadcrumb\",\"itemListElement\":[{\"@type\":\"ListItem\",\"position\":1,\"name\":\"Pagrindinis\",\"item\":\"https:\/\/berry-lights.lt\/\"},{\"@type\":\"ListItem\",\"position\":2,\"name\":\"Prek\u0117s\",\"item\":\"https:\/\/berry-lights.lt\/prekes\/\"},{\"@type\":\"ListItem\",\"position\":3,\"name\":\"Apyrank\u0117s\",\"item\":\"https:\/\/berry-lights.lt\/produkto-kategorija\/apyrankes\/\"},{\"@type\":\"ListItem\",\"position\":4,\"name\":\"Apyrank\u0117s su si\u016blu\",\"item\":\"https:\/\/berry-lights.lt\/produkto-kategorija\/apyrankes\/apyrankes-su-siulu\/\"},{\"@type\":\"ListItem\",\"position\":5,\"name\":\"Apyrank\u0117 Vienaragis\"}]},{\"@type\":\"WebSite\",\"@id\":\"https:\/\/berry-lights.lt\/#website\",\"url\":\"https:\/\/berry-lights.lt\/\",\"name\":\"Berry Lights\",\"description\":\"\",\"publisher\":{\"@id\":\"https:\/\/berry-lights.lt\/#organization\"},\"potentialAction\":[{\"@type\":\"SearchAction\",\"target\":{\"@type\":\"EntryPoint\",\"urlTemplate\":\"https:\/\/berry-lights.lt\/?s={search_term_string}\"},\"query-input\":\"required name=search_term_string\"}],\"inLanguage\":\"en-US\"},{\"@type\":\"Organization\",\"@id\":\"https:\/\/berry-lights.lt\/#organization\",\"name\":\"Kodilas, MB\",\"url\":\"https:\/\/berry-lights.lt\/\",\"logo\":{\"@type\":\"ImageObject\",\"inLanguage\":\"en-US\",\"@id\":\"https:\/\/berry-lights.lt\/#\/schema\/logo\/image\/\",\"url\":\"https:\/\/berry-lights.lt\/wp-content\/uploads\/2023\/05\/BERRYLIGHTS_LOGO_LAST.svg\",\"contentUrl\":\"https:\/\/berry-lights.lt\/wp-content\/uploads\/2023\/05\/BERRYLIGHTS_LOGO_LAST.svg\",\"width\":448,\"height\":67,\"caption\":\"Kodilas, MB\"},\"image\":{\"@id\":\"https:\/\/berry-lights.lt\/#\/schema\/logo\/image\/\"},\"sameAs\":[\"https:\/\/www.facebook.com\/berry-lights.lt\/\",\"https:\/\/www.instagram.com\/berry-lights.lt\/\"]}]}<\/script>\n<meta property=\"og:availability\" content=\"out of stock\" \/>\n<meta property=\"product:availability\" content=\"out of stock\" \/>\n<meta property=\"product:condition\" content=\"new\" \/>\n<!-- \/ Yoast SEO Premium plugin. -->","yoast_head_json":{"title":"Apyrank\u0117 Vienaragis - Berry Lights","robots":{"index":"index","follow":"follow","max-snippet":"max-snippet:-1","max-image-preview":"max-image-preview:large","max-video-preview":"max-video-preview:-1"},"canonical":"https:\/\/berry-lights.lt\/en\/prekes\/apyranke-vienaragis\/","og_locale":"en_US","og_type":"article","og_title":"Apyrank\u0117 Vienaragis","og_description":"Apyrank\u0117s dydis universalus, reguliuojamas slankiojan\u010diu mazgu.   Nailoninis raudonas ar juodas si\u016blas - tvirtas ir stiprus, tod\u0117l apyrank\u0119 galima ne\u0161ioti kiekvien\u0105 dien\u0105.  Apyrank\u0117 supakuota balto ar rudo\u00a0kartono d\u0117\u017eut\u0117je \u2013 puikiai tiks dovanoti !  Jei nori savo u\u017era\u0161o - vardo ar tau reik\u0161mingo \u017eod\u017eio - para\u0161yk komentaruose ir mes Tau pagaminsime j\u0105 per 1-2 d.d.","og_url":"https:\/\/berry-lights.lt\/en\/prekes\/apyranke-vienaragis\/","og_site_name":"Berry Lights","article_publisher":"https:\/\/www.facebook.com\/berry-lights.lt\/","article_modified_time":"2024-12-20T19:09:53+00:00","og_image":[{"width":1024,"height":1024,"url":"http:\/\/berry-lights.lt\/wp-content\/uploads\/2023\/04\/20230403_180241-modified-1024x1024.png","type":"image\/png"}],"twitter_card":"summary_large_image","twitter_misc":{"Availability":"Out of stock"},"schema":{"@context":"https:\/\/schema.org","@graph":[{"@type":"WebPage","@id":"https:\/\/berry-lights.lt\/prekes\/apyranke-vienaragis\/","url":"https:\/\/berry-lights.lt\/prekes\/apyranke-vienaragis\/","name":"Apyrank\u0117 Vienaragis - Berry Lights","isPartOf":{"@id":"https:\/\/berry-lights.lt\/#website"},"datePublished":"2023-04-03T15:32:09+00:00","dateModified":"2024-12-20T19:09:53+00:00","breadcrumb":{"@id":"https:\/\/berry-lights.lt\/prekes\/apyranke-vienaragis\/#breadcrumb"},"inLanguage":"en-US","potentialAction":[{"@type":"ReadAction","target":["https:\/\/berry-lights.lt\/prekes\/apyranke-vienaragis\/"]}]},{"@type":"BreadcrumbList","@id":"https:\/\/berry-lights.lt\/prekes\/apyranke-vienaragis\/#breadcrumb","itemListElement":[{"@type":"ListItem","position":1,"name":"Pagrindinis","item":"https:\/\/berry-lights.lt\/"},{"@type":"ListItem","position":2,"name":"Prek\u0117s","item":"https:\/\/berry-lights.lt\/prekes\/"},{"@type":"ListItem","position":3,"name":"Apyrank\u0117s","item":"https:\/\/berry-lights.lt\/produkto-kategorija\/apyrankes\/"},{"@type":"ListItem","position":4,"name":"Apyrank\u0117s su si\u016blu","item":"https:\/\/berry-lights.lt\/produkto-kategorija\/apyrankes\/apyrankes-su-siulu\/"},{"@type":"ListItem","position":5,"name":"Apyrank\u0117 Vienaragis"}]},{"@type":"WebSite","@id":"https:\/\/berry-lights.lt\/#website","url":"https:\/\/berry-lights.lt\/","name":"Berry Lights","description":"","publisher":{"@id":"https:\/\/berry-lights.lt\/#organization"},"potentialAction":[{"@type":"SearchAction","target":{"@type":"EntryPoint","urlTemplate":"https:\/\/berry-lights.lt\/?s={search_term_string}"},"query-input":"required name=search_term_string"}],"inLanguage":"en-US"},{"@type":"Organization","@id":"https:\/\/berry-lights.lt\/#organization","name":"Kodilas, MB","url":"https:\/\/berry-lights.lt\/","logo":{"@type":"ImageObject","inLanguage":"en-US","@id":"https:\/\/berry-lights.lt\/#\/schema\/logo\/image\/","url":"https:\/\/berry-lights.lt\/wp-content\/uploads\/2023\/05\/BERRYLIGHTS_LOGO_LAST.svg","contentUrl":"https:\/\/berry-lights.lt\/wp-content\/uploads\/2023\/05\/BERRYLIGHTS_LOGO_LAST.svg","width":448,"height":67,"caption":"Kodilas, MB"},"image":{"@id":"https:\/\/berry-lights.lt\/#\/schema\/logo\/image\/"},"sameAs":["https:\/\/www.facebook.com\/berry-lights.lt\/","https:\/\/www.instagram.com\/berry-lights.lt\/"]}]},"og_availability":"out of stock","product_availability":"out of stock","product_condition":"new"},"_links":{"self":[{"href":"https:\/\/berry-lights.lt\/en\/wp-json\/wp\/v2\/product\/8711"}],"collection":[{"href":"https:\/\/berry-lights.lt\/en\/wp-json\/wp\/v2\/product"}],"about":[{"href":"https:\/\/berry-lights.lt\/en\/wp-json\/wp\/v2\/types\/product"}],"wp:featuredmedia":[{"embeddable":true,"href":"https:\/\/berry-lights.lt\/en\/wp-json\/wp\/v2\/media\/8712"}],"wp:attachment":[{"href":"https:\/\/berry-lights.lt\/en\/wp-json\/wp\/v2\/media?parent=8711"}],"wp:term":[{"taxonomy":"product_cat","embeddable":true,"href":"https:\/\/berry-lights.lt\/en\/wp-json\/wp\/v2\/product_cat?post=8711"},{"taxonomy":"product_tag","embeddable":true,"href":"https:\/\/berry-lights.lt\/en\/wp-json\/wp\/v2\/product_tag?post=8711"}],"curies":[{"name":"wp","href":"https:\/\/api.w.org\/{rel}","templated":true}]}}