{"id":10685,"date":"2023-11-26T10:27:22","date_gmt":"2023-11-26T12:27:22","guid":{"rendered":"https:\/\/berry-lights.lt\/?post_type=product&#038;p=10685"},"modified":"2023-11-26T10:31:38","modified_gmt":"2023-11-26T12:31:38","slug":"pakabukas-katinas-pilkais-karoliais","status":"publish","type":"product","link":"https:\/\/berry-lights.lt\/en\/prekes\/pakabukas-katinas-pilkais-karoliais\/","title":{"rendered":"Pendant cat with grey necklace"},"content":{"rendered":"<p>Measurements: 34-35 cm long<\/p>\n<p>Materials:<\/p>\n<ul>\n<li>High quality wooden beads (saliva-proof, waterproof \/ safety compliant DIN EN 71-3, Germany FSC certification)<\/li>\n<li>Convenient and secure magnetic clasp for small hands.<\/li>\n<li>Recommended for children aged 3 years and older.<\/li>\n<li>Grey necklace, cat, pink tassel (can be replaced by another colour tassel on request).<\/li>\n<\/ul>","protected":false},"excerpt":{"rendered":"<p>Bright and playful <strong><em>Berry Lights <\/em><\/strong>Animal necklaces will make you fall in love with them at first sight. Each pendant is unique and special because it has a different baby animal at the bottom to protect its new owner. It is not only a colourful accessory for children, but also a cool educational tool about animals.  Each pendant arrives in a gift box, making it the perfect gift for a little one.<\/p>","protected":false},"featured_media":10686,"template":"","meta":[],"product_cat":[28],"product_tag":[],"acf":[],"yoast_head":"<!-- This site is optimized with the Yoast SEO Premium plugin v20.8 (Yoast SEO v20.9) - https:\/\/yoast.com\/wordpress\/plugins\/seo\/ -->\n<title>Pakabukas katinas pilkais karoliais - Berry Lights<\/title>\n<meta name=\"robots\" content=\"index, follow, max-snippet:-1, max-image-preview:large, max-video-preview:-1\" \/>\n<link rel=\"canonical\" href=\"https:\/\/berry-lights.lt\/en\/prekes\/pakabukas-katinas-pilkais-karoliais\/\" \/>\n<meta property=\"og:locale\" content=\"en_US\" \/>\n<meta property=\"og:type\" content=\"article\" \/>\n<meta property=\"og:title\" content=\"Pakabukas katinas pilkais karoliais\" \/>\n<meta property=\"og:description\" content=\"Ry\u0161k\u016bs ir \u017eaismingi Berry Lights gyv\u016bn\u0173 pakabukai ant kaklo privers \u012fsimyl\u0117ti juos i\u0161 pirmo \u017evilgsnio. Kiekvienas pakabukas yra unikalus ir i\u0161skirtinis, kadangi jo apa\u010dioje yra vis skirtingas gyv\u016bno ma\u017eylis, kuris saugos savo nauj\u0105j\u012f \u0161eiminink\u0105. Tai ne tik spalvingas aksesuaras vaikams, bet kartu ir \u0161auni mokomoji priemon\u0117 apie gyv\u016bnus.\u00a0 Kiekvienas pakabukas atkeliauja dovan\u0173 d\u0117\u017eut\u0117je, tod\u0117l tai puiki dovana ma\u017eajam.\" \/>\n<meta property=\"og:url\" content=\"https:\/\/berry-lights.lt\/en\/prekes\/pakabukas-katinas-pilkais-karoliais\/\" \/>\n<meta property=\"og:site_name\" content=\"Berry Lights\" \/>\n<meta property=\"article:publisher\" content=\"https:\/\/www.facebook.com\/berry-lights.lt\/\" \/>\n<meta property=\"article:modified_time\" content=\"2023-11-26T12:31:38+00:00\" \/>\n<meta property=\"og:image\" content=\"http:\/\/berry-lights.lt\/wp-content\/uploads\/2023\/11\/20231126_130315-modified-1024x1024.png\" \/>\n\t<meta property=\"og:image:width\" content=\"1024\" \/>\n\t<meta property=\"og:image:height\" content=\"1024\" \/>\n\t<meta property=\"og:image:type\" content=\"image\/png\" \/>\n<meta name=\"twitter:card\" content=\"summary_large_image\" \/>\n<meta name=\"twitter:label1\" content=\"Price\" \/>\n\t<meta name=\"twitter:data1\" content=\"&euro;19.00\" \/>\n\t<meta name=\"twitter:label2\" content=\"Availability\" \/>\n\t<meta name=\"twitter:data2\" content=\"In stock\" \/>\n<script type=\"application\/ld+json\" class=\"yoast-schema-graph\">{\"@context\":\"https:\/\/schema.org\",\"@graph\":[{\"@type\":\"WebPage\",\"@id\":\"https:\/\/berry-lights.lt\/prekes\/pakabukas-katinas-pilkais-karoliais\/\",\"url\":\"https:\/\/berry-lights.lt\/prekes\/pakabukas-katinas-pilkais-karoliais\/\",\"name\":\"Pakabukas katinas pilkais karoliais - Berry Lights\",\"isPartOf\":{\"@id\":\"https:\/\/berry-lights.lt\/#website\"},\"datePublished\":\"2023-11-26T12:27:22+00:00\",\"dateModified\":\"2023-11-26T12:31:38+00:00\",\"breadcrumb\":{\"@id\":\"https:\/\/berry-lights.lt\/prekes\/pakabukas-katinas-pilkais-karoliais\/#breadcrumb\"},\"inLanguage\":\"en-US\",\"potentialAction\":[{\"@type\":\"ReadAction\",\"target\":[\"https:\/\/berry-lights.lt\/prekes\/pakabukas-katinas-pilkais-karoliais\/\"]}]},{\"@type\":\"BreadcrumbList\",\"@id\":\"https:\/\/berry-lights.lt\/prekes\/pakabukas-katinas-pilkais-karoliais\/#breadcrumb\",\"itemListElement\":[{\"@type\":\"ListItem\",\"position\":1,\"name\":\"Pagrindinis\",\"item\":\"https:\/\/berry-lights.lt\/\"},{\"@type\":\"ListItem\",\"position\":2,\"name\":\"Prek\u0117s\",\"item\":\"https:\/\/berry-lights.lt\/prekes\/\"},{\"@type\":\"ListItem\",\"position\":3,\"name\":\"Pakabukai\",\"item\":\"https:\/\/berry-lights.lt\/produkto-kategorija\/pakabukai\/\"},{\"@type\":\"ListItem\",\"position\":4,\"name\":\"Pakabukas katinas pilkais karoliais\"}]},{\"@type\":\"WebSite\",\"@id\":\"https:\/\/berry-lights.lt\/#website\",\"url\":\"https:\/\/berry-lights.lt\/\",\"name\":\"Berry Lights\",\"description\":\"\",\"publisher\":{\"@id\":\"https:\/\/berry-lights.lt\/#organization\"},\"potentialAction\":[{\"@type\":\"SearchAction\",\"target\":{\"@type\":\"EntryPoint\",\"urlTemplate\":\"https:\/\/berry-lights.lt\/?s={search_term_string}\"},\"query-input\":\"required name=search_term_string\"}],\"inLanguage\":\"en-US\"},{\"@type\":\"Organization\",\"@id\":\"https:\/\/berry-lights.lt\/#organization\",\"name\":\"Kodilas, MB\",\"url\":\"https:\/\/berry-lights.lt\/\",\"logo\":{\"@type\":\"ImageObject\",\"inLanguage\":\"en-US\",\"@id\":\"https:\/\/berry-lights.lt\/#\/schema\/logo\/image\/\",\"url\":\"https:\/\/berry-lights.lt\/wp-content\/uploads\/2023\/05\/BERRYLIGHTS_LOGO_LAST.svg\",\"contentUrl\":\"https:\/\/berry-lights.lt\/wp-content\/uploads\/2023\/05\/BERRYLIGHTS_LOGO_LAST.svg\",\"width\":448,\"height\":67,\"caption\":\"Kodilas, MB\"},\"image\":{\"@id\":\"https:\/\/berry-lights.lt\/#\/schema\/logo\/image\/\"},\"sameAs\":[\"https:\/\/www.facebook.com\/berry-lights.lt\/\",\"https:\/\/www.instagram.com\/berry-lights.lt\/\"]}]}<\/script>\n<meta property=\"product:price:amount\" content=\"19.00\" \/>\n<meta property=\"product:price:currency\" content=\"EUR\" \/>\n<meta property=\"og:availability\" content=\"instock\" \/>\n<meta property=\"product:availability\" content=\"instock\" \/>\n<meta property=\"product:condition\" content=\"new\" \/>\n<!-- \/ Yoast SEO Premium plugin. -->","yoast_head_json":{"title":"Pakabukas katinas pilkais karoliais - Berry Lights","robots":{"index":"index","follow":"follow","max-snippet":"max-snippet:-1","max-image-preview":"max-image-preview:large","max-video-preview":"max-video-preview:-1"},"canonical":"https:\/\/berry-lights.lt\/en\/prekes\/pakabukas-katinas-pilkais-karoliais\/","og_locale":"en_US","og_type":"article","og_title":"Pakabukas katinas pilkais karoliais","og_description":"Ry\u0161k\u016bs ir \u017eaismingi Berry Lights gyv\u016bn\u0173 pakabukai ant kaklo privers \u012fsimyl\u0117ti juos i\u0161 pirmo \u017evilgsnio. Kiekvienas pakabukas yra unikalus ir i\u0161skirtinis, kadangi jo apa\u010dioje yra vis skirtingas gyv\u016bno ma\u017eylis, kuris saugos savo nauj\u0105j\u012f \u0161eiminink\u0105. Tai ne tik spalvingas aksesuaras vaikams, bet kartu ir \u0161auni mokomoji priemon\u0117 apie gyv\u016bnus.\u00a0 Kiekvienas pakabukas atkeliauja dovan\u0173 d\u0117\u017eut\u0117je, tod\u0117l tai puiki dovana ma\u017eajam.","og_url":"https:\/\/berry-lights.lt\/en\/prekes\/pakabukas-katinas-pilkais-karoliais\/","og_site_name":"Berry Lights","article_publisher":"https:\/\/www.facebook.com\/berry-lights.lt\/","article_modified_time":"2023-11-26T12:31:38+00:00","og_image":[{"width":1024,"height":1024,"url":"http:\/\/berry-lights.lt\/wp-content\/uploads\/2023\/11\/20231126_130315-modified-1024x1024.png","type":"image\/png"}],"twitter_card":"summary_large_image","twitter_misc":{"Price":"&euro;19.00","Availability":"In stock"},"schema":{"@context":"https:\/\/schema.org","@graph":[{"@type":"WebPage","@id":"https:\/\/berry-lights.lt\/prekes\/pakabukas-katinas-pilkais-karoliais\/","url":"https:\/\/berry-lights.lt\/prekes\/pakabukas-katinas-pilkais-karoliais\/","name":"Pakabukas katinas pilkais karoliais - Berry Lights","isPartOf":{"@id":"https:\/\/berry-lights.lt\/#website"},"datePublished":"2023-11-26T12:27:22+00:00","dateModified":"2023-11-26T12:31:38+00:00","breadcrumb":{"@id":"https:\/\/berry-lights.lt\/prekes\/pakabukas-katinas-pilkais-karoliais\/#breadcrumb"},"inLanguage":"en-US","potentialAction":[{"@type":"ReadAction","target":["https:\/\/berry-lights.lt\/prekes\/pakabukas-katinas-pilkais-karoliais\/"]}]},{"@type":"BreadcrumbList","@id":"https:\/\/berry-lights.lt\/prekes\/pakabukas-katinas-pilkais-karoliais\/#breadcrumb","itemListElement":[{"@type":"ListItem","position":1,"name":"Pagrindinis","item":"https:\/\/berry-lights.lt\/"},{"@type":"ListItem","position":2,"name":"Prek\u0117s","item":"https:\/\/berry-lights.lt\/prekes\/"},{"@type":"ListItem","position":3,"name":"Pakabukai","item":"https:\/\/berry-lights.lt\/produkto-kategorija\/pakabukai\/"},{"@type":"ListItem","position":4,"name":"Pakabukas katinas pilkais karoliais"}]},{"@type":"WebSite","@id":"https:\/\/berry-lights.lt\/#website","url":"https:\/\/berry-lights.lt\/","name":"Berry Lights","description":"","publisher":{"@id":"https:\/\/berry-lights.lt\/#organization"},"potentialAction":[{"@type":"SearchAction","target":{"@type":"EntryPoint","urlTemplate":"https:\/\/berry-lights.lt\/?s={search_term_string}"},"query-input":"required name=search_term_string"}],"inLanguage":"en-US"},{"@type":"Organization","@id":"https:\/\/berry-lights.lt\/#organization","name":"Kodilas, MB","url":"https:\/\/berry-lights.lt\/","logo":{"@type":"ImageObject","inLanguage":"en-US","@id":"https:\/\/berry-lights.lt\/#\/schema\/logo\/image\/","url":"https:\/\/berry-lights.lt\/wp-content\/uploads\/2023\/05\/BERRYLIGHTS_LOGO_LAST.svg","contentUrl":"https:\/\/berry-lights.lt\/wp-content\/uploads\/2023\/05\/BERRYLIGHTS_LOGO_LAST.svg","width":448,"height":67,"caption":"Kodilas, MB"},"image":{"@id":"https:\/\/berry-lights.lt\/#\/schema\/logo\/image\/"},"sameAs":["https:\/\/www.facebook.com\/berry-lights.lt\/","https:\/\/www.instagram.com\/berry-lights.lt\/"]}]},"product_price_amount":"19.00","product_price_currency":"EUR","og_availability":"instock","product_availability":"instock","product_condition":"new"},"_links":{"self":[{"href":"https:\/\/berry-lights.lt\/en\/wp-json\/wp\/v2\/product\/10685"}],"collection":[{"href":"https:\/\/berry-lights.lt\/en\/wp-json\/wp\/v2\/product"}],"about":[{"href":"https:\/\/berry-lights.lt\/en\/wp-json\/wp\/v2\/types\/product"}],"wp:featuredmedia":[{"embeddable":true,"href":"https:\/\/berry-lights.lt\/en\/wp-json\/wp\/v2\/media\/10686"}],"wp:attachment":[{"href":"https:\/\/berry-lights.lt\/en\/wp-json\/wp\/v2\/media?parent=10685"}],"wp:term":[{"taxonomy":"product_cat","embeddable":true,"href":"https:\/\/berry-lights.lt\/en\/wp-json\/wp\/v2\/product_cat?post=10685"},{"taxonomy":"product_tag","embeddable":true,"href":"https:\/\/berry-lights.lt\/en\/wp-json\/wp\/v2\/product_tag?post=10685"}],"curies":[{"name":"wp","href":"https:\/\/api.w.org\/{rel}","templated":true}]}}