{"id":10472,"date":"2023-08-17T12:14:54","date_gmt":"2023-08-17T14:14:54","guid":{"rendered":"https:\/\/berry-lights.lt\/?post_type=product&#038;p=10472"},"modified":"2023-08-17T12:45:45","modified_gmt":"2023-08-17T14:45:45","slug":"agato-apyranke-juoda","status":"publish","type":"product","link":"https:\/\/berry-lights.lt\/en\/prekes\/agato-apyranke-juoda\/","title":{"rendered":"Agate bracelet (black)"},"content":{"rendered":"","protected":false},"excerpt":{"rendered":"<p><strong><em>Berry Lights<\/em><\/strong> bracelets made of patterned black agate stones. Agate stone (crystal) is a crystal of luck, happiness, love, balance and healer of spiritual wounds.<\/p>\n<p>Harmony, helping to balance the physical body and emotions. Improves stamina, increases insight, memory, concentration, symbol of strength and resilience.<\/p>\n<p>Agate can be used to boost your physical and psychological health, as well as to reduce unpleasant symptoms such as stress or anxiety.<\/p>\n<p>Stone bead size - 10 mm<\/p>\n<p><em>Share where the Berry lights jewellery has taken up residence - send photos\u00a0<a href=\"mailto:info@berry-lights.lt\" target=\"_blank\" rel=\"noopener\">info@berry-lights.lt<\/a>\u00a0or lift directly onto\u00a0<a href=\"https:\/\/www.facebook.com\/berry-lights.lt\" target=\"_blank\" rel=\"noopener\">FB<\/a>\u00a0Walls !\u00a0<span id=\"react-root\"><span data-reactid=\".0.1.0.0:0.1.1.2\"><span data-reactid=\".0.1.0.0:0.1.1.2.0\">\u2661<\/span><\/span><\/span><\/em><\/p>","protected":false},"featured_media":10483,"template":"","meta":[],"product_cat":[62],"product_tag":[],"acf":[],"yoast_head":"<!-- This site is optimized with the Yoast SEO Premium plugin v20.8 (Yoast SEO v20.9) - https:\/\/yoast.com\/wordpress\/plugins\/seo\/ -->\n<title>Agato apyrank\u0117 (juoda) - Berry Lights<\/title>\n<meta name=\"robots\" content=\"index, follow, max-snippet:-1, max-image-preview:large, max-video-preview:-1\" \/>\n<link rel=\"canonical\" href=\"https:\/\/berry-lights.lt\/en\/prekes\/agato-apyranke-juoda\/\" \/>\n<meta property=\"og:locale\" content=\"en_US\" \/>\n<meta property=\"og:type\" content=\"article\" \/>\n<meta property=\"og:title\" content=\"Agato apyrank\u0117 (juoda)\" \/>\n<meta property=\"og:description\" content=\"Berry Lights apyrank\u0117s i\u0161 ra\u0161tuoto juodo agato akmen\u0173. Agato akmuo (kristalas) - s\u0117km\u0117s, laim\u0117s, meil\u0117s, pusiausvyros kristalas bei dvasini\u0173 \u017eaizd\u0173 gydytojas.  Harmonija, padeda subalansuoti fizin\u012f k\u016bn\u0105 ir emocijas. Gerina i\u0161tvermingum\u0105, didina \u012f\u017evalg\u0105, atmint\u012f, koncentracij\u0105, stiprumo ir atsparumo simbolis.  Agatas gali b\u016bti naudojamas norint padidinti savo fizin\u0119 ir psichologin\u0119 sveikat\u0105, o tai pat norint suma\u017einti nemalonius simptomus, tokius kaip stresas arba nerimas.  Akmens karoliuko dydis - 10 mm  Pasidalinkite, kur apsigyveno Berry lights papuo\u0161alas\u00a0\u2013 si\u0173skite nuotraukas\u00a0info@berry-lights.lt\u00a0arba kelkite tiesiai ant\u00a0FB\u00a0sienos !\u00a0\u2661\" \/>\n<meta property=\"og:url\" content=\"https:\/\/berry-lights.lt\/en\/prekes\/agato-apyranke-juoda\/\" \/>\n<meta property=\"og:site_name\" content=\"Berry Lights\" \/>\n<meta property=\"article:publisher\" content=\"https:\/\/www.facebook.com\/berry-lights.lt\/\" \/>\n<meta property=\"article:modified_time\" content=\"2023-08-17T14:45:45+00:00\" \/>\n<meta property=\"og:image\" content=\"http:\/\/berry-lights.lt\/wp-content\/uploads\/2023\/08\/Berrylights-apyranke-agatas-juodas-1024x1024.png\" \/>\n\t<meta property=\"og:image:width\" content=\"1024\" \/>\n\t<meta property=\"og:image:height\" content=\"1024\" \/>\n\t<meta property=\"og:image:type\" content=\"image\/png\" \/>\n<meta name=\"twitter:card\" content=\"summary_large_image\" \/>\n<meta name=\"twitter:label1\" content=\"Availability\" \/>\n\t<meta name=\"twitter:data1\" content=\"In stock\" \/>\n<script type=\"application\/ld+json\" class=\"yoast-schema-graph\">{\"@context\":\"https:\/\/schema.org\",\"@graph\":[{\"@type\":\"WebPage\",\"@id\":\"https:\/\/berry-lights.lt\/prekes\/agato-apyranke-juoda\/\",\"url\":\"https:\/\/berry-lights.lt\/prekes\/agato-apyranke-juoda\/\",\"name\":\"Agato apyrank\u0117 (juoda) - Berry Lights\",\"isPartOf\":{\"@id\":\"https:\/\/berry-lights.lt\/#website\"},\"datePublished\":\"2023-08-17T14:14:54+00:00\",\"dateModified\":\"2023-08-17T14:45:45+00:00\",\"breadcrumb\":{\"@id\":\"https:\/\/berry-lights.lt\/prekes\/agato-apyranke-juoda\/#breadcrumb\"},\"inLanguage\":\"en-US\",\"potentialAction\":[{\"@type\":\"ReadAction\",\"target\":[\"https:\/\/berry-lights.lt\/prekes\/agato-apyranke-juoda\/\"]}]},{\"@type\":\"BreadcrumbList\",\"@id\":\"https:\/\/berry-lights.lt\/prekes\/agato-apyranke-juoda\/#breadcrumb\",\"itemListElement\":[{\"@type\":\"ListItem\",\"position\":1,\"name\":\"Pagrindinis\",\"item\":\"https:\/\/berry-lights.lt\/\"},{\"@type\":\"ListItem\",\"position\":2,\"name\":\"Prek\u0117s\",\"item\":\"https:\/\/berry-lights.lt\/prekes\/\"},{\"@type\":\"ListItem\",\"position\":3,\"name\":\"Apyrank\u0117s\",\"item\":\"https:\/\/berry-lights.lt\/produkto-kategorija\/apyrankes\/\"},{\"@type\":\"ListItem\",\"position\":4,\"name\":\"Nat\u016brali\u0173 akmen\u0173 apyrank\u0117s\",\"item\":\"https:\/\/berry-lights.lt\/produkto-kategorija\/apyrankes\/naturaliu-akmenu-apyrankes\/\"},{\"@type\":\"ListItem\",\"position\":5,\"name\":\"Agato apyrank\u0117 (juoda)\"}]},{\"@type\":\"WebSite\",\"@id\":\"https:\/\/berry-lights.lt\/#website\",\"url\":\"https:\/\/berry-lights.lt\/\",\"name\":\"Berry Lights\",\"description\":\"\",\"publisher\":{\"@id\":\"https:\/\/berry-lights.lt\/#organization\"},\"potentialAction\":[{\"@type\":\"SearchAction\",\"target\":{\"@type\":\"EntryPoint\",\"urlTemplate\":\"https:\/\/berry-lights.lt\/?s={search_term_string}\"},\"query-input\":\"required name=search_term_string\"}],\"inLanguage\":\"en-US\"},{\"@type\":\"Organization\",\"@id\":\"https:\/\/berry-lights.lt\/#organization\",\"name\":\"Kodilas, MB\",\"url\":\"https:\/\/berry-lights.lt\/\",\"logo\":{\"@type\":\"ImageObject\",\"inLanguage\":\"en-US\",\"@id\":\"https:\/\/berry-lights.lt\/#\/schema\/logo\/image\/\",\"url\":\"https:\/\/berry-lights.lt\/wp-content\/uploads\/2023\/05\/BERRYLIGHTS_LOGO_LAST.svg\",\"contentUrl\":\"https:\/\/berry-lights.lt\/wp-content\/uploads\/2023\/05\/BERRYLIGHTS_LOGO_LAST.svg\",\"width\":448,\"height\":67,\"caption\":\"Kodilas, MB\"},\"image\":{\"@id\":\"https:\/\/berry-lights.lt\/#\/schema\/logo\/image\/\"},\"sameAs\":[\"https:\/\/www.facebook.com\/berry-lights.lt\/\",\"https:\/\/www.instagram.com\/berry-lights.lt\/\"]}]}<\/script>\n<meta property=\"og:availability\" content=\"instock\" \/>\n<meta property=\"product:availability\" content=\"instock\" \/>\n<meta property=\"product:condition\" content=\"new\" \/>\n<!-- \/ Yoast SEO Premium plugin. -->","yoast_head_json":{"title":"Agato apyrank\u0117 (juoda) - Berry Lights","robots":{"index":"index","follow":"follow","max-snippet":"max-snippet:-1","max-image-preview":"max-image-preview:large","max-video-preview":"max-video-preview:-1"},"canonical":"https:\/\/berry-lights.lt\/en\/prekes\/agato-apyranke-juoda\/","og_locale":"en_US","og_type":"article","og_title":"Agato apyrank\u0117 (juoda)","og_description":"Berry Lights apyrank\u0117s i\u0161 ra\u0161tuoto juodo agato akmen\u0173. Agato akmuo (kristalas) - s\u0117km\u0117s, laim\u0117s, meil\u0117s, pusiausvyros kristalas bei dvasini\u0173 \u017eaizd\u0173 gydytojas.  Harmonija, padeda subalansuoti fizin\u012f k\u016bn\u0105 ir emocijas. Gerina i\u0161tvermingum\u0105, didina \u012f\u017evalg\u0105, atmint\u012f, koncentracij\u0105, stiprumo ir atsparumo simbolis.  Agatas gali b\u016bti naudojamas norint padidinti savo fizin\u0119 ir psichologin\u0119 sveikat\u0105, o tai pat norint suma\u017einti nemalonius simptomus, tokius kaip stresas arba nerimas.  Akmens karoliuko dydis - 10 mm  Pasidalinkite, kur apsigyveno Berry lights papuo\u0161alas\u00a0\u2013 si\u0173skite nuotraukas\u00a0info@berry-lights.lt\u00a0arba kelkite tiesiai ant\u00a0FB\u00a0sienos !\u00a0\u2661","og_url":"https:\/\/berry-lights.lt\/en\/prekes\/agato-apyranke-juoda\/","og_site_name":"Berry Lights","article_publisher":"https:\/\/www.facebook.com\/berry-lights.lt\/","article_modified_time":"2023-08-17T14:45:45+00:00","og_image":[{"width":1024,"height":1024,"url":"http:\/\/berry-lights.lt\/wp-content\/uploads\/2023\/08\/Berrylights-apyranke-agatas-juodas-1024x1024.png","type":"image\/png"}],"twitter_card":"summary_large_image","twitter_misc":{"Availability":"In stock"},"schema":{"@context":"https:\/\/schema.org","@graph":[{"@type":"WebPage","@id":"https:\/\/berry-lights.lt\/prekes\/agato-apyranke-juoda\/","url":"https:\/\/berry-lights.lt\/prekes\/agato-apyranke-juoda\/","name":"Agato apyrank\u0117 (juoda) - Berry Lights","isPartOf":{"@id":"https:\/\/berry-lights.lt\/#website"},"datePublished":"2023-08-17T14:14:54+00:00","dateModified":"2023-08-17T14:45:45+00:00","breadcrumb":{"@id":"https:\/\/berry-lights.lt\/prekes\/agato-apyranke-juoda\/#breadcrumb"},"inLanguage":"en-US","potentialAction":[{"@type":"ReadAction","target":["https:\/\/berry-lights.lt\/prekes\/agato-apyranke-juoda\/"]}]},{"@type":"BreadcrumbList","@id":"https:\/\/berry-lights.lt\/prekes\/agato-apyranke-juoda\/#breadcrumb","itemListElement":[{"@type":"ListItem","position":1,"name":"Pagrindinis","item":"https:\/\/berry-lights.lt\/"},{"@type":"ListItem","position":2,"name":"Prek\u0117s","item":"https:\/\/berry-lights.lt\/prekes\/"},{"@type":"ListItem","position":3,"name":"Apyrank\u0117s","item":"https:\/\/berry-lights.lt\/produkto-kategorija\/apyrankes\/"},{"@type":"ListItem","position":4,"name":"Nat\u016brali\u0173 akmen\u0173 apyrank\u0117s","item":"https:\/\/berry-lights.lt\/produkto-kategorija\/apyrankes\/naturaliu-akmenu-apyrankes\/"},{"@type":"ListItem","position":5,"name":"Agato apyrank\u0117 (juoda)"}]},{"@type":"WebSite","@id":"https:\/\/berry-lights.lt\/#website","url":"https:\/\/berry-lights.lt\/","name":"Berry Lights","description":"","publisher":{"@id":"https:\/\/berry-lights.lt\/#organization"},"potentialAction":[{"@type":"SearchAction","target":{"@type":"EntryPoint","urlTemplate":"https:\/\/berry-lights.lt\/?s={search_term_string}"},"query-input":"required name=search_term_string"}],"inLanguage":"en-US"},{"@type":"Organization","@id":"https:\/\/berry-lights.lt\/#organization","name":"Kodilas, MB","url":"https:\/\/berry-lights.lt\/","logo":{"@type":"ImageObject","inLanguage":"en-US","@id":"https:\/\/berry-lights.lt\/#\/schema\/logo\/image\/","url":"https:\/\/berry-lights.lt\/wp-content\/uploads\/2023\/05\/BERRYLIGHTS_LOGO_LAST.svg","contentUrl":"https:\/\/berry-lights.lt\/wp-content\/uploads\/2023\/05\/BERRYLIGHTS_LOGO_LAST.svg","width":448,"height":67,"caption":"Kodilas, MB"},"image":{"@id":"https:\/\/berry-lights.lt\/#\/schema\/logo\/image\/"},"sameAs":["https:\/\/www.facebook.com\/berry-lights.lt\/","https:\/\/www.instagram.com\/berry-lights.lt\/"]}]},"og_availability":"instock","product_availability":"instock","product_condition":"new"},"_links":{"self":[{"href":"https:\/\/berry-lights.lt\/en\/wp-json\/wp\/v2\/product\/10472"}],"collection":[{"href":"https:\/\/berry-lights.lt\/en\/wp-json\/wp\/v2\/product"}],"about":[{"href":"https:\/\/berry-lights.lt\/en\/wp-json\/wp\/v2\/types\/product"}],"wp:featuredmedia":[{"embeddable":true,"href":"https:\/\/berry-lights.lt\/en\/wp-json\/wp\/v2\/media\/10483"}],"wp:attachment":[{"href":"https:\/\/berry-lights.lt\/en\/wp-json\/wp\/v2\/media?parent=10472"}],"wp:term":[{"taxonomy":"product_cat","embeddable":true,"href":"https:\/\/berry-lights.lt\/en\/wp-json\/wp\/v2\/product_cat?post=10472"},{"taxonomy":"product_tag","embeddable":true,"href":"https:\/\/berry-lights.lt\/en\/wp-json\/wp\/v2\/product_tag?post=10472"}],"curies":[{"name":"wp","href":"https:\/\/api.w.org\/{rel}","templated":true}]}}